{"id":358,"date":"2024-10-29T16:14:24","date_gmt":"2024-10-29T19:14:24","guid":{"rendered":"https:\/\/san.uri.br\/tecnouri\/?page_id=358"},"modified":"2024-11-13T16:22:41","modified_gmt":"2024-11-13T19:22:41","slug":"parte-v-guia-de-programacao","status":"publish","type":"page","link":"https:\/\/san.uri.br\/tecnouri\/index.php\/parte-v-guia-de-programacao\/","title":{"rendered":"PARTE V \u2013 Guia de Programa\u00e7\u00e3o"},"content":{"rendered":"\n<p class=\"justificado\">Na Parte V do curso, os alunos ter\u00e3o acesso a um guia de programa\u00e7\u00e3o, que serve como um manual detalhado em formato textual. Esse material apresenta c\u00f3digos comentados, facilitando a compreens\u00e3o dos conceitos e das fun\u00e7\u00f5es de cada parte do c\u00f3digo. Ao final desta parte, os participantes estar\u00e3o mais confiantes em suas capacidades de programar rob\u00f4s, integrando teoria e pr\u00e1tica com o suporte deste recurso valioso.<\/p>\n\n\n\n<div class=\"wp-block-image\"><figure class=\"aligncenter size-full\"><a href=\"https:\/\/san.uri.br\/tecnouri\/wp-content\/uploads\/2024\/11\/Guia-Programacao-do-robo.pdf\"><img loading=\"lazy\" width=\"232\" height=\"232\" src=\"https:\/\/san.uri.br\/tecnouri\/wp-content\/uploads\/2024\/11\/guia_programacao_ok.png\" alt=\"\" class=\"wp-image-378\" srcset=\"https:\/\/san.uri.br\/tecnouri\/wp-content\/uploads\/2024\/11\/guia_programacao_ok.png 232w, https:\/\/san.uri.br\/tecnouri\/wp-content\/uploads\/2024\/11\/guia_programacao_ok-150x150.png 150w\" sizes=\"(max-width: 232px) 100vw, 232px\" \/><\/a><\/figure><\/div>\n","protected":false},"excerpt":{"rendered":"<p>Na Parte V do curso, os alunos ter\u00e3o acesso a um guia de programa\u00e7\u00e3o, que serve como um manual detalhado em formato textual. Esse material apresenta c\u00f3digos comentados, facilitando a compreens\u00e3o dos conceitos e das fun\u00e7\u00f5es de cada parte do c\u00f3digo. Ao final desta parte, os participantes estar\u00e3o mais confiantes em suas capacidades de programar rob\u00f4s, integrando teoria e pr\u00e1tica&hellip;<\/p>\n","protected":false},"author":1,"featured_media":0,"parent":0,"menu_order":0,"comment_status":"closed","ping_status":"closed","template":"","meta":[],"_links":{"self":[{"href":"https:\/\/san.uri.br\/tecnouri\/index.php\/wp-json\/wp\/v2\/pages\/358"}],"collection":[{"href":"https:\/\/san.uri.br\/tecnouri\/index.php\/wp-json\/wp\/v2\/pages"}],"about":[{"href":"https:\/\/san.uri.br\/tecnouri\/index.php\/wp-json\/wp\/v2\/types\/page"}],"author":[{"embeddable":true,"href":"https:\/\/san.uri.br\/tecnouri\/index.php\/wp-json\/wp\/v2\/users\/1"}],"replies":[{"embeddable":true,"href":"https:\/\/san.uri.br\/tecnouri\/index.php\/wp-json\/wp\/v2\/comments?post=358"}],"version-history":[{"count":5,"href":"https:\/\/san.uri.br\/tecnouri\/index.php\/wp-json\/wp\/v2\/pages\/358\/revisions"}],"predecessor-version":[{"id":380,"href":"https:\/\/san.uri.br\/tecnouri\/index.php\/wp-json\/wp\/v2\/pages\/358\/revisions\/380"}],"wp:attachment":[{"href":"https:\/\/san.uri.br\/tecnouri\/index.php\/wp-json\/wp\/v2\/media?parent=358"}],"curies":[{"name":"wp","href":"https:\/\/api.w.org\/{rel}","templated":true}]}}