{"id":351,"date":"2024-10-29T16:08:26","date_gmt":"2024-10-29T19:08:26","guid":{"rendered":"https:\/\/san.uri.br\/tecnouri\/?page_id=351"},"modified":"2024-11-13T15:41:59","modified_gmt":"2024-11-13T18:41:59","slug":"parte-iv-programacao-dos-robos","status":"publish","type":"page","link":"https:\/\/san.uri.br\/tecnouri\/index.php\/parte-iv-programacao-dos-robos\/","title":{"rendered":"PARTE IV \u2013 Programa\u00e7\u00e3o dos Rob\u00f4s"},"content":{"rendered":"\n<p class=\"justificado\">Na Parte IV do curso, s\u00e3o abordados conceitos introdut\u00f3rios de l\u00f3gica de programa\u00e7\u00e3o, essenciais para a compreens\u00e3o dos princ\u00edpios que regem a programa\u00e7\u00e3o de rob\u00f4s. Os participantes aprender\u00e3o sobre estruturas b\u00e1sicas de controle, como condicionais e loops, al\u00e9m de explorar c\u00f3digos pr\u00e1ticos que podem ser aplicados na programa\u00e7\u00e3o dos rob\u00f4s. Esse conhecimento \u00e9 fundamental, permitindo que os alunos integrem a l\u00f3gica de programa\u00e7\u00e3o com a constru\u00e7\u00e3o pr\u00e1tica, desenvolvendo suas habilidades de forma<br>completa.<\/p>\n\n\n\n<ul><li>V\u00eddeo 1  <\/li><\/ul>\n\n\n\n<iframe loading=\"lazy\" width=\"640\" height=\"480\" src=\"https:\/\/www.youtube.com\/embed\/Y7aiuHPwp4M?si=7CHZfUp1OPyFgEyH\" title=\"YouTube video player\" frameborder=\"0\" allow=\"accelerometer; autoplay; clipboard-write; encrypted-media; gyroscope; picture-in-picture; web-share\" referrerpolicy=\"strict-origin-when-cross-origin\" allowfullscreen=\"\"><\/iframe>\n\n\n\n<ul><li>V\u00eddeo 2<\/li><\/ul>\n\n\n\n<!-- <iframe loading=\"lazy\" src=\"https:\/\/drive.google.com\/file\/d\/1Eq8TBncGPGEBx4YFaT1-WgKj47VNdTCW\/preview\" width=\"640\" height=\"480\" allow=\"autoplay\"><\/iframe> -->\n\n<iframe loading=\"lazy\" width=\"640\" height=\"480\" src=\"https:\/\/www.youtube.com\/embed\/k9FgSgKUfms?si=q4eSK-jcI5vFPfBT\" title=\"YouTube video player\" frameborder=\"0\" allow=\"accelerometer; autoplay; clipboard-write; encrypted-media; gyroscope; picture-in-picture; web-share\" referrerpolicy=\"strict-origin-when-cross-origin\" allowfullscreen=\"\"><\/iframe>\n\n\n\n<ul><li>V\u00eddeo 3<\/li><\/ul>\n\n\n\n<iframe loading=\"lazy\" width=\"640\" height=\"480\" src=\"https:\/\/www.youtube.com\/embed\/s_IfWjCc4M8?si=4NcmNbecNRkpalj0\" title=\"YouTube video player\" frameborder=\"0\" allow=\"accelerometer; autoplay; clipboard-write; encrypted-media; gyroscope; picture-in-picture; web-share\" referrerpolicy=\"strict-origin-when-cross-origin\" allowfullscreen=\"\"><\/iframe>\n\n\n\n<ul><li>V\u00eddeo 4<\/li><\/ul>\n\n\n\n<iframe loading=\"lazy\" width=\"640\" height=\"480\" src=\"https:\/\/www.youtube.com\/embed\/gl-hu6orN1c?si=2u2o2GbMU347QSmj\" title=\"YouTube video player\" frameborder=\"0\" allow=\"accelerometer; autoplay; clipboard-write; encrypted-media; gyroscope; picture-in-picture; web-share\" referrerpolicy=\"strict-origin-when-cross-origin\" allowfullscreen=\"\"><\/iframe>\n\n\n\n<ul><li>V\u00eddeo 5<\/li><\/ul>\n\n\n\n<iframe loading=\"lazy\" width=\"640\" height=\"480\" src=\"https:\/\/www.youtube.com\/embed\/3vHbHPsgr8E?si=_SztM-m8RxdDUuMY\" title=\"YouTube video player\" frameborder=\"0\" allow=\"accelerometer; autoplay; clipboard-write; encrypted-media; gyroscope; picture-in-picture; web-share\" referrerpolicy=\"strict-origin-when-cross-origin\" allowfullscreen=\"\"><\/iframe>\n\n\n\n<ul><li>V\u00eddeo 6 &#8211; Parte1<\/li><\/ul>\n\n\n\n<iframe loading=\"lazy\" width=\"640\" height=\"480\" src=\"https:\/\/www.youtube.com\/embed\/yu0CfBw9UBc?si=E2cE5cw3F1jb-vXD\" title=\"YouTube video player\" frameborder=\"0\" allow=\"accelerometer; autoplay; clipboard-write; encrypted-media; gyroscope; picture-in-picture; web-share\" referrerpolicy=\"strict-origin-when-cross-origin\" allowfullscreen=\"\"><\/iframe>\n\n\n\n<ul><li>V\u00eddeo 6 &#8211; Parte 2<\/li><\/ul>\n\n\n\n<iframe loading=\"lazy\" width=\"640\" height=\"480\" src=\"https:\/\/www.youtube.com\/embed\/cPKt4eW3FPs?si=5Sw4TkAfPqeXkimZ\" title=\"YouTube video player\" frameborder=\"0\" allow=\"accelerometer; autoplay; clipboard-write; encrypted-media; gyroscope; picture-in-picture; web-share\" referrerpolicy=\"strict-origin-when-cross-origin\" allowfullscreen=\"\"><\/iframe>\n\n\n\n<ul><li>V\u00eddeo 7<\/li><\/ul>\n\n\n\n<iframe loading=\"lazy\" width=\"640\" height=\"480\" src=\"https:\/\/www.youtube.com\/embed\/GEXFPiyHWco?si=YNKBJiz14CGHRnap\" title=\"YouTube video player\" frameborder=\"0\" allow=\"accelerometer; autoplay; clipboard-write; encrypted-media; gyroscope; picture-in-picture; web-share\" referrerpolicy=\"strict-origin-when-cross-origin\" allowfullscreen=\"\"><\/iframe>\n\n\n\n<ul><li>V\u00eddeo 8<\/li><\/ul>\n\n\n\n<iframe loading=\"lazy\" width=\"640\" height=\"480\" src=\"https:\/\/www.youtube.com\/embed\/xAqfDmMQmdM?si=OPfDa_Sirc8rslxk\" title=\"YouTube video player\" frameborder=\"0\" allow=\"accelerometer; autoplay; clipboard-write; encrypted-media; gyroscope; picture-in-picture; web-share\" referrerpolicy=\"strict-origin-when-cross-origin\" allowfullscreen=\"\"><\/iframe>\n\n\n\n<p><\/p>\n","protected":false},"excerpt":{"rendered":"<p>Na Parte IV do curso, s\u00e3o abordados conceitos introdut\u00f3rios de l\u00f3gica de programa\u00e7\u00e3o, essenciais para a compreens\u00e3o dos princ\u00edpios que regem a programa\u00e7\u00e3o de rob\u00f4s. Os participantes aprender\u00e3o sobre estruturas b\u00e1sicas de controle, como condicionais e loops, al\u00e9m de explorar c\u00f3digos pr\u00e1ticos que podem ser aplicados na programa\u00e7\u00e3o dos rob\u00f4s. Esse conhecimento \u00e9 fundamental, permitindo que os alunos integrem a&hellip;<\/p>\n","protected":false},"author":1,"featured_media":0,"parent":0,"menu_order":0,"comment_status":"closed","ping_status":"closed","template":"","meta":[],"_links":{"self":[{"href":"https:\/\/san.uri.br\/tecnouri\/index.php\/wp-json\/wp\/v2\/pages\/351"}],"collection":[{"href":"https:\/\/san.uri.br\/tecnouri\/index.php\/wp-json\/wp\/v2\/pages"}],"about":[{"href":"https:\/\/san.uri.br\/tecnouri\/index.php\/wp-json\/wp\/v2\/types\/page"}],"author":[{"embeddable":true,"href":"https:\/\/san.uri.br\/tecnouri\/index.php\/wp-json\/wp\/v2\/users\/1"}],"replies":[{"embeddable":true,"href":"https:\/\/san.uri.br\/tecnouri\/index.php\/wp-json\/wp\/v2\/comments?post=351"}],"version-history":[{"count":10,"href":"https:\/\/san.uri.br\/tecnouri\/index.php\/wp-json\/wp\/v2\/pages\/351\/revisions"}],"predecessor-version":[{"id":375,"href":"https:\/\/san.uri.br\/tecnouri\/index.php\/wp-json\/wp\/v2\/pages\/351\/revisions\/375"}],"wp:attachment":[{"href":"https:\/\/san.uri.br\/tecnouri\/index.php\/wp-json\/wp\/v2\/media?parent=351"}],"curies":[{"name":"wp","href":"https:\/\/api.w.org\/{rel}","templated":true}]}}