{"id":292,"date":"2024-09-16T15:09:44","date_gmt":"2024-09-16T18:09:44","guid":{"rendered":"https:\/\/san.uri.br\/tecnouri\/?page_id=292"},"modified":"2024-10-29T16:01:18","modified_gmt":"2024-10-29T19:01:18","slug":"parte-iii-guia-de-montagem","status":"publish","type":"page","link":"https:\/\/san.uri.br\/tecnouri\/index.php\/parte-iii-guia-de-montagem\/","title":{"rendered":"PARTE III \u2013 Guia de Montagem"},"content":{"rendered":"\n<figure class=\"wp-block-image size-large is-resized\"><img loading=\"lazy\" src=\"https:\/\/san.uri.br\/tecnouri\/wp-content\/uploads\/2024\/09\/ESP_MAKER-HORIZONTAL-1024x165.png\" alt=\"\" class=\"wp-image-322\" width=\"256\" height=\"41\" srcset=\"https:\/\/san.uri.br\/tecnouri\/wp-content\/uploads\/2024\/09\/ESP_MAKER-HORIZONTAL-1024x165.png 1024w, https:\/\/san.uri.br\/tecnouri\/wp-content\/uploads\/2024\/09\/ESP_MAKER-HORIZONTAL-300x48.png 300w, https:\/\/san.uri.br\/tecnouri\/wp-content\/uploads\/2024\/09\/ESP_MAKER-HORIZONTAL-768x124.png 768w, https:\/\/san.uri.br\/tecnouri\/wp-content\/uploads\/2024\/09\/ESP_MAKER-HORIZONTAL-1536x247.png 1536w, https:\/\/san.uri.br\/tecnouri\/wp-content\/uploads\/2024\/09\/ESP_MAKER-HORIZONTAL-2048x330.png 2048w, https:\/\/san.uri.br\/tecnouri\/wp-content\/uploads\/2024\/09\/ESP_MAKER-HORIZONTAL-800x129.png 800w\" sizes=\"(max-width: 256px) 100vw, 256px\" \/><\/figure>\n\n\n\n<p class=\"justificado\">Na <strong>Parte III <\/strong>do curso, os alunos ter\u00e3o acesso a um<strong> guia de montagem do rob\u00f4<\/strong>, que serve como um <strong>manual detalhado<\/strong> em formato textual. Esse material apresenta uma descri\u00e7\u00e3o completa de <strong>cada componente do kit de rob\u00f3tica<\/strong>, explicando sua fun\u00e7\u00e3o e como utiliz\u00e1-lo corretamente. Al\u00e9m disso, o guia oferece<strong> instru\u00e7\u00f5es passo a passo<\/strong> para a montagem do rob\u00f4, facilitando o entendimento do processo de constru\u00e7\u00e3o. Esse recurso complementar ao conte\u00fado em v\u00eddeo proporciona uma refer\u00eancia pr\u00e1tica e acess\u00edvel, permitindo que os alunos consultem as informa\u00e7\u00f5es necess\u00e1rias durante todo o processo de montagem.<\/p>\n\n\n\n<div class=\"wp-block-image\"><figure class=\"aligncenter size-full\"><a href=\"https:\/\/san.uri.br\/tecnouri\/wp-content\/uploads\/2024\/10\/Guia_atualizado29102024.pdf\"><img loading=\"lazy\" width=\"232\" height=\"232\" src=\"https:\/\/san.uri.br\/tecnouri\/wp-content\/uploads\/2024\/09\/guia_para_montagem.png\" alt=\"\" class=\"wp-image-325\" srcset=\"https:\/\/san.uri.br\/tecnouri\/wp-content\/uploads\/2024\/09\/guia_para_montagem.png 232w, https:\/\/san.uri.br\/tecnouri\/wp-content\/uploads\/2024\/09\/guia_para_montagem-150x150.png 150w\" sizes=\"(max-width: 232px) 100vw, 232px\" \/><\/a><figcaption>Guia para montagem<\/figcaption><\/figure><\/div>\n","protected":false},"excerpt":{"rendered":"<p>Na Parte III do curso, os alunos ter\u00e3o acesso a um guia de montagem do rob\u00f4, que serve como um manual detalhado em formato textual. Esse material apresenta uma descri\u00e7\u00e3o completa de cada componente do kit de rob\u00f3tica, explicando sua fun\u00e7\u00e3o e como utiliz\u00e1-lo corretamente. Al\u00e9m disso, o guia oferece instru\u00e7\u00f5es passo a passo para a montagem do rob\u00f4, facilitando&hellip;<\/p>\n","protected":false},"author":1,"featured_media":0,"parent":0,"menu_order":0,"comment_status":"closed","ping_status":"closed","template":"","meta":[],"_links":{"self":[{"href":"https:\/\/san.uri.br\/tecnouri\/index.php\/wp-json\/wp\/v2\/pages\/292"}],"collection":[{"href":"https:\/\/san.uri.br\/tecnouri\/index.php\/wp-json\/wp\/v2\/pages"}],"about":[{"href":"https:\/\/san.uri.br\/tecnouri\/index.php\/wp-json\/wp\/v2\/types\/page"}],"author":[{"embeddable":true,"href":"https:\/\/san.uri.br\/tecnouri\/index.php\/wp-json\/wp\/v2\/users\/1"}],"replies":[{"embeddable":true,"href":"https:\/\/san.uri.br\/tecnouri\/index.php\/wp-json\/wp\/v2\/comments?post=292"}],"version-history":[{"count":9,"href":"https:\/\/san.uri.br\/tecnouri\/index.php\/wp-json\/wp\/v2\/pages\/292\/revisions"}],"predecessor-version":[{"id":350,"href":"https:\/\/san.uri.br\/tecnouri\/index.php\/wp-json\/wp\/v2\/pages\/292\/revisions\/350"}],"wp:attachment":[{"href":"https:\/\/san.uri.br\/tecnouri\/index.php\/wp-json\/wp\/v2\/media?parent=292"}],"curies":[{"name":"wp","href":"https:\/\/api.w.org\/{rel}","templated":true}]}}