{"id":290,"date":"2024-09-16T15:09:29","date_gmt":"2024-09-16T18:09:29","guid":{"rendered":"https:\/\/san.uri.br\/tecnouri\/?page_id=290"},"modified":"2024-09-16T16:29:32","modified_gmt":"2024-09-16T19:29:32","slug":"parte-ii-montagem-do-robo","status":"publish","type":"page","link":"https:\/\/san.uri.br\/tecnouri\/index.php\/parte-ii-montagem-do-robo\/","title":{"rendered":"PARTE II \u2013 Montagem do Rob\u00f4"},"content":{"rendered":"\n<figure class=\"wp-block-image size-large is-resized\"><img loading=\"lazy\" src=\"https:\/\/san.uri.br\/tecnouri\/wp-content\/uploads\/2024\/09\/ESP_MAKER-HORIZONTAL-1024x165.png\" alt=\"\" class=\"wp-image-322\" width=\"256\" height=\"41\" srcset=\"https:\/\/san.uri.br\/tecnouri\/wp-content\/uploads\/2024\/09\/ESP_MAKER-HORIZONTAL-1024x165.png 1024w, https:\/\/san.uri.br\/tecnouri\/wp-content\/uploads\/2024\/09\/ESP_MAKER-HORIZONTAL-300x48.png 300w, https:\/\/san.uri.br\/tecnouri\/wp-content\/uploads\/2024\/09\/ESP_MAKER-HORIZONTAL-768x124.png 768w, https:\/\/san.uri.br\/tecnouri\/wp-content\/uploads\/2024\/09\/ESP_MAKER-HORIZONTAL-1536x247.png 1536w, https:\/\/san.uri.br\/tecnouri\/wp-content\/uploads\/2024\/09\/ESP_MAKER-HORIZONTAL-2048x330.png 2048w, https:\/\/san.uri.br\/tecnouri\/wp-content\/uploads\/2024\/09\/ESP_MAKER-HORIZONTAL-800x129.png 800w\" sizes=\"(max-width: 256px) 100vw, 256px\" \/><\/figure>\n\n\n\n<p class=\"justificado\">Na Parte II do curso, os participantes ter\u00e3o acesso a v\u00eddeos explicativos que detalham o processo completo de montagem dos rob\u00f4s, guiando passo a passo desde a identifica\u00e7\u00e3o dos itens presentes nos kits at\u00e9 a integra\u00e7\u00e3o dos componentes eletr\u00f4nicos.<\/p>\n\n\n\n<p class=\"justificado\">Cada v\u00eddeo foi cuidadosamente elaborado para facilitar o aprendizado, permitindo que os alunos acompanhem o processo de forma clara e pr\u00e1tica. Al\u00e9m disso, a Parte II inclui v\u00eddeos extras, que abordam t\u00f3picos complementares e esclarecem d\u00favidas espec\u00edficas sobre os desafios mais comuns na constru\u00e7\u00e3o e configura\u00e7\u00e3o dos rob\u00f4s, garantindo uma experi\u00eancia de aprendizado mais completa.<\/p>\n\n\n\n<ul><li><strong>V\u00eddeo 1<\/strong><\/li><\/ul>\n\n\n\n<iframe loading=\"lazy\" src=\"https:\/\/drive.google.com\/file\/d\/1lxVeReme8KC7oSIJtwA7OuaJovxRgSFK\/preview\" width=\"640\" height=\"480\" allow=\"autoplay\"><\/iframe>\n\n\n\n<ul><li><strong>V\u00eddeo 2<\/strong><\/li><\/ul>\n\n\n\n<iframe loading=\"lazy\" src=\"https:\/\/drive.google.com\/file\/d\/1TrZVJF8h6wnrKDTFXX_ZtcU0FE-kTgp8\/preview\" width=\"640\" height=\"480\" allow=\"autoplay\"><\/iframe>\n\n\n\n<ul><li><strong>V\u00eddeo 3<\/strong><\/li><\/ul>\n\n\n\n<iframe loading=\"lazy\" src=\"https:\/\/drive.google.com\/file\/d\/10faqv68llWitZYBp4xCvNK_mTZjyXB4N\/preview\" width=\"640\" height=\"480\" allow=\"autoplay\"><\/iframe>\n\n\n\n<ul><li><strong>V\u00eddeo 4<\/strong><\/li><\/ul>\n\n\n\n<iframe loading=\"lazy\" src=\"https:\/\/drive.google.com\/file\/d\/1cuvoh3eV2j53MSNjn-7jtWGd2dKbF22b\/preview\" width=\"640\" height=\"480\" allow=\"autoplay\"><\/iframe>\n\n\n\n<ul><li><strong>V\u00eddeo 5<\/strong><\/li><\/ul>\n\n\n\n<iframe loading=\"lazy\" src=\"https:\/\/drive.google.com\/file\/d\/19tw-JG20k7fi2zE2A0bIVVmepwnh4GV4\/preview\" width=\"640\" height=\"480\" allow=\"autoplay\"><\/iframe>\n\n\n\n<ul><li><strong>V\u00eddeo 6<\/strong><\/li><\/ul>\n\n\n\n<iframe loading=\"lazy\" src=\"https:\/\/drive.google.com\/file\/d\/1kLZ3y-s0hl7-2o_8QgyA6neuCFl5jNfi\/preview\" width=\"640\" height=\"480\" allow=\"autoplay\"><\/iframe>\n\n\n\n<ul><li><strong>V\u00eddeo 7<\/strong><\/li><\/ul>\n\n\n\n<iframe loading=\"lazy\" src=\"https:\/\/drive.google.com\/file\/d\/1Fq98hHi8vzhJ8IpJN-nC2szW0TAjv7Ux\/preview\" width=\"640\" height=\"480\" allow=\"autoplay\"><\/iframe>\n\n\n\n<ul><li><strong>V\u00eddeo 8<\/strong><\/li><\/ul>\n\n\n\n<iframe loading=\"lazy\" src=\"https:\/\/drive.google.com\/file\/d\/12R7Mw1OiJ1OZf3Ljt4ciQhiuBcLaEtT3\/preview\" width=\"640\" height=\"480\" allow=\"autoplay\"><\/iframe>\n\n\n\n<p><strong>V\u00eddeo extra<\/strong><\/p>\n\n\n\n<iframe loading=\"lazy\" src=\"https:\/\/drive.google.com\/file\/d\/1Qs9q-JnlqO5izfHYgitMBPdT6I_N-9Ah\/preview\" width=\"640\" height=\"480\" allow=\"autoplay\"><\/iframe>\n","protected":false},"excerpt":{"rendered":"<p>Na Parte II do curso, os participantes ter\u00e3o acesso a v\u00eddeos explicativos que detalham o processo completo de montagem dos rob\u00f4s, guiando passo a passo desde a identifica\u00e7\u00e3o dos itens presentes nos kits at\u00e9 a integra\u00e7\u00e3o dos componentes eletr\u00f4nicos. Cada v\u00eddeo foi cuidadosamente elaborado para facilitar o aprendizado, permitindo que os alunos acompanhem o processo de forma clara e pr\u00e1tica.&hellip;<\/p>\n","protected":false},"author":1,"featured_media":0,"parent":0,"menu_order":0,"comment_status":"closed","ping_status":"closed","template":"","meta":[],"_links":{"self":[{"href":"https:\/\/san.uri.br\/tecnouri\/index.php\/wp-json\/wp\/v2\/pages\/290"}],"collection":[{"href":"https:\/\/san.uri.br\/tecnouri\/index.php\/wp-json\/wp\/v2\/pages"}],"about":[{"href":"https:\/\/san.uri.br\/tecnouri\/index.php\/wp-json\/wp\/v2\/types\/page"}],"author":[{"embeddable":true,"href":"https:\/\/san.uri.br\/tecnouri\/index.php\/wp-json\/wp\/v2\/users\/1"}],"replies":[{"embeddable":true,"href":"https:\/\/san.uri.br\/tecnouri\/index.php\/wp-json\/wp\/v2\/comments?post=290"}],"version-history":[{"count":14,"href":"https:\/\/san.uri.br\/tecnouri\/index.php\/wp-json\/wp\/v2\/pages\/290\/revisions"}],"predecessor-version":[{"id":341,"href":"https:\/\/san.uri.br\/tecnouri\/index.php\/wp-json\/wp\/v2\/pages\/290\/revisions\/341"}],"wp:attachment":[{"href":"https:\/\/san.uri.br\/tecnouri\/index.php\/wp-json\/wp\/v2\/media?parent=290"}],"curies":[{"name":"wp","href":"https:\/\/api.w.org\/{rel}","templated":true}]}}