{"id":279,"date":"2024-07-11T21:36:25","date_gmt":"2024-07-12T00:36:25","guid":{"rendered":"https:\/\/san.uri.br\/tecnouri\/?page_id=279"},"modified":"2024-10-29T16:16:33","modified_gmt":"2024-10-29T19:16:33","slug":"labmakerhub","status":"publish","type":"page","link":"https:\/\/san.uri.br\/tecnouri\/index.php\/labmakerhub\/","title":{"rendered":"Espa\u00e7o Maker Hub"},"content":{"rendered":"\n<figure class=\"wp-block-image size-large\"><img loading=\"lazy\" width=\"1024\" height=\"165\" src=\"https:\/\/san.uri.br\/tecnouri\/wp-content\/uploads\/2024\/09\/ESP_MAKER-HORIZONTAL-1024x165.png\" alt=\"\" class=\"wp-image-322\" srcset=\"https:\/\/san.uri.br\/tecnouri\/wp-content\/uploads\/2024\/09\/ESP_MAKER-HORIZONTAL-1024x165.png 1024w, https:\/\/san.uri.br\/tecnouri\/wp-content\/uploads\/2024\/09\/ESP_MAKER-HORIZONTAL-300x48.png 300w, https:\/\/san.uri.br\/tecnouri\/wp-content\/uploads\/2024\/09\/ESP_MAKER-HORIZONTAL-768x124.png 768w, https:\/\/san.uri.br\/tecnouri\/wp-content\/uploads\/2024\/09\/ESP_MAKER-HORIZONTAL-1536x247.png 1536w, https:\/\/san.uri.br\/tecnouri\/wp-content\/uploads\/2024\/09\/ESP_MAKER-HORIZONTAL-2048x330.png 2048w, https:\/\/san.uri.br\/tecnouri\/wp-content\/uploads\/2024\/09\/ESP_MAKER-HORIZONTAL-800x129.png 800w\" sizes=\"(max-width: 1024px) 100vw, 1024px\" \/><\/figure>\n\n\n\n<p class=\"justificado\">Este espa\u00e7o foi criado especialmente para <strong>professores e alunos<\/strong> acessarem todos os conte\u00fados relacionados \u00e0 <strong>montagem e programa\u00e7\u00e3o dos rob\u00f4s disponibilizados<\/strong>. Aqui, voc\u00ea encontrar\u00e1 uma variedade de recursos, incluindo<strong> v\u00eddeos tutoriais, guias detalhados<\/strong> e <strong>instru\u00e7\u00f5es passo a passo<\/strong> que ir\u00e3o auxiliar no processo de constru\u00e7\u00e3o e configura\u00e7\u00e3o dos rob\u00f4s. O objetivo \u00e9 proporcionar suporte completo, facilitando o aprendizado e garantindo uma experi\u00eancia pr\u00e1tica e enriquecedora para todos os envolvidos.<\/p>\n\n\n\n<p><strong>PARTE I <\/strong>&#8211; <a href=\"https:\/\/san.uri.br\/tecnouri\/index.php\/parte-i-conceitos-introdutorios\/\">Conceitos Introdut\u00f3rios<\/a> <br><strong>PARTE II <\/strong>&#8211; <a href=\"https:\/\/san.uri.br\/tecnouri\/index.php\/parte-ii-montagem-do-robo\/\">Montagem do Rob\u00f4 <\/a> <br><strong>PARTE III <\/strong>&#8211; <a href=\"https:\/\/san.uri.br\/tecnouri\/index.php\/parte-iii-guia-de-montagem\/\">Guia de Montagem<\/a><br><strong>PARTE IV<\/strong> &#8211; <a href=\"https:\/\/san.uri.br\/tecnouri\/index.php\/parte-iv-programacao-dos-robos\/\">Programa\u00e7\u00e3o dos R\u00f4bos<\/a><br><strong>PARTE V <\/strong>&#8211; <a href=\"https:\/\/san.uri.br\/tecnouri\/index.php\/parte-v-guia-de-programacao\/\">Guia de Programa\u00e7\u00e3o<\/a><br><br><\/p>\n","protected":false},"excerpt":{"rendered":"<p>Este espa\u00e7o foi criado especialmente para professores e alunos acessarem todos os conte\u00fados relacionados \u00e0 montagem e programa\u00e7\u00e3o dos rob\u00f4s disponibilizados. Aqui, voc\u00ea encontrar\u00e1 uma variedade de recursos, incluindo v\u00eddeos tutoriais, guias detalhados e instru\u00e7\u00f5es passo a passo que ir\u00e3o auxiliar no processo de constru\u00e7\u00e3o e configura\u00e7\u00e3o dos rob\u00f4s. O objetivo \u00e9 proporcionar suporte completo, facilitando o aprendizado e garantindo&hellip;<\/p>\n","protected":false},"author":1,"featured_media":0,"parent":0,"menu_order":0,"comment_status":"closed","ping_status":"closed","template":"","meta":[],"_links":{"self":[{"href":"https:\/\/san.uri.br\/tecnouri\/index.php\/wp-json\/wp\/v2\/pages\/279"}],"collection":[{"href":"https:\/\/san.uri.br\/tecnouri\/index.php\/wp-json\/wp\/v2\/pages"}],"about":[{"href":"https:\/\/san.uri.br\/tecnouri\/index.php\/wp-json\/wp\/v2\/types\/page"}],"author":[{"embeddable":true,"href":"https:\/\/san.uri.br\/tecnouri\/index.php\/wp-json\/wp\/v2\/users\/1"}],"replies":[{"embeddable":true,"href":"https:\/\/san.uri.br\/tecnouri\/index.php\/wp-json\/wp\/v2\/comments?post=279"}],"version-history":[{"count":13,"href":"https:\/\/san.uri.br\/tecnouri\/index.php\/wp-json\/wp\/v2\/pages\/279\/revisions"}],"predecessor-version":[{"id":363,"href":"https:\/\/san.uri.br\/tecnouri\/index.php\/wp-json\/wp\/v2\/pages\/279\/revisions\/363"}],"wp:attachment":[{"href":"https:\/\/san.uri.br\/tecnouri\/index.php\/wp-json\/wp\/v2\/media?parent=279"}],"curies":[{"name":"wp","href":"https:\/\/api.w.org\/{rel}","templated":true}]}}