{"id":17,"date":"2017-02-23T16:09:26","date_gmt":"2017-02-23T19:09:26","guid":{"rendered":"http:\/\/srvapp2s.santoangelo.uri.br\/sites\/tecnouri\/?page_id=17"},"modified":"2017-02-23T16:09:26","modified_gmt":"2017-02-23T19:09:26","slug":"infraestrutura","status":"publish","type":"page","link":"https:\/\/san.uri.br\/tecnouri\/index.php\/o-parque\/infraestrutura\/","title":{"rendered":"Infraestrutura"},"content":{"rendered":"<p style=\"font-weight: 400;\">O Tecnouri oferece para as empresas parceiras:<\/p>\n<p>&#8211; Espa\u00e7o f\u00edsico para instala\u00e7\u00e3o;<br \/>\n&#8211; Recep\u00e7\u00e3o;<br \/>\n&#8211; Audit\u00f3rio e Sala de Reuni\u00f5es;<br \/>\n&#8211; Vigil\u00e2ncia;<br \/>\n&#8211; Estacionamento;<br \/>\n&#8211; Laborat\u00f3rios para pesquisa;<br \/>\n&#8211; Pesquisadores nas diversas \u00e1reas do conhecimento.<\/p>\n<p>Tamb\u00e9m faz parte da estrutura do TecnoURI Miss\u00f5es:<\/p>\n<p>N\u00facleo de Inova\u00e7\u00e3o e Transfer\u00eancia de\u00a0Tecnologia \u2013 NITT, que tem como objetivo principal gerir a pol\u00edtica de inova\u00e7\u00e3o da URI, e como\u00a0miss\u00e3o a de fortalecer o relacionamento da URI, campus Santo \u00c2ngelo com a comunidade,\u00a0envolvendo a qu\u00e1drupla h\u00e9lice, para proporcionar a cria\u00e7\u00e3o de oportunidades de atividades de\u00a0pesquisa e extens\u00e3o, para difundir o desenvolvimento tecnol\u00f3gico da regi\u00e3o.<\/p>\n<p>O Conselho Regional de Desenvolvimento \u2013 COREDE Miss\u00f5es criado oficialmente pela Lei 10.283<br \/>\nde 17 de outubro de 1994, do Rio Grande do Sul, \u00e9 um f\u00f3rum de discuss\u00e3o para a promo\u00e7\u00e3o de<br \/>\npol\u00edticas e a\u00e7\u00f5es que visam o desenvolvimento regional, est\u00e1 sediado no TecnoURI Miss\u00f5es e tem<br \/>\ncomo um de seus bra\u00e7os a Consulta Popular, que desde 1998, o Rio Grande do Sul instituiu, por<br \/>\nmeio da Lei 11.179, a participa\u00e7\u00e3o popular na decis\u00e3o do direcionamento de parte dos<br \/>\ninvestimentos e servi\u00e7os que constar\u00e3o no or\u00e7amento do Estado. Anualmente, o governo do<br \/>\nEstado fixa o valor submetido \u00e0 delibera\u00e7\u00e3o da popula\u00e7\u00e3o e os COREDEs coordenam o processo<br \/>\nem conjunto com o governo.<br \/>\nOutro importante pilar do COREDE Miss\u00f5es e o Polo de Moderniza\u00e7\u00e3o Tecnol\u00f3gica das Miss\u00f5es \u2013<br \/>\nPolo Miss\u00f5es, tem suas pol\u00edticas e prioridades definidas pelo COREDE, com atua\u00e7\u00e3o nas \u00e1reas de<br \/>\nEngenharia de Projetos e Produtos, Energia e Meio Ambiente, Processos de Inform\u00e1tica Industrial,<br \/>\nDiversifica\u00e7\u00e3o Agropecu\u00e1ria e Qualidade Industrial, ficando a coordena\u00e7\u00e3o das a\u00e7\u00f5es do Polo sob<br \/>\na responsabilidade da URI Campus de Santo \u00c2ngelo.<\/p>\n","protected":false},"excerpt":{"rendered":"<p>O Tecnouri oferece para as empresas parceiras: &#8211; Espa\u00e7o f\u00edsico para instala\u00e7\u00e3o; &#8211; Recep\u00e7\u00e3o; &#8211; Audit\u00f3rio e Sala de Reuni\u00f5es; &#8211; Vigil\u00e2ncia; &#8211; Estacionamento; &#8211; Laborat\u00f3rios para pesquisa; &#8211; Pesquisadores nas diversas \u00e1reas do conhecimento. Tamb\u00e9m faz parte da estrutura do TecnoURI Miss\u00f5es: N\u00facleo de Inova\u00e7\u00e3o e Transfer\u00eancia de\u00a0Tecnologia \u2013 NITT, que tem como objetivo principal gerir a pol\u00edtica de&hellip;<\/p>\n","protected":false},"author":1,"featured_media":0,"parent":13,"menu_order":0,"comment_status":"closed","ping_status":"closed","template":"","meta":[],"_links":{"self":[{"href":"https:\/\/san.uri.br\/tecnouri\/index.php\/wp-json\/wp\/v2\/pages\/17"}],"collection":[{"href":"https:\/\/san.uri.br\/tecnouri\/index.php\/wp-json\/wp\/v2\/pages"}],"about":[{"href":"https:\/\/san.uri.br\/tecnouri\/index.php\/wp-json\/wp\/v2\/types\/page"}],"author":[{"embeddable":true,"href":"https:\/\/san.uri.br\/tecnouri\/index.php\/wp-json\/wp\/v2\/users\/1"}],"replies":[{"embeddable":true,"href":"https:\/\/san.uri.br\/tecnouri\/index.php\/wp-json\/wp\/v2\/comments?post=17"}],"version-history":[{"count":0,"href":"https:\/\/san.uri.br\/tecnouri\/index.php\/wp-json\/wp\/v2\/pages\/17\/revisions"}],"up":[{"embeddable":true,"href":"https:\/\/san.uri.br\/tecnouri\/index.php\/wp-json\/wp\/v2\/pages\/13"}],"wp:attachment":[{"href":"https:\/\/san.uri.br\/tecnouri\/index.php\/wp-json\/wp\/v2\/media?parent=17"}],"curies":[{"name":"wp","href":"https:\/\/api.w.org\/{rel}","templated":true}]}}