{"id":15,"date":"2017-02-23T16:09:04","date_gmt":"2017-02-23T19:09:04","guid":{"rendered":"http:\/\/srvapp2s.santoangelo.uri.br\/sites\/tecnouri\/?page_id=15"},"modified":"2017-02-23T16:09:04","modified_gmt":"2017-02-23T19:09:04","slug":"historico","status":"publish","type":"page","link":"https:\/\/san.uri.br\/tecnouri\/index.php\/o-parque\/historico\/","title":{"rendered":"Hist\u00f3rico"},"content":{"rendered":"<p>Com o objetivo de ampliar o desenvolvimento cient\u00edfico, tecnol\u00f3gico e de inova\u00e7\u00e3o, em 2014 a URI Santo \u00c2ngelo credenciou junto ao Estado do RS na SCIT\/RS atual SICT\/RS, dando in\u00edcio no projeto de Implanta\u00e7\u00e3o do Parque Cient\u00edfico e Tecnol\u00f3gico das Miss\u00f5es \u2013 TecnoURI Miss\u00f5es, atendendo todos os objetivos do Programa PGtec, previstos no Decreto 49.355\/2012 e na Lei 13.196\/2009.<\/p>\n<p>As atividades do TecnoURI Miss\u00f5es, iniciaram em mar\u00e7o de 2018, momento em que foi inaugurado o espa\u00e7o f\u00edsico, com uma \u00e1rea inicial de 5ha, destinada pela URI para abrigar as instala\u00e7\u00f5es f\u00edsicas, de um pr\u00e9dio de 1.273,45m\u00b2.<\/p>\n<p>No mesmo per\u00edodo, foi aprovado o projeto do Centro de Desenvolvimento de Produtos e Processos &#8211; CADEPP, dentro do TecnoURI Miss\u00f5es, a partir do edital lan\u00e7ado pala SDECT\/RS do Programa PGtec, com o objetivo de estimular e fomentar a pesquisa dentro do parque tecnol\u00f3gico. Atualmente, este projeto est\u00e1 sendo desenvolvido sem recursos externos, atrav\u00e9s dos cursos de Engenharia Mec\u00e2nica e El\u00e9trica da Universidade.<\/p>\n<p>Ainda, entre 2019 at\u00e9 2021, foram aprovados tr\u00eas projetos importantes para o TecnoURI Miss\u00f5es, com o Minist\u00e9rio de Ci\u00eancia, Tecnologia e Inova\u00e7\u00e3o &#8211; MCTI, o primeiro projeto discorre sobre: Aquisi\u00e7\u00e3o de Equipamentos para Implanta\u00e7\u00e3o de um Laborat\u00f3rio de Solos, para atender principalmente, pesquisas voltadas para a ind\u00fastrias agr\u00edcola e produtores de pequnas propriedades da regi\u00e3o, com o objetivo de ampliar\/mapear a matriz produtiva. O segundo projeto trata da: Estrutura\u00e7\u00e3o do Laborat\u00f3rio de Inova\u00e7\u00e3o de An\u00e1lise de Leite e de Apoio para as Empresas (LIALAE) para prestar servi\u00e7os e realizar pesquisas com empresas do segmento, proporcionando uma maior qualidade no produto, agregando valor final ao produtor. Por \u00faltimo e em fase de execu\u00e7\u00e3o, o projeto para: Aquisi\u00e7\u00e3o de equipamentos laboratoriais para a o desenvolvimento da pesquisa, de produtos e processos inovadores e da capacita\u00e7\u00e3o efetiva de profissionais da \u00e1rea na \u00e1rea de energias renov\u00e1veis e redes el\u00e9tricas inteligentes para o Parque Cient\u00edfico e Tecnol\u00f3gico das Miss\u00f5es &#8211; TecnoURI \u2013 Miss\u00f5es.<\/p>\n","protected":false},"excerpt":{"rendered":"<p>Com o objetivo de ampliar o desenvolvimento cient\u00edfico, tecnol\u00f3gico e de inova\u00e7\u00e3o, em 2014 a URI Santo \u00c2ngelo credenciou junto ao Estado do RS na SCIT\/RS atual SICT\/RS, dando in\u00edcio no projeto de Implanta\u00e7\u00e3o do Parque Cient\u00edfico e Tecnol\u00f3gico das Miss\u00f5es \u2013 TecnoURI Miss\u00f5es, atendendo todos os objetivos do Programa PGtec, previstos no Decreto 49.355\/2012 e na Lei 13.196\/2009. As&hellip;<\/p>\n","protected":false},"author":1,"featured_media":0,"parent":13,"menu_order":0,"comment_status":"closed","ping_status":"closed","template":"","meta":[],"_links":{"self":[{"href":"https:\/\/san.uri.br\/tecnouri\/index.php\/wp-json\/wp\/v2\/pages\/15"}],"collection":[{"href":"https:\/\/san.uri.br\/tecnouri\/index.php\/wp-json\/wp\/v2\/pages"}],"about":[{"href":"https:\/\/san.uri.br\/tecnouri\/index.php\/wp-json\/wp\/v2\/types\/page"}],"author":[{"embeddable":true,"href":"https:\/\/san.uri.br\/tecnouri\/index.php\/wp-json\/wp\/v2\/users\/1"}],"replies":[{"embeddable":true,"href":"https:\/\/san.uri.br\/tecnouri\/index.php\/wp-json\/wp\/v2\/comments?post=15"}],"version-history":[{"count":0,"href":"https:\/\/san.uri.br\/tecnouri\/index.php\/wp-json\/wp\/v2\/pages\/15\/revisions"}],"up":[{"embeddable":true,"href":"https:\/\/san.uri.br\/tecnouri\/index.php\/wp-json\/wp\/v2\/pages\/13"}],"wp:attachment":[{"href":"https:\/\/san.uri.br\/tecnouri\/index.php\/wp-json\/wp\/v2\/media?parent=15"}],"curies":[{"name":"wp","href":"https:\/\/api.w.org\/{rel}","templated":true}]}}