{"id":13,"date":"2017-02-23T16:08:49","date_gmt":"2017-02-23T19:08:49","guid":{"rendered":"http:\/\/srvapp2s.santoangelo.uri.br\/sites\/tecnouri\/?page_id=13"},"modified":"2017-02-23T16:08:49","modified_gmt":"2017-02-23T19:08:49","slug":"o-parque","status":"publish","type":"page","link":"https:\/\/san.uri.br\/tecnouri\/index.php\/o-parque\/","title":{"rendered":"O Tecnouri"},"content":{"rendered":"<p>O Parque Cient\u00edfico e Tecnol\u00f3gico das Miss\u00f5es &#8211; TecnoURI Miss\u00f5es destina-se a impulsionar o desenvolvimento na regi\u00e3o, promovendo a intera\u00e7\u00e3o acad\u00eamica no aprimoramento de produtos e servi\u00e7os com base tecnol\u00f3gica. Assim, o TecnoURI Miss\u00f5es busca gerar aperfei\u00e7oamento cient\u00edfico-tecnol\u00f3gico e consequente desenvolvimento regional sustent\u00e1vel.<\/p>\n<p>O TecnoURI Miss\u00f5es, tem buscado incessantemente aumentar a riqueza da sua comunidade,<br \/>\npromovendo a cultura de inova\u00e7\u00e3o e competitividade das empresas e institui\u00e7\u00f5es baseadas no<br \/>\nconhecimento. Para alcan\u00e7ar estes objetivos, este ambiente de inova\u00e7\u00e3o tem o papel de estimulas e gerar o fluxo de conhecimento e tecnologia entre universidades, institui\u00e7\u00f5es de investiga\u00e7\u00e3o e desenvolvimento tecnol\u00f3gico, empresas e mercados. Tamb\u00e9m, facilitar a cria\u00e7\u00e3o e crescimento de empresas baseadas na inova\u00e7\u00e3o atrav\u00e9s da incuba\u00e7\u00e3o e processos de spin-off, e disponibilizar outros servi\u00e7os de valor acrescentado em conjunto com espa\u00e7os e instala\u00e7\u00f5es de qualidade.\u201d<\/p>\n<p>Deste modo, vislumbramos que o Parque ser\u00e1 mais uma entidade de refer\u00eancia do ecossistema<br \/>\nde inova\u00e7\u00e3o para o interior do estado do Rio Grande do Sul, posicionando-se como parque de \u00faltima gera\u00e7\u00e3o, com capacidade para acolher, apoiar e articular empresas e diferentes tipologias de entidades, num ambiente colaborativo e inovador, com fortes parcerias externas e grande visibilidade a n\u00edvel nacional e internacional. Neste sentido, o Parque disponibiliza espa\u00e7os qualificados, presta servi\u00e7os de apoio relevantes e promove parcerias, liga\u00e7\u00f5es e projetos colaborativos, a n\u00edvel estadual, nacional e internacional, que contribuir\u00e3o para consolidar o ecossistema de inova\u00e7\u00e3o do Estado e gerar valor para a economia local e regional.<\/p>\n","protected":false},"excerpt":{"rendered":"<p>O Parque Cient\u00edfico e Tecnol\u00f3gico das Miss\u00f5es &#8211; TecnoURI Miss\u00f5es destina-se a impulsionar o desenvolvimento na regi\u00e3o, promovendo a intera\u00e7\u00e3o acad\u00eamica no aprimoramento de produtos e servi\u00e7os com base tecnol\u00f3gica. Assim, o TecnoURI Miss\u00f5es busca gerar aperfei\u00e7oamento cient\u00edfico-tecnol\u00f3gico e consequente desenvolvimento regional sustent\u00e1vel. O TecnoURI Miss\u00f5es, tem buscado incessantemente aumentar a riqueza da sua comunidade, promovendo a cultura de inova\u00e7\u00e3o&hellip;<\/p>\n","protected":false},"author":1,"featured_media":0,"parent":0,"menu_order":0,"comment_status":"closed","ping_status":"closed","template":"","meta":[],"_links":{"self":[{"href":"https:\/\/san.uri.br\/tecnouri\/index.php\/wp-json\/wp\/v2\/pages\/13"}],"collection":[{"href":"https:\/\/san.uri.br\/tecnouri\/index.php\/wp-json\/wp\/v2\/pages"}],"about":[{"href":"https:\/\/san.uri.br\/tecnouri\/index.php\/wp-json\/wp\/v2\/types\/page"}],"author":[{"embeddable":true,"href":"https:\/\/san.uri.br\/tecnouri\/index.php\/wp-json\/wp\/v2\/users\/1"}],"replies":[{"embeddable":true,"href":"https:\/\/san.uri.br\/tecnouri\/index.php\/wp-json\/wp\/v2\/comments?post=13"}],"version-history":[{"count":0,"href":"https:\/\/san.uri.br\/tecnouri\/index.php\/wp-json\/wp\/v2\/pages\/13\/revisions"}],"wp:attachment":[{"href":"https:\/\/san.uri.br\/tecnouri\/index.php\/wp-json\/wp\/v2\/media?parent=13"}],"curies":[{"name":"wp","href":"https:\/\/api.w.org\/{rel}","templated":true}]}}