{"id":123,"date":"2017-02-23T15:57:57","date_gmt":"2017-02-23T18:57:57","guid":{"rendered":"http:\/\/srvapp2s.santoangelo.uri.br\/sites\/tecnouri\/?page_id=2"},"modified":"2017-02-23T15:57:57","modified_gmt":"2017-02-23T18:57:57","slug":"pagina-exemplo-2","status":"publish","type":"page","link":"https:\/\/san.uri.br\/tecnouri\/index.php\/pagina-exemplo-2\/","title":{"rendered":"Associadas"},"content":{"rendered":"<p>Empresas Associadas e Residentes no TecnoURI Miss\u00f5es<\/p>\n<p>1 \u2013 Empresa \u00c2ncora<br \/>\nFUNDIMISA \u2013 Fundi\u00e7\u00e3o e Usinagem Ltda<br \/>\nCNPJ: 07.032.076\/0001-48<br \/>\n\u00c1rea de atua\u00e7\u00e3o: C\u00d3DIGO E DESCRI\u00c7\u00c3O DA ATIVIDADE ECON\u00d4MICA PRINCIPAL 24.51-2-00 &#8211;<br \/>\nFundi\u00e7\u00e3o de ferro e a\u00e7o<br \/>\nCONTATOS:<br \/>\nNa empresa &#8211; Sr. Paulo Roberto Vellinho Ely Diretor-Geral<br \/>\nFone: (55) 3313-9000<br \/>\nNo TecnoURI \u2013 Prof. Dr. Pesquisador Ant\u00f4nio Vanderlei dos Santos<br \/>\nFone: 55 99945-3252 ou 55 3201 6353<br \/>\nE-mail: vandao@san.uri.br<br \/>\nWebsite: https:\/\/fundimisa.com.br<\/p>\n<p>2 &#8211; BIGRIVER TECHNOLOGIES LTDA<br \/>\nCNPJ: 22.388.878\/0001-89<br \/>\n\u00c1rea de atua\u00e7\u00e3o: C\u00d3DIGO E DESCRI\u00c7\u00c3O DA ATIVIDADE ECON\u00d4MICA PRINCIPAL 62.03-1-00 &#8211;<br \/>\nDesenvolvimento e licenciamento de programas de computador n\u00e3o-customiz\u00e1veis<br \/>\nCONTATOS:<br \/>\nDiretor Marcos Vin\u00edcius Kraulich (55) 98142 0452<br \/>\nE-mail: contato@bigriver.com.br<br \/>\nWebsite: bigriver.com.br<\/p>\n<p>3 &#8211; FONTELA COMUNICACOES LTDA<br \/>\nCNPJ: 27.643.880\/0001-70<br \/>\n\u00c1rea de atua\u00e7\u00e3o: C\u00d3DIGO E DESCRI\u00c7\u00c3O DA ATIVIDADE ECON\u00d4MICA PRINCIPAL 61.90-6-99 &#8211;<br \/>\nOutras atividades de telecomunica\u00e7\u00f5es n\u00e3o especificadas anteriormente<br \/>\nCONTATOS:<br \/>\nDiretor Pedro Rodimar Fontela<br \/>\nFone: 55 98403 0300<\/p>\n<p>&nbsp;<\/p>\n<p>4 &#8211; DIFERENCIAL AGR CURSO DE APRENDIZAGEM<br \/>\nCNPJ: 26.147.969.0001\/83<br \/>\n\u00c1rea de atua\u00e7\u00e3o: C\u00d3DIGO E DESCRI\u00c7\u00c3O DA ATIVIDADE ECON\u00d4MICA PRINCIPAL 85.99-6-04 &#8211;<br \/>\nTreinamento em desenvolvimento profissional e gerencial<br \/>\nCONTATOS:<br \/>\nDiretor Lucas da Silva Stefanelo<br \/>\nFone: (55) 99611-4149<br \/>\nE-mail: LSTEFANELO@GMAIL.COM<br \/>\nWebsite: www.maissoja.com.br<\/p>\n<p>5 &#8211; Inovatec 3D Solu\u00e7\u00f5es em Inform\u00e1tica LTDA<br \/>\nCNPJ: 32.859.349\/0001-70<br \/>\n\u00c1rea de atua\u00e7\u00e3o: C\u00d3DIGO E DESCRI\u00c7\u00c3O DA ATIVIDADE ECON\u00d4MICA PRINCIPAL 47.51-2-01 &#8211;<br \/>\nCom\u00e9rcio varejista especializado de equipamentos e suprimentos de inform\u00e1tica<br \/>\nCONTATO:<br \/>\nEverton Grass<br \/>\nFone (55) 9 8124 1120<br \/>\nE-mail: everton@inovatec3d.com.br<br \/>\nWebsite: https:\/\/inovatec3d.com.br<\/p>\n<p>6- NOME DA EMPRESA: RAQUELE VIEIRA FLORES LTDA NOME FANTASIA: SLM ENERGIA<br \/>\nCNPJ: 32.866.085\/0001-81<br \/>\n\u00c1REA DE ATUA\u00c7\u00c3O: C\u00d3DIGO E DESCRI\u00c7\u00c3O ECON\u00d4MICO:<br \/>\n42.21.9.02 &#8211; Constru\u00e7\u00e3o de esta\u00e7\u00f5es e redes de distribui\u00e7\u00e3o de energia el\u00e9trica<br \/>\nCONTATO:<br \/>\nSra. RAQUELE VIEIRA FLORES &#8211; DIRETORA-GERAL<br \/>\nFONE: 54 9 8133 7436<br \/>\nE-MAIL:raquele@slmenergia.com.br ou raquele.flores@gmail.com<\/p>\n<p>7 &#8211; TGX \u2013 Solu\u00e7\u00f5es em Energia Ltda.<br \/>\nCNPJ:<br \/>\n\u00c1rea de atua\u00e7\u00e3o: C\u00d3DIGO E DESCRI\u00c7\u00c3O DA ATIVIDADE ECON\u00d4MICA PRINCIPAL 3513100 -Com\u00e9rcio atacadista de energia el\u00e9trica.<br \/>\nCONTATOS:<br \/>\nNa empresa &#8211; Sr. Tiago Veiga &#8211; Diretor-Geral<br \/>\nFone: (55) 3313-5330<br \/>\nNo TecnoURI \u2013 Prof. Dr. Pesquisador Ant\u00f4nio Vanderlei dos Santos<br \/>\nFone: 55 99945-3252 ou 55 3201 6353<br \/>\nE-mail: vandao@san.uri.br<\/p>\n<p>8 &#8211; ABASE Sistemas e Solu\u00e7\u00f5es<br \/>\nCNPJ: 93.088.649\/0001-97<br \/>\n\u00c1rea de atua\u00e7\u00e3o: C\u00d3DIGO E DESCRI\u00c7\u00c3O DA ATIVIDADE ECON\u00d4MICA PRINCIPAL 62.02-3-00 &#8211;<br \/>\nDesenvolvimento e licenciamento de programas de computador customiz\u00e1veis<br \/>\nCONTATOS:<br \/>\nDiretor S\u00f3cio administrativo: Ildo Corso<br \/>\nTelefone: (55) 99922 7123<br \/>\ne-mail: ildo.corso@abase.com.br<\/p>\n<p>9 &#8211; Prefeitura Municipal de Santo \u00c2ngelo<br \/>\n\u00c1rea de atua\u00e7\u00e3o: Objetivo principal da Secretaria firmar parceria com o TecnoURI \u00e9 o de<br \/>\ndesenvolver estudos e pesquisas dentro da tem\u00e1tica, desenvolvimento, inova\u00e7\u00e3o e turismo, com<br \/>\npossibilidades para o segundo semestre de 2022, viabilizar uma ou duas startups para desenvolver<br \/>\nprojetos dentro desta mesma \u00e1rea.<br \/>\nSecretaria de Desenvolvimento Econ\u00f4mico, Inova\u00e7\u00e3o e Turismo.<br \/>\nCONTATOS:<br \/>\nSecret\u00e1rio: Jo\u00e3o Baptista<br \/>\nTelefone: (55) 9 9923-8200<br \/>\nE-mail: desenvolvimentoeconomico@santoangelo.rs.gov.br<\/p>\n<p>10 \u2013 Pillatel Servi\u00e7os de Telecomunica\u00e7\u00f5es e Energia Ltda.<br \/>\nCNPJ: 41.628.430\/0001-30<br \/>\n\u00c1rea de atua\u00e7\u00e3o: C\u00d3DIGO E DESCRI\u00c7\u00c3O DA ATIVIDADE ECON\u00d4MICA PRINCIPAL 35.13-1-00 &#8211;<br \/>\nCom\u00e9rcio atacadista de energia el\u00e9trica<br \/>\nCONTATOS:<br \/>\nDiretor S\u00f3cio: Jo\u00e3o Ant\u00f4nio Pilla Dias<br \/>\nTelefone: (51) 9 9973- 9085<br \/>\nElisandra Danielle Santiago Mello<br \/>\nE-mail: elis@pillatel.com.br<\/p>\n","protected":false},"excerpt":{"rendered":"<p>Empresas Associadas e Residentes no TecnoURI Miss\u00f5es 1 \u2013 Empresa \u00c2ncora FUNDIMISA \u2013 Fundi\u00e7\u00e3o e Usinagem Ltda CNPJ: 07.032.076\/0001-48 \u00c1rea de atua\u00e7\u00e3o: C\u00d3DIGO E DESCRI\u00c7\u00c3O DA ATIVIDADE ECON\u00d4MICA PRINCIPAL 24.51-2-00 &#8211; Fundi\u00e7\u00e3o de ferro e a\u00e7o CONTATOS: Na empresa &#8211; Sr. Paulo Roberto Vellinho Ely Diretor-Geral Fone: (55) 3313-9000 No TecnoURI \u2013 Prof. Dr. Pesquisador Ant\u00f4nio Vanderlei dos Santos Fone:&hellip;<\/p>\n","protected":false},"author":1,"featured_media":0,"parent":0,"menu_order":0,"comment_status":"closed","ping_status":"open","template":"","meta":[],"_links":{"self":[{"href":"https:\/\/san.uri.br\/tecnouri\/index.php\/wp-json\/wp\/v2\/pages\/123"}],"collection":[{"href":"https:\/\/san.uri.br\/tecnouri\/index.php\/wp-json\/wp\/v2\/pages"}],"about":[{"href":"https:\/\/san.uri.br\/tecnouri\/index.php\/wp-json\/wp\/v2\/types\/page"}],"author":[{"embeddable":true,"href":"https:\/\/san.uri.br\/tecnouri\/index.php\/wp-json\/wp\/v2\/users\/1"}],"replies":[{"embeddable":true,"href":"https:\/\/san.uri.br\/tecnouri\/index.php\/wp-json\/wp\/v2\/comments?post=123"}],"version-history":[{"count":0,"href":"https:\/\/san.uri.br\/tecnouri\/index.php\/wp-json\/wp\/v2\/pages\/123\/revisions"}],"wp:attachment":[{"href":"https:\/\/san.uri.br\/tecnouri\/index.php\/wp-json\/wp\/v2\/media?parent=123"}],"curies":[{"name":"wp","href":"https:\/\/api.w.org\/{rel}","templated":true}]}}