{"id":11,"date":"2017-02-23T16:08:34","date_gmt":"2017-02-23T19:08:34","guid":{"rendered":"http:\/\/srvapp2s.santoangelo.uri.br\/sites\/tecnouri\/?page_id=11"},"modified":"2017-02-23T16:08:34","modified_gmt":"2017-02-23T19:08:34","slug":"setores","status":"publish","type":"page","link":"https:\/\/san.uri.br\/tecnouri\/index.php\/setores\/","title":{"rendered":"\u00c1reas"},"content":{"rendered":"<p style=\"font-weight: 400;\">\u00c1reas de atua\u00e7\u00e3o<\/p>\n<p style=\"font-weight: 400;\">O Tecnouri busca formentar a produ\u00e7\u00e3o criativa e tecnol\u00f3gica nas \u00e1reas de:<\/p>\n<p style=\"font-weight: 400;\">&#8211; Tecnologia da Informa\u00e7\u00e3o, Comunica\u00e7\u00e3o e Converg\u00eancia Digital;<\/p>\n<p style=\"font-weight: 400;\">&#8211; Inova\u00e7\u00e3o e Tecnologias nas Engenharias, Automa\u00e7\u00e3o e Tecnologias Socioambientais;<\/p>\n<p style=\"font-weight: 400;\">&#8211; Tecnologia e Inova\u00e7\u00e3o na Agroind\u00fastria e Agropecu\u00e1ria;<\/p>\n<p style=\"font-weight: 400;\">&#8211; Alimentos, Inova\u00e7\u00f5es Farmac\u00eauticas e Nutrac\u00eautica.<\/p>\n","protected":false},"excerpt":{"rendered":"<p>\u00c1reas de atua\u00e7\u00e3o O Tecnouri busca formentar a produ\u00e7\u00e3o criativa e tecnol\u00f3gica nas \u00e1reas de: &#8211; Tecnologia da Informa\u00e7\u00e3o, Comunica\u00e7\u00e3o e Converg\u00eancia Digital; &#8211; Inova\u00e7\u00e3o e Tecnologias nas Engenharias, Automa\u00e7\u00e3o e Tecnologias Socioambientais; &#8211; Tecnologia e Inova\u00e7\u00e3o na Agroind\u00fastria e Agropecu\u00e1ria; &#8211; Alimentos, Inova\u00e7\u00f5es Farmac\u00eauticas e Nutrac\u00eautica.<\/p>\n","protected":false},"author":1,"featured_media":0,"parent":0,"menu_order":0,"comment_status":"closed","ping_status":"closed","template":"","meta":[],"_links":{"self":[{"href":"https:\/\/san.uri.br\/tecnouri\/index.php\/wp-json\/wp\/v2\/pages\/11"}],"collection":[{"href":"https:\/\/san.uri.br\/tecnouri\/index.php\/wp-json\/wp\/v2\/pages"}],"about":[{"href":"https:\/\/san.uri.br\/tecnouri\/index.php\/wp-json\/wp\/v2\/types\/page"}],"author":[{"embeddable":true,"href":"https:\/\/san.uri.br\/tecnouri\/index.php\/wp-json\/wp\/v2\/users\/1"}],"replies":[{"embeddable":true,"href":"https:\/\/san.uri.br\/tecnouri\/index.php\/wp-json\/wp\/v2\/comments?post=11"}],"version-history":[{"count":0,"href":"https:\/\/san.uri.br\/tecnouri\/index.php\/wp-json\/wp\/v2\/pages\/11\/revisions"}],"wp:attachment":[{"href":"https:\/\/san.uri.br\/tecnouri\/index.php\/wp-json\/wp\/v2\/media?parent=11"}],"curies":[{"name":"wp","href":"https:\/\/api.w.org\/{rel}","templated":true}]}}