{"id":973,"date":"2015-12-04T13:00:56","date_gmt":"2015-12-04T13:00:56","guid":{"rendered":"http:\/\/san.uri.br\/sites\/site_novo\/?page_id=973"},"modified":"2020-02-10T07:55:55","modified_gmt":"2020-02-10T10:55:55","slug":"laboratorios","status":"publish","type":"page","link":"https:\/\/san.uri.br\/sites\/site_novo\/?page_id=973","title":{"rendered":"Laborat\u00f3rios"},"content":{"rendered":"<p>LABINFO \u2013 Laborat\u00f3rio de Inform\u00e1tica<em><br \/>\n<\/em><\/p>\n<p><a>LEC \u2013 Laborat\u00f3rio de Experi\u00eancias Computacionais<\/a><\/p>\n<p><a>LESS &#8211; Laborat\u00f3rio de Estrutura Eletr\u00f4nica e Simula\u00e7\u00e3o<\/a><\/p>\n<p>LIME<\/p>\n<p>LABORAT\u00d3RIO DE SOLOS<\/p>\n<p>LABORAT\u00d3RIO DE USINAGEM<\/p>\n<p>LAIC<\/p>\n<p>LABORAT\u00d3RIOS DA \u00c1REA DE SA\u00daDE E BIOLOGIA <a href=\"http:\/\/www.santoangelo.uri.br\/%7Ebiosaude-lab\/\" target=\"_blank\" rel=\"noopener noreferrer\">(acesse o site)<\/a><\/p>\n<p>LABORAT\u00d3RIO DE \u00c1GUAS<\/p>\n<p>LABORAT\u00d3RIO DE HARDWARE<\/p>\n<p>LABORAT\u00d3RIO DE CI\u00caNCIAS CONT\u00c1BEIS<\/p>\n<p>LABORAT\u00d3RIO DE MATEM\u00c1TICA<\/p>\n<p>CIDI \u2013 CENTRO DE IDIOMA<\/p>\n<p><a>LEGEHU \u2013 Laborat\u00f3rio de Estudos em Geografia Humana<\/a><\/p>\n<p><a>NUGEO \u2013 N\u00facelo de Geoprocessamento<\/a><\/p>\n","protected":false},"excerpt":{"rendered":"<p>LABINFO \u2013 Laborat\u00f3rio de Inform\u00e1tica LEC \u2013 Laborat\u00f3rio de Experi\u00eancias Computacionais LESS &#8211; Laborat\u00f3rio de Estrutura Eletr\u00f4nica e Simula\u00e7\u00e3o LIME LABORAT\u00d3RIO DE SOLOS LABORAT\u00d3RIO DE USINAGEM LAIC LABORAT\u00d3RIOS DA \u00c1REA DE SA\u00daDE E BIOLOGIA (acesse o site) LABORAT\u00d3RIO DE \u00c1GUAS LABORAT\u00d3RIO DE HARDWARE LABORAT\u00d3RIO DE CI\u00caNCIAS CONT\u00c1BEIS LABORAT\u00d3RIO DE MATEM\u00c1TICA CIDI \u2013 CENTRO DE IDIOMA [&hellip;]<\/p>\n","protected":false},"author":1,"featured_media":0,"parent":0,"menu_order":0,"comment_status":"closed","ping_status":"closed","template":"page_laboratorios.php","meta":[],"_links":{"self":[{"href":"https:\/\/san.uri.br\/sites\/site_novo\/index.php?rest_route=\/wp\/v2\/pages\/973"}],"collection":[{"href":"https:\/\/san.uri.br\/sites\/site_novo\/index.php?rest_route=\/wp\/v2\/pages"}],"about":[{"href":"https:\/\/san.uri.br\/sites\/site_novo\/index.php?rest_route=\/wp\/v2\/types\/page"}],"author":[{"embeddable":true,"href":"https:\/\/san.uri.br\/sites\/site_novo\/index.php?rest_route=\/wp\/v2\/users\/1"}],"replies":[{"embeddable":true,"href":"https:\/\/san.uri.br\/sites\/site_novo\/index.php?rest_route=%2Fwp%2Fv2%2Fcomments&post=973"}],"version-history":[{"count":3,"href":"https:\/\/san.uri.br\/sites\/site_novo\/index.php?rest_route=\/wp\/v2\/pages\/973\/revisions"}],"predecessor-version":[{"id":22909,"href":"https:\/\/san.uri.br\/sites\/site_novo\/index.php?rest_route=\/wp\/v2\/pages\/973\/revisions\/22909"}],"wp:attachment":[{"href":"https:\/\/san.uri.br\/sites\/site_novo\/index.php?rest_route=%2Fwp%2Fv2%2Fmedia&parent=973"}],"curies":[{"name":"wp","href":"https:\/\/api.w.org\/{rel}","templated":true}]}}