{"id":898,"date":"2015-12-03T13:19:14","date_gmt":"2015-12-03T13:19:14","guid":{"rendered":"http:\/\/san.uri.br\/sites\/site_novo\/?page_id=898"},"modified":"2015-12-03T13:19:14","modified_gmt":"2015-12-03T13:19:14","slug":"departamento-de-compras","status":"publish","type":"page","link":"https:\/\/san.uri.br\/sites\/site_novo\/?page_id=898","title":{"rendered":"Departamento de Compras"},"content":{"rendered":"<p><strong>Contato:<\/strong> Luiz Fernando Lenz &#8211; flenz@san.uri.br<\/p>\n<p>Endere\u00e7o:<br \/>\nR. Universidade das Miss\u00f5es, 464<br \/>\nBairro Universit\u00e1rio<br \/>\n98802-470 Santo \u00c2ngelo-RS<br \/>\nFone DDR (55) 3313-7959<br \/>\nFax Deto de Compras (55) 3313-9598<\/p>\n<p>Formul\u00e1rio de Pedido de Compras &#8211; <a href=\"https:\/\/san.uri.br\/sites\/site_novo\/wp-content\/uploads\/2015\/12\/scompras-uri.doc\">Clique Aqui!<\/a><\/p>\n<p>Veja como Chegar ao Campus:<br \/>\nExibir mapa ampliado &#8211; <a href=\"http:\/\/maps.google.com\/maps\/ms?f=q&amp;hl=pt-BR&amp;geocode=&amp;ie=UTF8&amp;ei=RkgRSNDpJ5HYigG32fXpDw&amp;cd=1&amp;li=lmd&amp;msa=0&amp;msid=115699650579398396922.0004486ee3bb4329078ec&amp;ll=-28.291231,-54.266968&amp;spn=0.052905,0.072956&amp;z=13&amp;source=embed\">Clique Aqui!<\/a><\/p>\n","protected":false},"excerpt":{"rendered":"<p>Contato: Luiz Fernando Lenz &#8211; flenz@san.uri.br Endere\u00e7o: R. Universidade das Miss\u00f5es, 464 Bairro Universit\u00e1rio 98802-470 Santo \u00c2ngelo-RS Fone DDR (55) 3313-7959 Fax Deto de Compras (55) 3313-9598 Formul\u00e1rio de Pedido de Compras &#8211; Clique Aqui! Veja como Chegar ao Campus: Exibir mapa ampliado &#8211; Clique Aqui!<\/p>\n","protected":false},"author":1,"featured_media":0,"parent":0,"menu_order":0,"comment_status":"closed","ping_status":"closed","template":"","meta":[],"_links":{"self":[{"href":"https:\/\/san.uri.br\/sites\/site_novo\/index.php?rest_route=\/wp\/v2\/pages\/898"}],"collection":[{"href":"https:\/\/san.uri.br\/sites\/site_novo\/index.php?rest_route=\/wp\/v2\/pages"}],"about":[{"href":"https:\/\/san.uri.br\/sites\/site_novo\/index.php?rest_route=\/wp\/v2\/types\/page"}],"author":[{"embeddable":true,"href":"https:\/\/san.uri.br\/sites\/site_novo\/index.php?rest_route=\/wp\/v2\/users\/1"}],"replies":[{"embeddable":true,"href":"https:\/\/san.uri.br\/sites\/site_novo\/index.php?rest_route=%2Fwp%2Fv2%2Fcomments&post=898"}],"version-history":[{"count":1,"href":"https:\/\/san.uri.br\/sites\/site_novo\/index.php?rest_route=\/wp\/v2\/pages\/898\/revisions"}],"predecessor-version":[{"id":900,"href":"https:\/\/san.uri.br\/sites\/site_novo\/index.php?rest_route=\/wp\/v2\/pages\/898\/revisions\/900"}],"wp:attachment":[{"href":"https:\/\/san.uri.br\/sites\/site_novo\/index.php?rest_route=%2Fwp%2Fv2%2Fmedia&parent=898"}],"curies":[{"name":"wp","href":"https:\/\/api.w.org\/{rel}","templated":true}]}}