{"id":8603,"date":"2016-10-18T14:39:37","date_gmt":"2016-10-18T16:39:37","guid":{"rendered":"http:\/\/san.uri.br\/sites\/site_novo\/?page_id=8603"},"modified":"2025-12-02T15:51:01","modified_gmt":"2025-12-02T18:51:01","slug":"selecao-de-docentes-escola-da-uri","status":"publish","type":"page","link":"https:\/\/san.uri.br\/sites\/site_novo\/?page_id=8603","title":{"rendered":"Sele\u00e7\u00e3o de Docentes Escola da URI"},"content":{"rendered":"<div>\u00a0<\/div>\n<div>Edital 04\/2025 &#8211; Resultado do Processo de Sele\u00e7\u00e3o de Docentes\u200b &#8211; <a href=\"https:\/\/san.uri.br\/sites\/site_novo\/wp-content\/uploads\/2025\/12\/Edital-04_2025_-ResultadodoProcessodeSelecaodeDocentes.pdf\">Clique Aqui<\/a><\/div>\n<div><br \/>Edital 03\/2025 &#8211; Comunica\u00e7\u00e3o de data, hor\u00e1rio, local e temas sorteados &#8211; <a href=\"https:\/\/san.uri.br\/sites\/site_novo\/wp-content\/uploads\/2025\/11\/Edital_03_2025.pdf\">Clique Aqui\u00a0<\/a><\/div>\n<div><br \/>Edital 02\/2025 &#8211; Edital de Inscri\u00e7\u00f5es Homologadas &#8211; <a href=\"https:\/\/san.uri.br\/sites\/site_novo\/wp-content\/uploads\/2025\/11\/Edital_02_2025.pdf\">Clique Aqui<\/a><\/div>\n<div><br \/>TEMAS E BIBLIOGRAFIA EDITAL 01\/2025 &#8211; <a href=\"https:\/\/san.uri.br\/sites\/site_novo\/wp-content\/uploads\/2025\/10\/TEMAS-E-BIBLIOGRAFIA-012025.pdf\">Clique Aqui<\/a><\/div>\n<div class=\"gmail_default\"><br \/>Edital 01\/2025 \u2013 Abertura de Inscri\u00e7\u00e3o em Processo de Sele\u00e7\u00e3o de Docentes da Escola de Educa\u00e7\u00e3o b\u00e1sica e Profissionalizante \u2013 URI Santo \u00c2ngelo &#8211; <a href=\"https:\/\/san.uri.br\/sites\/site_novo\/wp-content\/uploads\/2025\/10\/Edital_01_2025.pdf\">Clique Aqui<\/a><\/div>\n<div class=\"gmail_default\">\u00a0<\/div>\n<div class=\"gmail_default\">Resolu\u00e7\u00e3o N\u00ba 2187\/CUN\/2016 &#8211; <a href=\"https:\/\/san.uri.br\/sites\/site_novo\/wp-content\/uploads\/2025\/10\/RESOLUCAO.pdf\">Clique Aqui<\/a><\/div>\n<div class=\"gmail_default\">\u00a0<\/div>\n<div>Portaria N\u00ba<span class=\"cf0\"> 3989 Bancas Examinadoras &#8211; <a href=\"https:\/\/san.uri.br\/sites\/site_novo\/wp-content\/uploads\/2025\/10\/PORTARIAN3989-24deoutubrode2025.pdf\">Clique Aqui<\/a><\/span>\u00a0<\/div>\n<div class=\"gmail_default\"><br \/>Portaria N\u00ba 3850 Comiss\u00e3o Interna &#8211;<a href=\"https:\/\/san.uri.br\/sites\/site_novo\/wp-content\/uploads\/2025\/10\/PORTARIAN3850-29deoutubrode2024.pdf\"> Clique Aqui<\/a><\/div>\n\n\n<p><\/p>\n","protected":false},"excerpt":{"rendered":"<p>\u00a0 Edital 04\/2025 &#8211; Resultado do Processo de Sele\u00e7\u00e3o de Docentes\u200b &#8211; Clique Aqui Edital 03\/2025 &#8211; Comunica\u00e7\u00e3o de data, hor\u00e1rio, local e temas sorteados &#8211; Clique Aqui\u00a0 Edital 02\/2025 &#8211; Edital de Inscri\u00e7\u00f5es Homologadas &#8211; Clique Aqui TEMAS E BIBLIOGRAFIA EDITAL 01\/2025 &#8211; Clique Aqui Edital 01\/2025 \u2013 Abertura de Inscri\u00e7\u00e3o em Processo de [&hellip;]<\/p>\n","protected":false},"author":1,"featured_media":0,"parent":0,"menu_order":0,"comment_status":"closed","ping_status":"closed","template":"","meta":[],"_links":{"self":[{"href":"https:\/\/san.uri.br\/sites\/site_novo\/index.php?rest_route=\/wp\/v2\/pages\/8603"}],"collection":[{"href":"https:\/\/san.uri.br\/sites\/site_novo\/index.php?rest_route=\/wp\/v2\/pages"}],"about":[{"href":"https:\/\/san.uri.br\/sites\/site_novo\/index.php?rest_route=\/wp\/v2\/types\/page"}],"author":[{"embeddable":true,"href":"https:\/\/san.uri.br\/sites\/site_novo\/index.php?rest_route=\/wp\/v2\/users\/1"}],"replies":[{"embeddable":true,"href":"https:\/\/san.uri.br\/sites\/site_novo\/index.php?rest_route=%2Fwp%2Fv2%2Fcomments&post=8603"}],"version-history":[{"count":53,"href":"https:\/\/san.uri.br\/sites\/site_novo\/index.php?rest_route=\/wp\/v2\/pages\/8603\/revisions"}],"predecessor-version":[{"id":36152,"href":"https:\/\/san.uri.br\/sites\/site_novo\/index.php?rest_route=\/wp\/v2\/pages\/8603\/revisions\/36152"}],"wp:attachment":[{"href":"https:\/\/san.uri.br\/sites\/site_novo\/index.php?rest_route=%2Fwp%2Fv2%2Fmedia&parent=8603"}],"curies":[{"name":"wp","href":"https:\/\/api.w.org\/{rel}","templated":true}]}}