{"id":781,"date":"2015-07-01T17:08:32","date_gmt":"2015-07-01T17:08:32","guid":{"rendered":"http:\/\/san.uri.br\/sites\/site_novo\/?page_id=781"},"modified":"2021-10-06T14:51:59","modified_gmt":"2021-10-06T17:51:59","slug":"contato-ciencia-da-computacao","status":"publish","type":"page","link":"https:\/\/san.uri.br\/sites\/site_novo\/?page_id=781","title":{"rendered":"Contato Ci\u00eancia da Computa\u00e7\u00e3o"},"content":{"rendered":"<p>[contact-form-7 id=&#8221;28059&#8243; title=&#8221;CI\u00caNCIA DA COMPUTA\u00c7\u00c3O | FORMUL\u00c1RIO DE CONTATO&#8221;]<\/p>\n","protected":false},"excerpt":{"rendered":"<p>[contact-form-7 id=&#8221;28059&#8243; title=&#8221;CI\u00caNCIA DA COMPUTA\u00c7\u00c3O | FORMUL\u00c1RIO DE CONTATO&#8221;]<\/p>\n","protected":false},"author":1,"featured_media":0,"parent":0,"menu_order":0,"comment_status":"closed","ping_status":"closed","template":"page_contato_computacao.php","meta":[],"_links":{"self":[{"href":"https:\/\/san.uri.br\/sites\/site_novo\/index.php?rest_route=\/wp\/v2\/pages\/781"}],"collection":[{"href":"https:\/\/san.uri.br\/sites\/site_novo\/index.php?rest_route=\/wp\/v2\/pages"}],"about":[{"href":"https:\/\/san.uri.br\/sites\/site_novo\/index.php?rest_route=\/wp\/v2\/types\/page"}],"author":[{"embeddable":true,"href":"https:\/\/san.uri.br\/sites\/site_novo\/index.php?rest_route=\/wp\/v2\/users\/1"}],"replies":[{"embeddable":true,"href":"https:\/\/san.uri.br\/sites\/site_novo\/index.php?rest_route=%2Fwp%2Fv2%2Fcomments&post=781"}],"version-history":[{"count":2,"href":"https:\/\/san.uri.br\/sites\/site_novo\/index.php?rest_route=\/wp\/v2\/pages\/781\/revisions"}],"predecessor-version":[{"id":28060,"href":"https:\/\/san.uri.br\/sites\/site_novo\/index.php?rest_route=\/wp\/v2\/pages\/781\/revisions\/28060"}],"wp:attachment":[{"href":"https:\/\/san.uri.br\/sites\/site_novo\/index.php?rest_route=%2Fwp%2Fv2%2Fmedia&parent=781"}],"curies":[{"name":"wp","href":"https:\/\/api.w.org\/{rel}","templated":true}]}}