{"id":712,"date":"2015-06-22T19:45:48","date_gmt":"2015-06-22T19:45:48","guid":{"rendered":"http:\/\/san.uri.br\/sites\/site_novo\/?page_id=712"},"modified":"2026-04-10T18:04:50","modified_gmt":"2026-04-10T21:04:50","slug":"ciap","status":"publish","type":"page","link":"https:\/\/san.uri.br\/sites\/site_novo\/?page_id=712","title":{"rendered":"CIAP"},"content":{"rendered":"<p align=\"justify\">O Comit\u00ea Interno de Avalia\u00e7\u00e3o de Projetos de Pesquisa Cient\u00edfica \u2013 CIAP \u2013 \u00e9 um \u00f3rg\u00e3o colegiado, interdisciplinar, de car\u00e1ter normativo, consultivo e deliberativo, com incumb\u00eancias de assessorar os Programas de Pesquisa Institucional afetos \u00e0 Pr\u00f3-Reitoria de Pesquisa, Extens\u00e3o e P\u00f3s-Gradua\u00e7\u00e3o, respons\u00e1vel pela defini\u00e7\u00e3o das diretrizes gerais, pela operacionaliza\u00e7\u00e3o e pelo gerenciamento dos mesmos. Compete ao CIAP promover e acompanhar a implementa\u00e7\u00e3o dos programas e projetos de pesquisa cient\u00edfica e desenvolvimento tecnol\u00f3gico, bem como elaborar o plano anual de distribui\u00e7\u00e3o de bolsas de inicia\u00e7\u00e3o cient\u00edfica.<\/p>\n<h3><strong>Comit\u00ea Institucional de Projetos de Pesquisa &#8211; per\u00edodo 2025-2028<\/strong><\/h3>\n<div style=\"text-align: center;\">\n<table class=\" aligncenter\">\n<tbody>\n<tr>\n<td style=\"border-color: #000000; background-color: #787878;\"><strong>Membro do CIAP<\/strong><\/td>\n<td style=\"border-color: #000000; background-color: #787878;\"><strong>\u00c1rea do Conhecimento<\/strong><\/td>\n<\/tr>\n<tr>\n<td style=\"border-color: #000000;\">Prof. Me. Alessandro Freitas de Oliveira<\/td>\n<td style=\"border-color: #000000;\">Engenharias<\/td>\n<\/tr>\n<tr>\n<td style=\"border-color: #000000;\">Prof. Dr. Cleiton Elsner da Rosa<\/td>\n<td style=\"border-color: #000000;\">Engenharias<\/td>\n<\/tr>\n<tr>\n<td style=\"border-color: #000000;\">Prof. DR. Francisco Carlos Pinto Rodrigues<strong> (Coordenador Local)<\/strong><\/td>\n<td style=\"border-color: #000000;\">Ci\u00eancias da Sa\u00fade<\/td>\n<\/tr>\n<tr>\n<td style=\"border-color: #000000;\">Profa. Ma. Giana Bernardi Brum Vendruscolo<\/td>\n<td style=\"border-color: #000000;\">Ci\u00eancias Humanas<\/td>\n<\/tr>\n<tr>\n<td style=\"border-color: #000000;\">Profa. Dra. Janete da Rosa Martins<\/td>\n<td style=\"border-color: #000000;\">Ci\u00eancias Sociais Aplicadas<\/td>\n<\/tr>\n<tr>\n<td style=\"border-color: #000000;\">Prof. Me. Jos\u00e9 Vicente Nunes de Alc\u00e2ntara<\/td>\n<td style=\"border-color: #000000;\">Ci\u00eancias Humanas<\/td>\n<\/tr>\n<tr>\n<td style=\"border-color: #000000;\">Prof. Dr. Tiago Bittencourt de Oliveira<\/td>\n<td style=\"border-color: #000000;\">Ci\u00eancias da Sa\u00fade<\/td>\n<\/tr>\n<tr>\n<td style=\"border-color: #000000;\">Prof. Dr. Vitor Cauduro Girardello<\/td>\n<td style=\"border-color: #000000;\">Ci\u00eancias Agr\u00e1rias<\/td>\n<\/tr>\n<\/tbody>\n<\/table>\n<\/div>\n<h3><strong>SECRETARIA DO CIAP: <\/strong><\/h3>\n<ul>\n<li><strong>Elis\u00e2ngela Figueir\u00f3<\/strong><\/li>\n<li><strong>Pr\u00e9dio 3 \u2013 Ramal 7933<\/strong><\/li>\n<li><strong>E-mail: <a href=\"mailto:ciapsan@santoangelo.uri.br\" data-wplink-edit=\"true\">ciapsan@san.uri.br<\/a><\/strong><\/li>\n<\/ul>\n","protected":false},"excerpt":{"rendered":"<p>O Comit\u00ea Interno de Avalia\u00e7\u00e3o de Projetos de Pesquisa Cient\u00edfica \u2013 CIAP \u2013 \u00e9 um \u00f3rg\u00e3o colegiado, interdisciplinar, de car\u00e1ter normativo, consultivo e deliberativo, com incumb\u00eancias de assessorar os Programas de Pesquisa Institucional afetos \u00e0 Pr\u00f3-Reitoria de Pesquisa, Extens\u00e3o e P\u00f3s-Gradua\u00e7\u00e3o, respons\u00e1vel pela defini\u00e7\u00e3o das diretrizes gerais, pela operacionaliza\u00e7\u00e3o e pelo gerenciamento dos mesmos. Compete [&hellip;]<\/p>\n","protected":false},"author":1,"featured_media":0,"parent":0,"menu_order":0,"comment_status":"closed","ping_status":"closed","template":"","meta":[],"_links":{"self":[{"href":"https:\/\/san.uri.br\/sites\/site_novo\/index.php?rest_route=\/wp\/v2\/pages\/712"}],"collection":[{"href":"https:\/\/san.uri.br\/sites\/site_novo\/index.php?rest_route=\/wp\/v2\/pages"}],"about":[{"href":"https:\/\/san.uri.br\/sites\/site_novo\/index.php?rest_route=\/wp\/v2\/types\/page"}],"author":[{"embeddable":true,"href":"https:\/\/san.uri.br\/sites\/site_novo\/index.php?rest_route=\/wp\/v2\/users\/1"}],"replies":[{"embeddable":true,"href":"https:\/\/san.uri.br\/sites\/site_novo\/index.php?rest_route=%2Fwp%2Fv2%2Fcomments&post=712"}],"version-history":[{"count":8,"href":"https:\/\/san.uri.br\/sites\/site_novo\/index.php?rest_route=\/wp\/v2\/pages\/712\/revisions"}],"predecessor-version":[{"id":36542,"href":"https:\/\/san.uri.br\/sites\/site_novo\/index.php?rest_route=\/wp\/v2\/pages\/712\/revisions\/36542"}],"wp:attachment":[{"href":"https:\/\/san.uri.br\/sites\/site_novo\/index.php?rest_route=%2Fwp%2Fv2%2Fmedia&parent=712"}],"curies":[{"name":"wp","href":"https:\/\/api.w.org\/{rel}","templated":true}]}}