{"id":697,"date":"2015-06-22T18:15:47","date_gmt":"2015-06-22T18:15:47","guid":{"rendered":"http:\/\/san.uri.br\/sites\/site_novo\/?page_id=697"},"modified":"2021-11-22T15:06:56","modified_gmt":"2021-11-22T18:06:56","slug":"servicos","status":"publish","type":"page","link":"https:\/\/san.uri.br\/sites\/site_novo\/?page_id=697","title":{"rendered":"Servi\u00e7os"},"content":{"rendered":"<p><a href=\"http:\/\/hotspot.uri.br\/status\" target=\"_blank\" rel=\"noopener noreferrer\"><img loading=\"lazy\" src=\"https:\/\/san.uri.br\/sites\/site_novo\/wp-content\/uploads\/2015\/06\/wifi-logo.png\" alt=\"wifi-logo\" width=\"40\" height=\"27\" \/>Deslogar da Wifi<\/a><\/p>\n<p><a class=\"link_graduacao\" href=\"https:\/\/san.uri.br\/covid-19\/\" target=\"_blank\" rel=\"noopener noreferrer\">COVID-19<\/a><\/p>\n<p><a href=\"https:\/\/san.uri.br\/webmail\" target=\"_blank\" rel=\"noopener noreferrer\">Acesso ao e-Mail<\/a><\/p>\n<p><a class=\"link_graduacao\" href=\"https:\/\/srvapp2s.santoangelo.uri.br\/sites\/biblioteca\/\">Biblioteca \u2013\u00a0 Clique Aqui<\/a><\/p>\n<p><a href=\"https:\/\/san.uri.br\/sites\/site_novo\/?page_id=25741\">Cota\u00e7\u00e3o Previa de Pre\u00e7os &#8211; SICONV<\/a><\/p>\n<p><a href=\"http:\/\/srvapp2s.santoangelo.uri.br\/sites\/extensao\/\">Processos Seletivos<\/a><\/p>\n<p><a href=\"http:\/\/srvapp2s.santoangelo.uri.br\/sites\/extensao\/\">Profici\u00eancia<\/a><\/p>\n<p><a href=\"http:\/\/srvapp2s.santoangelo.uri.br\/sites\/extensao\/\">Concursos<\/a><\/p>\n<p><a class=\"link_graduacao\" href=\"https:\/\/portal.santoangelo.uri.br\/intranet\/\">Intranet &#8211; Clique Aqui<\/a><\/p>\n<p><a href=\"https:\/\/san.uri.br\/sites\/site_novo\/wp-content\/uploads\/2015\/06\/CENTRAL-TELEFONICA-RAMAIS\u20132021.pdf\">Telefones internos \u2013 Clique Aqui<\/a><\/p>\n<p><a class=\"link_graduacao\" href=\"https:\/\/portal.santoangelo.uri.br\/wa_opendata\/cert_find.aspx\">Certificados online<\/a><\/p>\n<p><a class=\"link_graduacao\" href=\"https:\/\/san.uri.br\/seer\">Revistas eletr\u00f4nicas <\/a><\/p>\n<p><a class=\"link_graduacao\" href=\"https:\/\/san.uri.br\/sites\/site_novo\/?page_id=706\">Editais\u00a0<\/a><\/p>\n<p><a class=\"link_graduacao\" href=\"https:\/\/portal.santoangelo.uri.br\/portal_asker\/login.aspx\">Portal do AskMath<\/a><\/p>\n<p><a href=\"https:\/\/portal.santoangelo.uri.br\/portal_aluno\"><img loading=\"lazy\" class=\"alignnone\" src=\"https:\/\/san.uri.br\/sites\/site_novo\/wp-content\/uploads\/2015\/06\/aluno.png\" alt=\"\" width=\"21\" height=\"29\" \/><\/a><a href=\"https:\/\/portal.santoangelo.uri.br\/portal_aluno\" target=\"_blank\" rel=\"noopener noreferrer\">\u00a0Portal do Aluno<\/a><\/p>\n<p><a href=\"https:\/\/portal.santoangelo.uri.br\/portal_egresso\" target=\"_blank\" rel=\"noopener noreferrer\">Portal do Egresso<\/a><\/p>\n<p><a href=\"https:\/\/portal.santoangelo.uri.br\/portal_funcionario\" target=\"_blank\" rel=\"noopener noreferrer\">Portal do Funcion\u00e1rio<\/a><\/p>\n<p><a href=\"https:\/\/portal.santoangelo.uri.br\/portal_professor\"><img loading=\"lazy\" class=\"alignnone\" src=\"https:\/\/san.uri.br\/sites\/site_novo\/wp-content\/uploads\/2015\/06\/prof.png\" alt=\"\" width=\"21\" height=\"29\" \/><\/a><a href=\"https:\/\/portal.santoangelo.uri.br\/portal_professor\" target=\"_blank\" rel=\"noopener noreferrer\">\u00a0Portal do Professor<br \/>\n<\/a><\/p>\n<p><a href=\"https:\/\/portal.santoangelo.uri.br\/ged\/login.aspx\">Portal GED<\/a><\/p>\n<p><strong>Apoio \u00e0 Disciplina<\/strong><\/p>\n<ul>\n<li><a href=\"https:\/\/teleduc.urisan.tche.br\/teleduc\/pagina_inicial\/index.php\">Apoio \u00e0\u00a0Disciplina-TeleEduc<\/a><\/li>\n<li><a href=\"httsp:\/\/srvapp2s.santoangelo.uri.br\/moodle\/login\/index.php\">Apoio \u00e0\u00a0Disciplina-Moodle<\/a><\/li>\n<\/ul>\n<p><a class=\"link_graduacao\" href=\"https:\/\/san.uri.br\/sites\/site_novo\/?page_id=898\">Departamento de Compras<\/a><\/p>\n<p><a class=\"link_graduacao\" href=\"https:\/\/san.uri.br\/mrtg\/oi.html\">Estat\u00edstica do Link<\/a><a class=\"link_graduacao\" href=\"https:\/\/portal.santoangelo.uri.br\/softlab\/\"><br \/>\n<\/a><br \/>\n<a class=\"link_graduacao\" href=\"https:\/\/san.uri.br\/sites\/site_servicos\/AnyDesk.exe\">Suporte T\u00e9cnico <\/a><\/p>\n<p><!-- <a href=\"https:\/\/santoangelo.uri.br\/index_antigo.php\" target=\"_blank\">Site Antigo - Anterior a Dezembro\/2015 --><\/p>\n<p><a href=\"https:\/\/san.uri.br\/sites\/site_novo\/wp-login.php\" target=\"_self\">\u00c1rea Administrativa<\/a><\/p>\n","protected":false},"excerpt":{"rendered":"<p>Deslogar da Wifi COVID-19 Acesso ao e-Mail Biblioteca \u2013\u00a0 Clique Aqui Cota\u00e7\u00e3o Previa de Pre\u00e7os &#8211; SICONV Processos Seletivos Profici\u00eancia Concursos Intranet &#8211; Clique Aqui Telefones internos \u2013 Clique Aqui Certificados online Revistas eletr\u00f4nicas Editais\u00a0 Portal do AskMath \u00a0Portal do Aluno Portal do Egresso Portal do Funcion\u00e1rio \u00a0Portal do Professor Portal GED Apoio \u00e0 Disciplina [&hellip;]<\/p>\n","protected":false},"author":1,"featured_media":0,"parent":0,"menu_order":0,"comment_status":"closed","ping_status":"closed","template":"page_servicos.php","meta":[],"_links":{"self":[{"href":"https:\/\/san.uri.br\/sites\/site_novo\/index.php?rest_route=\/wp\/v2\/pages\/697"}],"collection":[{"href":"https:\/\/san.uri.br\/sites\/site_novo\/index.php?rest_route=\/wp\/v2\/pages"}],"about":[{"href":"https:\/\/san.uri.br\/sites\/site_novo\/index.php?rest_route=\/wp\/v2\/types\/page"}],"author":[{"embeddable":true,"href":"https:\/\/san.uri.br\/sites\/site_novo\/index.php?rest_route=\/wp\/v2\/users\/1"}],"replies":[{"embeddable":true,"href":"https:\/\/san.uri.br\/sites\/site_novo\/index.php?rest_route=%2Fwp%2Fv2%2Fcomments&post=697"}],"version-history":[{"count":77,"href":"https:\/\/san.uri.br\/sites\/site_novo\/index.php?rest_route=\/wp\/v2\/pages\/697\/revisions"}],"predecessor-version":[{"id":29818,"href":"https:\/\/san.uri.br\/sites\/site_novo\/index.php?rest_route=\/wp\/v2\/pages\/697\/revisions\/29818"}],"wp:attachment":[{"href":"https:\/\/san.uri.br\/sites\/site_novo\/index.php?rest_route=%2Fwp%2Fv2%2Fmedia&parent=697"}],"curies":[{"name":"wp","href":"https:\/\/api.w.org\/{rel}","templated":true}]}}