{"id":663,"date":"2015-05-20T14:12:51","date_gmt":"2015-05-20T14:12:51","guid":{"rendered":"http:\/\/san.uri.br\/sites\/site_novo\/?page_id=663"},"modified":"2021-05-18T15:57:52","modified_gmt":"2021-05-18T18:57:52","slug":"ext","status":"publish","type":"page","link":"https:\/\/san.uri.br\/sites\/site_novo\/?page_id=663","title":{"rendered":"Extens\u00e3o"},"content":{"rendered":"<p>A URI tem o compromisso e a responsabilidade de incentivar toda a\u00e7\u00e3o que envolva e beneficie a comunidade. As a\u00e7\u00f5es de extens\u00e3o s\u00e3o Programas e Projetos voltados \u00e0s comunidades regionais, sendo um processo educativo, cultural e cient\u00edfico que articula o Ensino e a Pesquisa. S\u00e3o trabalhadas quest\u00f5es pr\u00f3ximas \u00e0 Universidade, buscando um conhecimento espec\u00edfico em cada \u00e1rea de atua\u00e7\u00e3o.<\/p>\n<p>O compromisso e miss\u00e3o da URI como universidade comunit\u00e1ria buscam a difus\u00e3o de conhecimentos , atrav\u00e9s de interven\u00e7\u00f5es positivas e objetivas no campo social. O comprometimento social se refor\u00e7a \u00e0 medida que os procedimentos colaboram com a forma\u00e7\u00e3o pessoal, a transforma\u00e7\u00e3o social e a sustentabilidade ambiental.<\/p>\n<p>A extens\u00e3o \u00e9 vista como uma forma de intera\u00e7\u00e3o universidade-comunidade num processo educativo, cultural e cient\u00edfico que articula ensino e pesquisa de forma harm\u00f4nica e estabelece a\u00e7\u00e3o transformadora na rela\u00e7\u00e3o de troca de informa\u00e7\u00f5es e saberes. Dessa forma, as pol\u00edticas de extens\u00e3o, na URI, envolvem criar condi\u00e7\u00f5es para a forma\u00e7\u00e3o de cidad\u00e3os capazes de integrar-se a a\u00e7\u00f5es que promovam o desenvolvimento sustent\u00e1vel da comunidade, difundindo e transferindo conhecimentos. O estudante integra o saber acad\u00eamico com a realidade social, descobre, aprende e ensina para construir um mundo melhor.<\/p>\n<p>A extens\u00e3o, na URI, executada de forma coerente e articulada com os objetivos e a miss\u00e3o da IES, centra suas atividades ao desenvolvimento local e regional autossustent\u00e1vel, \u00e0 integra\u00e7\u00e3o com a sociedade, \u00e0 valoriza\u00e7\u00e3o da cultura e das manifesta\u00e7\u00f5es regionais, \u00e0 sua difus\u00e3o pelos meios de comunica\u00e7\u00e3o e ao investimento em a\u00e7\u00f5es solid\u00e1rias. As atividades est\u00e3o voltadas para oito \u00e1reas tem\u00e1ticas: Comunica\u00e7\u00e3o, Cultura, Direitos Humanos e Justi\u00e7a, Educa\u00e7\u00e3o, Meio Ambiente, Sa\u00fade, Tecnologia e Produ\u00e7\u00e3o e, Trabalho.<\/p>\n<p>Inseridos nas tem\u00e1ticas, s\u00e3o desenvolvidos diversos Programas e Projetos de Extens\u00e3o, coordenados pela PROPEPG com aux\u00edlio do CIAPEx \u2013 Comit\u00ea de Avalia\u00e7\u00e3o de Projetos de Extens\u00e3o. Anualmente s\u00e3o aprovados editais para concess\u00e3o de Bolsas de Extens\u00e3o nos diversos programas, envolvendo acad\u00eamicos e docentes orientadores.<\/p>\n<p>Projetos de extens\u00e3o n\u00e3o vinculados aos Programas, t\u00eam fluxo cont\u00ednuo e atendem, principalmente, a demandas imediatas das comunidades de inser\u00e7\u00e3o institucional.<\/p>\n<p>&nbsp;<\/p>\n<p><a href=\"https:\/\/san.uri.br\/sites\/site_novo\/?page_id=26546\" target=\"_self\"><img loading=\"lazy\" class=\"aligncenter size-full wp-image-26555\" src=\"https:\/\/san.uri.br\/sites\/site_novo\/wp-content\/uploads\/2018\/04\/cursos-de-curta-dura\u00e7\u00e3o.png\" alt=\"\" width=\"1008\" height=\"147\" srcset=\"https:\/\/san.uri.br\/sites\/site_novo\/wp-content\/uploads\/2018\/04\/cursos-de-curta-dura\u00e7\u00e3o.png 1008w, https:\/\/san.uri.br\/sites\/site_novo\/wp-content\/uploads\/2018\/04\/cursos-de-curta-dura\u00e7\u00e3o-300x44.png 300w\" sizes=\"(max-width: 1008px) 100vw, 1008px\" \/><\/a><\/p>\n","protected":false},"excerpt":{"rendered":"<p>A URI tem o compromisso e a responsabilidade de incentivar toda a\u00e7\u00e3o que envolva e beneficie a comunidade. As a\u00e7\u00f5es de extens\u00e3o s\u00e3o Programas e Projetos voltados \u00e0s comunidades regionais, sendo um processo educativo, cultural e cient\u00edfico que articula o Ensino e a Pesquisa. S\u00e3o trabalhadas quest\u00f5es pr\u00f3ximas \u00e0 Universidade, buscando um conhecimento espec\u00edfico em [&hellip;]<\/p>\n","protected":false},"author":1,"featured_media":0,"parent":0,"menu_order":0,"comment_status":"closed","ping_status":"closed","template":"page_extensao.php","meta":[],"_links":{"self":[{"href":"https:\/\/san.uri.br\/sites\/site_novo\/index.php?rest_route=\/wp\/v2\/pages\/663"}],"collection":[{"href":"https:\/\/san.uri.br\/sites\/site_novo\/index.php?rest_route=\/wp\/v2\/pages"}],"about":[{"href":"https:\/\/san.uri.br\/sites\/site_novo\/index.php?rest_route=\/wp\/v2\/types\/page"}],"author":[{"embeddable":true,"href":"https:\/\/san.uri.br\/sites\/site_novo\/index.php?rest_route=\/wp\/v2\/users\/1"}],"replies":[{"embeddable":true,"href":"https:\/\/san.uri.br\/sites\/site_novo\/index.php?rest_route=%2Fwp%2Fv2%2Fcomments&post=663"}],"version-history":[{"count":3,"href":"https:\/\/san.uri.br\/sites\/site_novo\/index.php?rest_route=\/wp\/v2\/pages\/663\/revisions"}],"predecessor-version":[{"id":26590,"href":"https:\/\/san.uri.br\/sites\/site_novo\/index.php?rest_route=\/wp\/v2\/pages\/663\/revisions\/26590"}],"wp:attachment":[{"href":"https:\/\/san.uri.br\/sites\/site_novo\/index.php?rest_route=%2Fwp%2Fv2%2Fmedia&parent=663"}],"curies":[{"name":"wp","href":"https:\/\/api.w.org\/{rel}","templated":true}]}}