{"id":619,"date":"2015-05-13T19:20:32","date_gmt":"2015-05-13T19:20:32","guid":{"rendered":"http:\/\/san.uri.br\/sites\/site_novo\/?page_id=619"},"modified":"2015-05-13T19:20:32","modified_gmt":"2015-05-13T19:20:32","slug":"corpo-docente-quimica-industrial","status":"publish","type":"page","link":"https:\/\/san.uri.br\/sites\/site_novo\/?page_id=619","title":{"rendered":"Corpo Docente Qu\u00edmica Industrial"},"content":{"rendered":"<p>n\u00e3o editar essa p\u00e1gina<\/p>\n","protected":false},"excerpt":{"rendered":"<p>n\u00e3o editar essa p\u00e1gina<\/p>\n","protected":false},"author":1,"featured_media":0,"parent":0,"menu_order":0,"comment_status":"closed","ping_status":"closed","template":"page_corpo_docente_quimica_ind.php","meta":[],"_links":{"self":[{"href":"https:\/\/san.uri.br\/sites\/site_novo\/index.php?rest_route=\/wp\/v2\/pages\/619"}],"collection":[{"href":"https:\/\/san.uri.br\/sites\/site_novo\/index.php?rest_route=\/wp\/v2\/pages"}],"about":[{"href":"https:\/\/san.uri.br\/sites\/site_novo\/index.php?rest_route=\/wp\/v2\/types\/page"}],"author":[{"embeddable":true,"href":"https:\/\/san.uri.br\/sites\/site_novo\/index.php?rest_route=\/wp\/v2\/users\/1"}],"replies":[{"embeddable":true,"href":"https:\/\/san.uri.br\/sites\/site_novo\/index.php?rest_route=%2Fwp%2Fv2%2Fcomments&post=619"}],"version-history":[{"count":1,"href":"https:\/\/san.uri.br\/sites\/site_novo\/index.php?rest_route=\/wp\/v2\/pages\/619\/revisions"}],"predecessor-version":[{"id":620,"href":"https:\/\/san.uri.br\/sites\/site_novo\/index.php?rest_route=\/wp\/v2\/pages\/619\/revisions\/620"}],"wp:attachment":[{"href":"https:\/\/san.uri.br\/sites\/site_novo\/index.php?rest_route=%2Fwp%2Fv2%2Fmedia&parent=619"}],"curies":[{"name":"wp","href":"https:\/\/api.w.org\/{rel}","templated":true}]}}