{"id":460,"date":"2015-04-30T13:45:42","date_gmt":"2015-04-30T13:45:42","guid":{"rendered":"http:\/\/san.uri.br\/sites\/site_novo\/?page_id=460"},"modified":"2015-04-30T13:45:42","modified_gmt":"2015-04-30T13:45:42","slug":"corpo-docente-farmacia","status":"publish","type":"page","link":"https:\/\/san.uri.br\/sites\/site_novo\/?page_id=460","title":{"rendered":"Corpo Docente Farm\u00e1cia"},"content":{"rendered":"<p>N\u00e3o editar esse p\u00e1gina<\/p>\n","protected":false},"excerpt":{"rendered":"<p>N\u00e3o editar esse p\u00e1gina<\/p>\n","protected":false},"author":1,"featured_media":0,"parent":0,"menu_order":0,"comment_status":"closed","ping_status":"closed","template":"page_corpo_docente_farmacia.php","meta":[],"_links":{"self":[{"href":"https:\/\/san.uri.br\/sites\/site_novo\/index.php?rest_route=\/wp\/v2\/pages\/460"}],"collection":[{"href":"https:\/\/san.uri.br\/sites\/site_novo\/index.php?rest_route=\/wp\/v2\/pages"}],"about":[{"href":"https:\/\/san.uri.br\/sites\/site_novo\/index.php?rest_route=\/wp\/v2\/types\/page"}],"author":[{"embeddable":true,"href":"https:\/\/san.uri.br\/sites\/site_novo\/index.php?rest_route=\/wp\/v2\/users\/1"}],"replies":[{"embeddable":true,"href":"https:\/\/san.uri.br\/sites\/site_novo\/index.php?rest_route=%2Fwp%2Fv2%2Fcomments&post=460"}],"version-history":[{"count":1,"href":"https:\/\/san.uri.br\/sites\/site_novo\/index.php?rest_route=\/wp\/v2\/pages\/460\/revisions"}],"predecessor-version":[{"id":461,"href":"https:\/\/san.uri.br\/sites\/site_novo\/index.php?rest_route=\/wp\/v2\/pages\/460\/revisions\/461"}],"wp:attachment":[{"href":"https:\/\/san.uri.br\/sites\/site_novo\/index.php?rest_route=%2Fwp%2Fv2%2Fmedia&parent=460"}],"curies":[{"name":"wp","href":"https:\/\/api.w.org\/{rel}","templated":true}]}}