{"id":426,"date":"2015-04-29T18:26:42","date_gmt":"2015-04-29T18:26:42","guid":{"rendered":"http:\/\/san.uri.br\/sites\/site_novo\/?page_id=426"},"modified":"2015-04-29T18:26:42","modified_gmt":"2015-04-29T18:26:42","slug":"corpo-docente-ciencia-da-computacao","status":"publish","type":"page","link":"https:\/\/san.uri.br\/sites\/site_novo\/?page_id=426","title":{"rendered":"Corpo Docente Ci\u00eancia da Computa\u00e7\u00e3o"},"content":{"rendered":"<p>n\u00e3o editar essa pagina<\/p>\n","protected":false},"excerpt":{"rendered":"<p>n\u00e3o editar essa pagina<\/p>\n","protected":false},"author":5,"featured_media":0,"parent":0,"menu_order":0,"comment_status":"closed","ping_status":"closed","template":"page_corpo_docente_computacao.php","meta":[],"_links":{"self":[{"href":"https:\/\/san.uri.br\/sites\/site_novo\/index.php?rest_route=\/wp\/v2\/pages\/426"}],"collection":[{"href":"https:\/\/san.uri.br\/sites\/site_novo\/index.php?rest_route=\/wp\/v2\/pages"}],"about":[{"href":"https:\/\/san.uri.br\/sites\/site_novo\/index.php?rest_route=\/wp\/v2\/types\/page"}],"author":[{"embeddable":true,"href":"https:\/\/san.uri.br\/sites\/site_novo\/index.php?rest_route=\/wp\/v2\/users\/5"}],"replies":[{"embeddable":true,"href":"https:\/\/san.uri.br\/sites\/site_novo\/index.php?rest_route=%2Fwp%2Fv2%2Fcomments&post=426"}],"version-history":[{"count":1,"href":"https:\/\/san.uri.br\/sites\/site_novo\/index.php?rest_route=\/wp\/v2\/pages\/426\/revisions"}],"predecessor-version":[{"id":427,"href":"https:\/\/san.uri.br\/sites\/site_novo\/index.php?rest_route=\/wp\/v2\/pages\/426\/revisions\/427"}],"wp:attachment":[{"href":"https:\/\/san.uri.br\/sites\/site_novo\/index.php?rest_route=%2Fwp%2Fv2%2Fmedia&parent=426"}],"curies":[{"name":"wp","href":"https:\/\/api.w.org\/{rel}","templated":true}]}}