{"id":424,"date":"2015-04-29T18:26:04","date_gmt":"2015-04-29T18:26:04","guid":{"rendered":"http:\/\/san.uri.br\/sites\/site_novo\/?page_id=424"},"modified":"2015-04-29T18:26:04","modified_gmt":"2015-04-29T18:26:04","slug":"curriculo-ciencia-da-computacao","status":"publish","type":"page","link":"https:\/\/san.uri.br\/sites\/site_novo\/?page_id=424","title":{"rendered":"Curriculo Ci\u00eancia da Computa\u00e7\u00e3o"},"content":{"rendered":"<p>N\u00e3o editar essa pagina<\/p>\n","protected":false},"excerpt":{"rendered":"<p>N\u00e3o editar essa pagina<\/p>\n","protected":false},"author":5,"featured_media":0,"parent":0,"menu_order":0,"comment_status":"closed","ping_status":"closed","template":"page_curr_computacao.php","meta":[],"_links":{"self":[{"href":"https:\/\/san.uri.br\/sites\/site_novo\/index.php?rest_route=\/wp\/v2\/pages\/424"}],"collection":[{"href":"https:\/\/san.uri.br\/sites\/site_novo\/index.php?rest_route=\/wp\/v2\/pages"}],"about":[{"href":"https:\/\/san.uri.br\/sites\/site_novo\/index.php?rest_route=\/wp\/v2\/types\/page"}],"author":[{"embeddable":true,"href":"https:\/\/san.uri.br\/sites\/site_novo\/index.php?rest_route=\/wp\/v2\/users\/5"}],"replies":[{"embeddable":true,"href":"https:\/\/san.uri.br\/sites\/site_novo\/index.php?rest_route=%2Fwp%2Fv2%2Fcomments&post=424"}],"version-history":[{"count":1,"href":"https:\/\/san.uri.br\/sites\/site_novo\/index.php?rest_route=\/wp\/v2\/pages\/424\/revisions"}],"predecessor-version":[{"id":425,"href":"https:\/\/san.uri.br\/sites\/site_novo\/index.php?rest_route=\/wp\/v2\/pages\/424\/revisions\/425"}],"wp:attachment":[{"href":"https:\/\/san.uri.br\/sites\/site_novo\/index.php?rest_route=%2Fwp%2Fv2%2Fmedia&parent=424"}],"curies":[{"name":"wp","href":"https:\/\/api.w.org\/{rel}","templated":true}]}}