{"id":397,"date":"2015-04-29T17:53:21","date_gmt":"2015-04-29T17:53:21","guid":{"rendered":"http:\/\/san.uri.br\/sites\/site_novo\/?page_id=397"},"modified":"2015-04-29T18:03:38","modified_gmt":"2015-04-29T18:03:38","slug":"curriculo-ciencias-contabeis","status":"publish","type":"page","link":"https:\/\/san.uri.br\/sites\/site_novo\/?page_id=397","title":{"rendered":"Curriculo Ci\u00eancias Cont\u00e1beis"},"content":{"rendered":"<p>n\u00e3o editar<\/p>\n","protected":false},"excerpt":{"rendered":"<p>n\u00e3o editar<\/p>\n","protected":false},"author":1,"featured_media":0,"parent":0,"menu_order":0,"comment_status":"closed","ping_status":"closed","template":"page_curr_cco.php","meta":[],"_links":{"self":[{"href":"https:\/\/san.uri.br\/sites\/site_novo\/index.php?rest_route=\/wp\/v2\/pages\/397"}],"collection":[{"href":"https:\/\/san.uri.br\/sites\/site_novo\/index.php?rest_route=\/wp\/v2\/pages"}],"about":[{"href":"https:\/\/san.uri.br\/sites\/site_novo\/index.php?rest_route=\/wp\/v2\/types\/page"}],"author":[{"embeddable":true,"href":"https:\/\/san.uri.br\/sites\/site_novo\/index.php?rest_route=\/wp\/v2\/users\/1"}],"replies":[{"embeddable":true,"href":"https:\/\/san.uri.br\/sites\/site_novo\/index.php?rest_route=%2Fwp%2Fv2%2Fcomments&post=397"}],"version-history":[{"count":2,"href":"https:\/\/san.uri.br\/sites\/site_novo\/index.php?rest_route=\/wp\/v2\/pages\/397\/revisions"}],"predecessor-version":[{"id":411,"href":"https:\/\/san.uri.br\/sites\/site_novo\/index.php?rest_route=\/wp\/v2\/pages\/397\/revisions\/411"}],"wp:attachment":[{"href":"https:\/\/san.uri.br\/sites\/site_novo\/index.php?rest_route=%2Fwp%2Fv2%2Fmedia&parent=397"}],"curies":[{"name":"wp","href":"https:\/\/api.w.org\/{rel}","templated":true}]}}