{"id":395,"date":"2015-04-29T17:52:09","date_gmt":"2015-04-29T17:52:09","guid":{"rendered":"http:\/\/san.uri.br\/sites\/site_novo\/?page_id=395"},"modified":"2015-04-29T18:02:12","modified_gmt":"2015-04-29T18:02:12","slug":"corpo-docente-ciencias-contabeis","status":"publish","type":"page","link":"https:\/\/san.uri.br\/sites\/site_novo\/?page_id=395","title":{"rendered":"Corpo Docente Ci\u00eancias Cont\u00e1beis"},"content":{"rendered":"<p>n\u00e3o editar<\/p>\n","protected":false},"excerpt":{"rendered":"<p>n\u00e3o editar<\/p>\n","protected":false},"author":1,"featured_media":0,"parent":0,"menu_order":0,"comment_status":"closed","ping_status":"closed","template":"page_corpo_docente_cco.php","meta":[],"_links":{"self":[{"href":"https:\/\/san.uri.br\/sites\/site_novo\/index.php?rest_route=\/wp\/v2\/pages\/395"}],"collection":[{"href":"https:\/\/san.uri.br\/sites\/site_novo\/index.php?rest_route=\/wp\/v2\/pages"}],"about":[{"href":"https:\/\/san.uri.br\/sites\/site_novo\/index.php?rest_route=\/wp\/v2\/types\/page"}],"author":[{"embeddable":true,"href":"https:\/\/san.uri.br\/sites\/site_novo\/index.php?rest_route=\/wp\/v2\/users\/1"}],"replies":[{"embeddable":true,"href":"https:\/\/san.uri.br\/sites\/site_novo\/index.php?rest_route=%2Fwp%2Fv2%2Fcomments&post=395"}],"version-history":[{"count":2,"href":"https:\/\/san.uri.br\/sites\/site_novo\/index.php?rest_route=\/wp\/v2\/pages\/395\/revisions"}],"predecessor-version":[{"id":408,"href":"https:\/\/san.uri.br\/sites\/site_novo\/index.php?rest_route=\/wp\/v2\/pages\/395\/revisions\/408"}],"wp:attachment":[{"href":"https:\/\/san.uri.br\/sites\/site_novo\/index.php?rest_route=%2Fwp%2Fv2%2Fmedia&parent=395"}],"curies":[{"name":"wp","href":"https:\/\/api.w.org\/{rel}","templated":true}]}}