{"id":35483,"date":"2025-08-05T20:33:15","date_gmt":"2025-08-05T23:33:15","guid":{"rendered":"https:\/\/san.uri.br\/sites\/site_novo\/?page_id=35483"},"modified":"2025-08-12T16:39:43","modified_gmt":"2025-08-12T19:39:43","slug":"laboratorio-escola-de-analises-clinicas","status":"publish","type":"page","link":"https:\/\/san.uri.br\/sites\/site_novo\/?page_id=35483","title":{"rendered":"LABORAT\u00d3RIO ESCOLA DE AN\u00c1LISES CL\u00cdNICAS"},"content":{"rendered":"\n<p>O LabURI atende alunos de Biomedicina, Farm\u00e1cia e Enfermagem, al\u00e9m de oferecer seus servi\u00e7os ao p\u00fablico da cidade de Santo \u00c2ngelo e regi\u00e3o.<\/p>\n\n\n\n<p>O laborat\u00f3rio realiza desde exames comuns, como hemogramas, at\u00e9 testes mais complexos, gra\u00e7as \u00e0s parcerias firmadas com renomados laborat\u00f3rios nacionais, o DB Diagn\u00f3sticos de S\u00e3o Jos\u00e9 dos Pinhais-PR e o Hermes Pardini, de Belo Horizonte-MG.<\/p>\n\n\n\n<p>O LabURI oferece um atendimento diferenciado \u00e0 comunidade, com pre\u00e7os acess\u00edveis.<\/p>\n\n\n\n<p>O laborat\u00f3rio cumpre rigorosamente as normas da RDC 50 da ANVISA, com instala\u00e7\u00f5es modernas com bancadas em inox e \u00e1reas espec\u00edficas para esteriliza\u00e7\u00e3o e descarte de res\u00edduos.<\/p>\n\n\n\n<p><strong>SERVI\u00c7OS \u00c0 COMUNIDADE<\/strong><\/p>\n\n\n\n<ul><li>An\u00e1lises Cl\u00ednicas<\/li><li>Testes Toxicol\u00f3gicos<\/li><li>Dosagens Hormonais<\/li><li>Teste do Pezinho<\/li><li>Testes Gen\u00e9ticos<\/li><li>Sexagem Fetal<\/li><\/ul>\n\n\n\n<p>Para mais informa\u00e7\u00f5es, o p\u00fablico pode entrar em contato:<\/p>\n\n\n\n<div class=\"wp-block-columns cor_fundo_horizontal\">\n\n\t<div class=\"wp-block-column\">\n\t\t<div class=\"wp-block-group has-background\" style=\"background-color:#f5f7f8\">\n\t\t\t<div class=\"wp-block-group__inner-container\">\n\t\t\t\t<div class=\"icone_sae\"><i class=\"pr-3 fa fa-clock-o\"><\/i><\/div>\n\t\t\t\t<p class=\"has-text-align-center titulo_azul\">HOR\u00c1RIO DE ATENDIMENTO<\/p>\n\t\t\t\t <p class=\"has-text-align-center\">Segunda a sexta-feira<\/p>\n\t\t\t\t<p class=\"has-text-align-center\">7h30 \u00e0s 11h30 <br \/> das 13h30 \u00e0s 17h<\/p>\n\t\t\t<\/div>\n\t\t<\/div>\n\t<\/div>\n\n\t<div class=\"wp-block-column\">\n\t\t<div class=\"wp-block-group has-background\" style=\"background-color:#f5f7f8\">\n\t\t\t<div class=\"wp-block-group__inner-container\">\n\t\t\t\t<div class=\"icone_sae\"><i class=\"pr-3 fa fa-whatsapp\"><\/i><\/div>\n\t\t\t\t\t<p class=\"has-text-align-center titulo_azul\">WHATSAPP<\/p>\n\t\t\t\t\t<p class=\"has-text-align-center\"><a href=\"https:\/\/api.whatsapp.com\/send?phone=55996258491\">(55) 99625-8491<\/a><\/p>\n\t\t\t<\/div>\n\t\t<\/div>\n\t<\/div>\n\n\t<div class=\"wp-block-column\">\n\t\t<div class=\"wp-block-group has-background\" style=\"background-color:#f5f7f8\">\n\t\t\t<div class=\"wp-block-group__inner-container\">\n\t\t\t\t<div class=\"icone_sae\"><i class=\"pr-3 fa fa-phone\"><\/i><\/div>\n\t\t\t\t\t<p class=\"has-text-align-center titulo_azul\">TELEFONE<\/p>\n\t\t\t\t\t<p class=\"has-text-align-center\">(55)3201-6261 <br \/>ramal 7961<\/p>\n\t\t\t<\/div>\n\t\t<\/div>\n\t<\/div>\n\n<div class=\"wp-block-column\">\n\t\t<div class=\"wp-block-group has-background\" style=\"background-color:#f5f7f8\">\n\t\t\t<div class=\"wp-block-group__inner-container\">\n\t\t\t\t<div class=\"icone_sae\"><i class=\"pr-3 fa fa-envelope\"><\/i><\/div>\n\t\t\t\t\t<p class=\"has-text-align-center titulo_azul\">E-MAIL<\/p>\n\t\t\t\t\t<p class=\"has-text-align-center\"><a href=\"mailto: laburianalisesclinicas@san.uri.br\">laburianalisesclinicas@san.uri.br<\/a><\/p>\n\t\t\t<\/div>\n\t\t<\/div>\n\t<\/div>\n\n<\/div>\n\n\n\n<div class=\"wp-block-columns\">\n<div class=\"wp-block-column\">\n<figure class=\"wp-block-image size-large\"><img loading=\"lazy\" width=\"1044\" height=\"587\" src=\"https:\/\/san.uri.br\/sites\/site_novo\/wp-content\/uploads\/2025\/08\/DSC3547-1044x587.jpg\" alt=\"\" class=\"wp-image-35495\" srcset=\"https:\/\/san.uri.br\/sites\/site_novo\/wp-content\/uploads\/2025\/08\/DSC3547-1044x587.jpg 1044w, https:\/\/san.uri.br\/sites\/site_novo\/wp-content\/uploads\/2025\/08\/DSC3547-300x169.jpg 300w, https:\/\/san.uri.br\/sites\/site_novo\/wp-content\/uploads\/2025\/08\/DSC3547-1536x864.jpg 1536w, https:\/\/san.uri.br\/sites\/site_novo\/wp-content\/uploads\/2025\/08\/DSC3547-2048x1152.jpg 2048w, https:\/\/san.uri.br\/sites\/site_novo\/wp-content\/uploads\/2025\/08\/DSC3547-1280x720.jpg 1280w\" sizes=\"(max-width: 1044px) 100vw, 1044px\" \/><\/figure>\n<\/div>\n\n\n\n<div class=\"wp-block-column\">\n<figure class=\"wp-block-image size-large\"><img loading=\"lazy\" width=\"1044\" height=\"587\" src=\"https:\/\/san.uri.br\/sites\/site_novo\/wp-content\/uploads\/2025\/08\/DSC3553-1044x587.jpg\" alt=\"\" class=\"wp-image-35496\" srcset=\"https:\/\/san.uri.br\/sites\/site_novo\/wp-content\/uploads\/2025\/08\/DSC3553-1044x587.jpg 1044w, https:\/\/san.uri.br\/sites\/site_novo\/wp-content\/uploads\/2025\/08\/DSC3553-300x169.jpg 300w, https:\/\/san.uri.br\/sites\/site_novo\/wp-content\/uploads\/2025\/08\/DSC3553-1536x864.jpg 1536w, https:\/\/san.uri.br\/sites\/site_novo\/wp-content\/uploads\/2025\/08\/DSC3553-2048x1152.jpg 2048w, https:\/\/san.uri.br\/sites\/site_novo\/wp-content\/uploads\/2025\/08\/DSC3553-1280x720.jpg 1280w\" sizes=\"(max-width: 1044px) 100vw, 1044px\" \/><\/figure>\n<\/div>\n\n\n\n<div class=\"wp-block-column\">\n<figure class=\"wp-block-image size-full\"><img loading=\"lazy\" width=\"1044\" height=\"587\" src=\"https:\/\/san.uri.br\/sites\/site_novo\/wp-content\/uploads\/2025\/08\/Imagem-do-WhatsApp-de-2025-08-05-as-17.44.42_41713838.jpg\" alt=\"\" class=\"wp-image-35497\" srcset=\"https:\/\/san.uri.br\/sites\/site_novo\/wp-content\/uploads\/2025\/08\/Imagem-do-WhatsApp-de-2025-08-05-as-17.44.42_41713838.jpg 1044w, https:\/\/san.uri.br\/sites\/site_novo\/wp-content\/uploads\/2025\/08\/Imagem-do-WhatsApp-de-2025-08-05-as-17.44.42_41713838-300x169.jpg 300w\" sizes=\"(max-width: 1044px) 100vw, 1044px\" \/><\/figure>\n<\/div>\n<\/div>\n","protected":false},"excerpt":{"rendered":"<p>O LabURI atende alunos de Biomedicina, Farm\u00e1cia e Enfermagem, al\u00e9m de oferecer seus servi\u00e7os ao p\u00fablico da cidade de Santo \u00c2ngelo e regi\u00e3o. O laborat\u00f3rio realiza desde exames comuns, como hemogramas, at\u00e9 testes mais complexos, gra\u00e7as \u00e0s parcerias firmadas com renomados laborat\u00f3rios nacionais, o DB Diagn\u00f3sticos de S\u00e3o Jos\u00e9 dos Pinhais-PR e o Hermes Pardini, [&hellip;]<\/p>\n","protected":false},"author":1,"featured_media":0,"parent":0,"menu_order":0,"comment_status":"closed","ping_status":"closed","template":"","meta":[],"_links":{"self":[{"href":"https:\/\/san.uri.br\/sites\/site_novo\/index.php?rest_route=\/wp\/v2\/pages\/35483"}],"collection":[{"href":"https:\/\/san.uri.br\/sites\/site_novo\/index.php?rest_route=\/wp\/v2\/pages"}],"about":[{"href":"https:\/\/san.uri.br\/sites\/site_novo\/index.php?rest_route=\/wp\/v2\/types\/page"}],"author":[{"embeddable":true,"href":"https:\/\/san.uri.br\/sites\/site_novo\/index.php?rest_route=\/wp\/v2\/users\/1"}],"replies":[{"embeddable":true,"href":"https:\/\/san.uri.br\/sites\/site_novo\/index.php?rest_route=%2Fwp%2Fv2%2Fcomments&post=35483"}],"version-history":[{"count":5,"href":"https:\/\/san.uri.br\/sites\/site_novo\/index.php?rest_route=\/wp\/v2\/pages\/35483\/revisions"}],"predecessor-version":[{"id":35507,"href":"https:\/\/san.uri.br\/sites\/site_novo\/index.php?rest_route=\/wp\/v2\/pages\/35483\/revisions\/35507"}],"wp:attachment":[{"href":"https:\/\/san.uri.br\/sites\/site_novo\/index.php?rest_route=%2Fwp%2Fv2%2Fmedia&parent=35483"}],"curies":[{"name":"wp","href":"https:\/\/api.w.org\/{rel}","templated":true}]}}