{"id":35471,"date":"2025-08-05T19:16:46","date_gmt":"2025-08-05T22:16:46","guid":{"rendered":"https:\/\/san.uri.br\/sites\/site_novo\/?page_id=35471"},"modified":"2025-08-05T21:00:50","modified_gmt":"2025-08-06T00:00:50","slug":"centro-clinico-veterinaria","status":"publish","type":"page","link":"https:\/\/san.uri.br\/sites\/site_novo\/?page_id=35471","title":{"rendered":"Centro Cl\u00ednico Veterin\u00e1rio"},"content":{"rendered":"\n<p>O Centro Cl\u00ednico faz parte do curso de Medicina Veterin\u00e1ria da Universidade URI Santo \u00c2ngelo.<\/p>\n\n\n\n<p>&nbsp;&nbsp;&nbsp;&nbsp;&nbsp;&nbsp;&nbsp;&nbsp;&nbsp;&nbsp;&nbsp; Ele surgiu para proporcionar aos alunos uma viv\u00eancia pr\u00e1tica, tanto na \u00e1rea de cl\u00ednica m\u00e9dico quanto em cl\u00ednica cir\u00fargica.<\/p>\n\n\n\n<p>&nbsp;&nbsp;&nbsp;&nbsp;&nbsp;&nbsp;&nbsp;&nbsp;&nbsp;&nbsp;&nbsp; O Centro Cl\u00ednico Veterin\u00e1rio, tamb\u00e9m coloca toda sua estrutura para atendimentos ao p\u00fablico externo da comunidade.<\/p>\n\n\n\n<p>&nbsp;&nbsp;&nbsp;&nbsp;&nbsp;&nbsp;&nbsp;&nbsp;&nbsp;&nbsp;&nbsp; A equipe do Centro Cl\u00ednico conta com excelentes profissionais, sempre em busca da melhor forma de atender as demandas dos nossos pacientes e seus tutores.<\/p>\n\n\n\n<p>&nbsp;&nbsp;&nbsp;&nbsp;&nbsp;&nbsp;&nbsp;&nbsp;&nbsp;&nbsp;&nbsp; O Centro Cl\u00ednico, possui 3 laborat\u00f3rios e 2 ambulat\u00f3rios destinados para c\u00e3es e silvestres e um para felinos.&nbsp;<\/p>\n\n\n\n<p>&nbsp;&nbsp;&nbsp;&nbsp;&nbsp;&nbsp;&nbsp;&nbsp;&nbsp;&nbsp;&nbsp; Possui uma sala de diagn\u00f3stico por imagem, com equipamentos para realiza\u00e7\u00e3o tanto de Raio X como Ultrassom para animais dom\u00e9sticos.<\/p>\n\n\n\n<p>&nbsp;&nbsp;&nbsp;&nbsp;&nbsp;&nbsp;&nbsp;&nbsp;&nbsp;&nbsp;&nbsp; O local possibilita com seguran\u00e7a a realiza\u00e7\u00e3o de cirurgias em geral, formado por 2 blocos cir\u00fargicos amplos que tamb\u00e9m s\u00e3o destinados para aulas pr\u00e1ticas e outro exclusivo para rotinas.<\/p>\n\n\n\n<p>&nbsp;&nbsp;&nbsp;&nbsp;&nbsp;&nbsp;&nbsp;&nbsp;&nbsp;&nbsp;&nbsp; Existe uma Central de Medicamentos Pr\u00f3pria para uso interno dos nossos pacientes.<\/p>\n\n\n\n<p>&nbsp;&nbsp;&nbsp;&nbsp;&nbsp;&nbsp;&nbsp;&nbsp;&nbsp;&nbsp;&nbsp; Tamb\u00e9m possui 3 salas para interna\u00e7\u00e3o, onde os animais ficam acomodados at\u00e9 o fim do dia, aguardando seus tutores.<\/p>\n\n\n\n<p>&nbsp;&nbsp;&nbsp;&nbsp;&nbsp;&nbsp;&nbsp;&nbsp;&nbsp;&nbsp;&nbsp; As salas s\u00e3o separadas por esp\u00e9cies, ambas climatizadas para melhor acomodar nossos pacientes.<\/p>\n\n\n\n<p>&nbsp;&nbsp;&nbsp;&nbsp;&nbsp;&nbsp;&nbsp;&nbsp;&nbsp;&nbsp;&nbsp; O Laborat\u00f3rio de An\u00e1lises Cl\u00ednicas, conta com equipamentos de ponta, onde s\u00e3o realizados diversos tipos de exames, inclusive para clinicas parceiras.<\/p>\n\n\n\n<p>&nbsp;&nbsp;&nbsp;&nbsp;&nbsp;&nbsp;&nbsp;&nbsp;&nbsp;&nbsp;&nbsp; <strong>SERVI\u00c7OS \u00c0 COMUNIDADE<\/strong><\/p>\n\n\n\n<ul><li>Consultas<\/li><li>Exames de Imagem<\/li><li>Exames Laboratoriais<\/li><li>Cirurgias<\/li><li>Vacinas<\/li><\/ul>\n\n\n\n<div class=\"wp-block-columns cor_fundo_horizontal\">\n\n<div class=\"wp-block-column\">\n<div class=\"wp-block-group has-background\" style=\"background-color:#f5f7f8\"><div class=\"wp-block-group__inner-container\">\n<div class=\"icone_sae\"><i class=\"pr-3 fa fa-map-marker\"><\/i><\/div>\n\n<p class=\"has-text-align-center titulo_azul\">Localiza\u00e7\u00e3o\n<\/p><p class=\"has-text-align-center\"> Pr\u00e9dio 4 do Campus Universit\u00e1rio da URI<\/p>\n<\/div><\/div>\n<\/div>\n\n\n<div class=\"wp-block-column\">\n<div class=\"wp-block-group has-background\" style=\"background-color:#f5f7f8\"><div class=\"wp-block-group__inner-container\">\n<div class=\"icone_sae\"><i class=\"pr-3 fa fa-clock-o\"><\/i><\/div>\n<p class=\"has-text-align-center titulo_azul\">HOR\u00c1RIO DE ATENDIMENTO<\/p>\n<p class=\"has-text-align-center\">7h45 \u00e0s 11h45 <br \/> das 13h30 \u00e0s 17h30<\/p>\n<\/div><\/div>\n<\/div>\n\n<div class=\"wp-block-column\">\n<div class=\"wp-block-group has-background\" style=\"background-color:#f5f7f8\"><div class=\"wp-block-group__inner-container\">\n<div class=\"icone_sae\"><i class=\"pr-3 fa fa-whatsapp\"><\/i><\/div>\n\n\n<p class=\"has-text-align-center titulo_azul\">TELEFONE\/WHATSAPP<\/p>\n\n\n<p class=\"has-text-align-center\"><a href=\"https:\/\/api.whatsapp.com\/send?phone=5532016277\">(55) 3201-6277<\/a><\/p>\n<\/div><\/div>\n<\/div>\n<\/div>\n\n\n\n<div class=\"wp-block-columns are-vertically-aligned-center\">\n<div class=\"wp-block-column is-vertically-aligned-center\" style=\"flex-basis:100%\"><\/div>\n<\/div>\n\n\n\n<div class=\"wp-block-columns\">\n<div class=\"wp-block-column\">\n<figure class=\"wp-block-image size-large\"><img loading=\"lazy\" width=\"1044\" height=\"696\" src=\"https:\/\/san.uri.br\/sites\/site_novo\/wp-content\/uploads\/2025\/08\/DSC02698-1-1044x696.jpg\" alt=\"\" class=\"wp-image-35491\" srcset=\"https:\/\/san.uri.br\/sites\/site_novo\/wp-content\/uploads\/2025\/08\/DSC02698-1-1044x696.jpg 1044w, https:\/\/san.uri.br\/sites\/site_novo\/wp-content\/uploads\/2025\/08\/DSC02698-1-300x200.jpg 300w, https:\/\/san.uri.br\/sites\/site_novo\/wp-content\/uploads\/2025\/08\/DSC02698-1-1536x1025.jpg 1536w, https:\/\/san.uri.br\/sites\/site_novo\/wp-content\/uploads\/2025\/08\/DSC02698-1-2048x1366.jpg 2048w\" sizes=\"(max-width: 1044px) 100vw, 1044px\" \/><\/figure>\n<\/div>\n\n\n\n<div class=\"wp-block-column\">\n<figure class=\"wp-block-image size-large\"><img loading=\"lazy\" width=\"1044\" height=\"696\" src=\"https:\/\/san.uri.br\/sites\/site_novo\/wp-content\/uploads\/2025\/08\/DSC02711-1-1044x696.jpg\" alt=\"\" class=\"wp-image-35492\" srcset=\"https:\/\/san.uri.br\/sites\/site_novo\/wp-content\/uploads\/2025\/08\/DSC02711-1-1044x696.jpg 1044w, https:\/\/san.uri.br\/sites\/site_novo\/wp-content\/uploads\/2025\/08\/DSC02711-1-300x200.jpg 300w, https:\/\/san.uri.br\/sites\/site_novo\/wp-content\/uploads\/2025\/08\/DSC02711-1-1536x1025.jpg 1536w, https:\/\/san.uri.br\/sites\/site_novo\/wp-content\/uploads\/2025\/08\/DSC02711-1-2048x1366.jpg 2048w\" sizes=\"(max-width: 1044px) 100vw, 1044px\" \/><\/figure>\n<\/div>\n\n\n\n<div class=\"wp-block-column\">\n<figure class=\"wp-block-image size-large\"><img loading=\"lazy\" width=\"1044\" height=\"696\" src=\"https:\/\/san.uri.br\/sites\/site_novo\/wp-content\/uploads\/2025\/08\/DSC02772-1-1044x696.jpg\" alt=\"\" class=\"wp-image-35493\" srcset=\"https:\/\/san.uri.br\/sites\/site_novo\/wp-content\/uploads\/2025\/08\/DSC02772-1-1044x696.jpg 1044w, https:\/\/san.uri.br\/sites\/site_novo\/wp-content\/uploads\/2025\/08\/DSC02772-1-300x200.jpg 300w, https:\/\/san.uri.br\/sites\/site_novo\/wp-content\/uploads\/2025\/08\/DSC02772-1-1536x1025.jpg 1536w, https:\/\/san.uri.br\/sites\/site_novo\/wp-content\/uploads\/2025\/08\/DSC02772-1-2048x1366.jpg 2048w\" sizes=\"(max-width: 1044px) 100vw, 1044px\" \/><\/figure>\n<\/div>\n<\/div>\n","protected":false},"excerpt":{"rendered":"<p>O Centro Cl\u00ednico faz parte do curso de Medicina Veterin\u00e1ria da Universidade URI Santo \u00c2ngelo. &nbsp;&nbsp;&nbsp;&nbsp;&nbsp;&nbsp;&nbsp;&nbsp;&nbsp;&nbsp;&nbsp; Ele surgiu para proporcionar aos alunos uma viv\u00eancia pr\u00e1tica, tanto na \u00e1rea de cl\u00ednica m\u00e9dico quanto em cl\u00ednica cir\u00fargica. &nbsp;&nbsp;&nbsp;&nbsp;&nbsp;&nbsp;&nbsp;&nbsp;&nbsp;&nbsp;&nbsp; O Centro Cl\u00ednico Veterin\u00e1rio, tamb\u00e9m coloca toda sua estrutura para atendimentos ao p\u00fablico externo da comunidade. &nbsp;&nbsp;&nbsp;&nbsp;&nbsp;&nbsp;&nbsp;&nbsp;&nbsp;&nbsp;&nbsp; A equipe [&hellip;]<\/p>\n","protected":false},"author":1,"featured_media":0,"parent":0,"menu_order":0,"comment_status":"closed","ping_status":"closed","template":"","meta":[],"_links":{"self":[{"href":"https:\/\/san.uri.br\/sites\/site_novo\/index.php?rest_route=\/wp\/v2\/pages\/35471"}],"collection":[{"href":"https:\/\/san.uri.br\/sites\/site_novo\/index.php?rest_route=\/wp\/v2\/pages"}],"about":[{"href":"https:\/\/san.uri.br\/sites\/site_novo\/index.php?rest_route=\/wp\/v2\/types\/page"}],"author":[{"embeddable":true,"href":"https:\/\/san.uri.br\/sites\/site_novo\/index.php?rest_route=\/wp\/v2\/users\/1"}],"replies":[{"embeddable":true,"href":"https:\/\/san.uri.br\/sites\/site_novo\/index.php?rest_route=%2Fwp%2Fv2%2Fcomments&post=35471"}],"version-history":[{"count":9,"href":"https:\/\/san.uri.br\/sites\/site_novo\/index.php?rest_route=\/wp\/v2\/pages\/35471\/revisions"}],"predecessor-version":[{"id":35494,"href":"https:\/\/san.uri.br\/sites\/site_novo\/index.php?rest_route=\/wp\/v2\/pages\/35471\/revisions\/35494"}],"wp:attachment":[{"href":"https:\/\/san.uri.br\/sites\/site_novo\/index.php?rest_route=%2Fwp%2Fv2%2Fmedia&parent=35471"}],"curies":[{"name":"wp","href":"https:\/\/api.w.org\/{rel}","templated":true}]}}