{"id":29497,"date":"2022-03-17T15:51:20","date_gmt":"2022-03-17T18:51:20","guid":{"rendered":"http:\/\/san.uri.br\/sites\/site_novo\/?page_id=29497"},"modified":"2022-06-15T19:17:31","modified_gmt":"2022-06-15T22:17:31","slug":"cpa_pg","status":"publish","type":"page","link":"https:\/\/san.uri.br\/sites\/site_novo\/?page_id=29497","title":{"rendered":"CPA-SAN &#8211; Comiss\u00e3o Pr\u00f3pria de Avalia\u00e7\u00e3o"},"content":{"rendered":"<p>A CPA (Comiss\u00e3o Pr\u00f3pria de Autoavalia\u00e7\u00e3o) \u00e9 a respons\u00e1vel pelo desenvolvimento do PAIURI (Programa de Autoavalia\u00e7\u00e3o Institucional), conforme estabelecido pelo SINAES (Sistema Nacional de Avalia\u00e7\u00e3o do Ensino Superior), lei n. 10.861\/2004 e tem suas atividades regulamentadas pela Resolu\u00e7\u00e3o n. 3088\/CUN\/2021. Tem sua configura\u00e7\u00e3o estabelecida tamb\u00e9m em resolu\u00e7\u00e3o pr\u00f3pria, Res. n. 2623\/CUN\/2019.<\/p>\n<p>A partir do processo de autoavalia\u00e7\u00e3o institucional s\u00e3o geradas informa\u00e7\u00f5es e dados que podem auxiliar a institui\u00e7\u00e3o na tomada de decis\u00f5es, funcionando como uma ferramenta de gest\u00e3o.<\/p>\n<p>Juntamente com as comiss\u00f5es de apoio de cada um dos campi, a CPA norteia-se pelos princ\u00edpios de preserva\u00e7\u00e3o e respeito aos valores acad\u00eamicos, com \u00e9tica e sigilo, e tamb\u00e9m o compromisso com a qualidade da educa\u00e7\u00e3o superior, seguindo a miss\u00e3o da URI.<\/p>\n<p>No Campus de Santo \u00c2ngelo, a CPA-SAN \u00e9 respons\u00e1vel por auxiliar a CPA-URI. E cada curso conta com um grupo integrado por docentes, discentes e egressos chamada CAC (Comiss\u00e3o de Autoavalia\u00e7\u00e3o dos Cursos).<\/p>\n","protected":false},"excerpt":{"rendered":"<p>A CPA (Comiss\u00e3o Pr\u00f3pria de Autoavalia\u00e7\u00e3o) \u00e9 a respons\u00e1vel pelo desenvolvimento do PAIURI (Programa de Autoavalia\u00e7\u00e3o Institucional), conforme estabelecido pelo SINAES (Sistema Nacional de Avalia\u00e7\u00e3o do Ensino Superior), lei n. 10.861\/2004 e tem suas atividades regulamentadas pela Resolu\u00e7\u00e3o n. 3088\/CUN\/2021. Tem sua configura\u00e7\u00e3o estabelecida tamb\u00e9m em resolu\u00e7\u00e3o pr\u00f3pria, Res. n. 2623\/CUN\/2019. A partir do processo [&hellip;]<\/p>\n","protected":false},"author":1,"featured_media":0,"parent":0,"menu_order":0,"comment_status":"closed","ping_status":"closed","template":"page_cpsan.php","meta":[],"_links":{"self":[{"href":"https:\/\/san.uri.br\/sites\/site_novo\/index.php?rest_route=\/wp\/v2\/pages\/29497"}],"collection":[{"href":"https:\/\/san.uri.br\/sites\/site_novo\/index.php?rest_route=\/wp\/v2\/pages"}],"about":[{"href":"https:\/\/san.uri.br\/sites\/site_novo\/index.php?rest_route=\/wp\/v2\/types\/page"}],"author":[{"embeddable":true,"href":"https:\/\/san.uri.br\/sites\/site_novo\/index.php?rest_route=\/wp\/v2\/users\/1"}],"replies":[{"embeddable":true,"href":"https:\/\/san.uri.br\/sites\/site_novo\/index.php?rest_route=%2Fwp%2Fv2%2Fcomments&post=29497"}],"version-history":[{"count":9,"href":"https:\/\/san.uri.br\/sites\/site_novo\/index.php?rest_route=\/wp\/v2\/pages\/29497\/revisions"}],"predecessor-version":[{"id":30273,"href":"https:\/\/san.uri.br\/sites\/site_novo\/index.php?rest_route=\/wp\/v2\/pages\/29497\/revisions\/30273"}],"wp:attachment":[{"href":"https:\/\/san.uri.br\/sites\/site_novo\/index.php?rest_route=%2Fwp%2Fv2%2Fmedia&parent=29497"}],"curies":[{"name":"wp","href":"https:\/\/api.w.org\/{rel}","templated":true}]}}