{"id":27610,"date":"2021-08-24T15:23:44","date_gmt":"2021-08-24T18:23:44","guid":{"rendered":"http:\/\/san.uri.br\/sites\/site_novo\/?page_id=27610"},"modified":"2022-06-13T14:46:11","modified_gmt":"2022-06-13T17:46:11","slug":"cursos-de-curta-duracao-inscricoes","status":"publish","type":"page","link":"https:\/\/san.uri.br\/sites\/site_novo\/?page_id=27610","title":{"rendered":"Cursos de Curta Dura\u00e7\u00e3o Inscri\u00e7\u00f5es"},"content":{"rendered":"<ul>\n<li>\u00a0Farmacocin\u00e9tica Cl\u00ednica (at\u00e9 16\/05\/2022) <strong>&#8211; <\/strong><span style=\"color: #339966;\"><span style=\"color: #ff6600;\"><strong>Inscri\u00e7\u00f5es Encerradas<\/strong><\/span>&#8211; <a href=\"https:\/\/san.uri.br\/eventos\/curso_extensao_farmacocinetica2022\/\"><span style=\"color: #000000;\">Clique Aqui<\/span><\/a><\/span><\/li>\n<li>\u00a0Curso de An\u00e1lise de Express\u00e3o G\u00eanica por RT-qPCR(at\u00e9 06\/06\/2022) &#8211; <strong><span style=\"color: #008000;\">\u00a0<span style=\"color: #ff6600;\">Inscri\u00e7\u00f5es Encerradas<\/span><\/span>\u00a0<\/strong>&#8211; <a href=\"https:\/\/san.uri.br\/eventos\/curso_extensao_expressao_genica2022\/\">Clique Aqui\u00a0<\/a><\/li>\n<\/ul>\n<p><!--\n \t\n\n<li>Curso FMEA: An\u00e1lise dos Modos de Falha e seus Efeitos - Metodologia para Detectar Falhas<del>(at\u00e9 27\/10)<\/del> - <strong><span style=\"color: #339966;\"><span style=\"color: #ff0000;\">Inscri\u00e7\u00f5es Encerradas<\/span><\/span><\/strong>\u00a0-<a href=\"http:\/\/www.san.uri.br\/eventos\/curso_fmea2021\/index.php\"> Clique Aqui<\/a><\/li>\n\n\n \t\n\n<li>Curso SOLIDWORKS B\u00c1SICO - INTERMEDI\u00c1RIO.<strong><span style=\"color: #339966;\"> <span style=\"color: #ff0000;\">Inscri\u00e7\u00f5es Encerradas<\/span><del>\u00a0<\/del><\/span><del>\u00a0<\/del><\/strong><del>(At\u00e9 27\/10\/2021)\u00a0<\/del>-<a href=\"http:\/\/www.san.uri.br\/eventos\/curso_natacao2021\/\">\u00a0<\/a><a href=\"https:\/\/san.uri.br\/eventos\/curso_solidworks_2021\/index.php\">Clique Aqui\u00a0<\/a><\/li>\n\n\n \t\n\n<li>Curso Nata\u00e7\u00e3o: aprendizagem e treinamento -<strong><span style=\"color: #339966;\"> <span style=\"color: #ff0000;\">Inscri\u00e7\u00f5es Encerradas<\/span><del>\u00a0<\/del><\/span>\u00a0<\/strong><del>(At\u00e9 22\/10\/2021)<\/del>\u00a0-<a href=\"http:\/\/www.san.uri.br\/eventos\/curso_natacao2021\/\"> Clique Aqui\u00a0<\/a><\/li>\n\n\n \t\n\n<li>Curso\u00a0NR12 Seguran\u00e7a no Trabalho em M\u00e1quinas e Equipamentos <strong>-\u00a0<\/strong><span style=\"color: #ff0000;\"><strong>Inscri\u00e7\u00f5es Encerrada<\/strong>s<\/span><del>\u00a0<\/del><del>(at\u00e9 26\/08\/2021)<\/del> -\u00a0<a href=\"http:\/\/san.uri.br\/eventos\/curso_nr122021\/\">Clique Aqui<\/a><\/li>\n\n\n \t\n\n<li>Curso LGPD na Pr\u00e1tica -<span style=\"color: #ff0000;\"><strong>\u00a0Inscri\u00e7\u00f5es Encerrada<del>s\u00a0<\/del><\/strong><\/span><del>(at\u00e9 15\/09\/2021 )<\/del> - <a href=\"http:\/\/san.uri.br\/eventos\/curso_lgpd_pratica2021\">Clique Aqui<\/a><\/li>\n\n\n \t\n\n<li>Curso de Treinamento em Ciclismo -\u00a0<span style=\"color: #ff0000;\"><strong>Inscri\u00e7\u00f5es Encerradas<\/strong><del>\u00a0<\/del><\/span><del>\u00a0(at\u00e9 25\/09\/2021)<\/del> -\u00a0 <a href=\"http:\/\/www.san.uri.br\/eventos\/curso_treinamento_ciclismo2021\/index.php\">Clique Aqui<\/a><\/li>\n\n\n \t\n\n<li>Curso de Vacina\u00e7\u00e3o para farmac\u00eauticos - \u00a0<span style=\"color: #ff0000;\"><strong>Inscri\u00e7\u00f5es Encerradas<\/strong><del>\u00a0<\/del><\/span>\u00a0<del>(at\u00e9 30\/09\/2021)<\/del>\u00a0-\u00a0<a href=\"http:\/\/www.san.uri.br\/eventos\/curso_vacinacao_farmaceutico2021\/\">Clique Aqui<\/a><\/li>\n\n\n \t\n\n<li>Curso Excel Aplicado \u00e0 Gest\u00e3o Empresarial\u00a0-<span style=\"color: #ff0000;\"><strong>Inscri\u00e7\u00f5es Encerradas<\/strong><\/span><del>\u00a0<\/del>\u00a0<del>(at\u00e9 01\/10\/2021)\u00a0<\/del>\u00a0-<a href=\"http:\/\/www.san.uri.br\/eventos\/curso_excel2021\/index.php\">\u00a0Clique Aqui<\/a><\/li>\n\n\n--><\/p>\n","protected":false},"excerpt":{"rendered":"<p>\u00a0Farmacocin\u00e9tica Cl\u00ednica (at\u00e9 16\/05\/2022) &#8211; Inscri\u00e7\u00f5es Encerradas&#8211; Clique Aqui \u00a0Curso de An\u00e1lise de Express\u00e3o G\u00eanica por RT-qPCR(at\u00e9 06\/06\/2022) &#8211; \u00a0Inscri\u00e7\u00f5es Encerradas\u00a0&#8211; Clique Aqui\u00a0<\/p>\n","protected":false},"author":1,"featured_media":0,"parent":0,"menu_order":0,"comment_status":"closed","ping_status":"closed","template":"","meta":[],"_links":{"self":[{"href":"https:\/\/san.uri.br\/sites\/site_novo\/index.php?rest_route=\/wp\/v2\/pages\/27610"}],"collection":[{"href":"https:\/\/san.uri.br\/sites\/site_novo\/index.php?rest_route=\/wp\/v2\/pages"}],"about":[{"href":"https:\/\/san.uri.br\/sites\/site_novo\/index.php?rest_route=\/wp\/v2\/types\/page"}],"author":[{"embeddable":true,"href":"https:\/\/san.uri.br\/sites\/site_novo\/index.php?rest_route=\/wp\/v2\/users\/1"}],"replies":[{"embeddable":true,"href":"https:\/\/san.uri.br\/sites\/site_novo\/index.php?rest_route=%2Fwp%2Fv2%2Fcomments&post=27610"}],"version-history":[{"count":37,"href":"https:\/\/san.uri.br\/sites\/site_novo\/index.php?rest_route=\/wp\/v2\/pages\/27610\/revisions"}],"predecessor-version":[{"id":30228,"href":"https:\/\/san.uri.br\/sites\/site_novo\/index.php?rest_route=\/wp\/v2\/pages\/27610\/revisions\/30228"}],"wp:attachment":[{"href":"https:\/\/san.uri.br\/sites\/site_novo\/index.php?rest_route=%2Fwp%2Fv2%2Fmedia&parent=27610"}],"curies":[{"name":"wp","href":"https:\/\/api.w.org\/{rel}","templated":true}]}}