{"id":25741,"date":"2021-02-12T16:51:04","date_gmt":"2021-02-12T19:51:04","guid":{"rendered":"http:\/\/san.uri.br\/sites\/site_novo\/?page_id=25741"},"modified":"2026-04-30T14:57:18","modified_gmt":"2026-04-30T17:57:18","slug":"siconv","status":"publish","type":"page","link":"https:\/\/san.uri.br\/sites\/site_novo\/?page_id=25741","title":{"rendered":"Cota\u00e7\u00e3o Pr\u00e9via de Pre\u00e7os &#8211; TransfereGovbr"},"content":{"rendered":"","protected":false},"excerpt":{"rendered":"","protected":false},"author":1,"featured_media":0,"parent":0,"menu_order":0,"comment_status":"closed","ping_status":"closed","template":"","meta":[],"_links":{"self":[{"href":"https:\/\/san.uri.br\/sites\/site_novo\/index.php?rest_route=\/wp\/v2\/pages\/25741"}],"collection":[{"href":"https:\/\/san.uri.br\/sites\/site_novo\/index.php?rest_route=\/wp\/v2\/pages"}],"about":[{"href":"https:\/\/san.uri.br\/sites\/site_novo\/index.php?rest_route=\/wp\/v2\/types\/page"}],"author":[{"embeddable":true,"href":"https:\/\/san.uri.br\/sites\/site_novo\/index.php?rest_route=\/wp\/v2\/users\/1"}],"replies":[{"embeddable":true,"href":"https:\/\/san.uri.br\/sites\/site_novo\/index.php?rest_route=%2Fwp%2Fv2%2Fcomments&post=25741"}],"version-history":[{"count":3,"href":"https:\/\/san.uri.br\/sites\/site_novo\/index.php?rest_route=\/wp\/v2\/pages\/25741\/revisions"}],"predecessor-version":[{"id":36578,"href":"https:\/\/san.uri.br\/sites\/site_novo\/index.php?rest_route=\/wp\/v2\/pages\/25741\/revisions\/36578"}],"wp:attachment":[{"href":"https:\/\/san.uri.br\/sites\/site_novo\/index.php?rest_route=%2Fwp%2Fv2%2Fmedia&parent=25741"}],"curies":[{"name":"wp","href":"https:\/\/api.w.org\/{rel}","templated":true}]}}