{"id":251,"date":"2015-03-26T11:53:42","date_gmt":"2015-03-26T11:53:42","guid":{"rendered":"http:\/\/san.uri.br\/sites\/site_novo\/?page_id=251"},"modified":"2021-09-03T17:14:59","modified_gmt":"2021-09-03T20:14:59","slug":"grad","status":"publish","type":"page","link":"https:\/\/san.uri.br\/sites\/site_novo\/?page_id=251","title":{"rendered":"Gradua\u00e7\u00e3o"},"content":{"rendered":"<div class=\"teste\"><a href=\"https:\/\/san.uri.br\/sites\/site_novo\/?page_id=754\"><img loading=\"lazy\" class=\"aligncenter wp-image-27552 size-full\" src=\"https:\/\/san.uri.br\/sites\/site_novo\/wp-content\/uploads\/2015\/03\/posgraduacao.jpg\" alt=\"\" width=\"1016\" height=\"250\" srcset=\"https:\/\/san.uri.br\/sites\/site_novo\/wp-content\/uploads\/2015\/03\/posgraduacao.jpg 1016w, https:\/\/san.uri.br\/sites\/site_novo\/wp-content\/uploads\/2015\/03\/posgraduacao-300x74.jpg 300w\" sizes=\"(max-width: 1016px) 100vw, 1016px\" \/><\/a><\/div>\n<p><a href=\"https:\/\/san.uri.br\/sites\/site_novo\/wp-content\/uploads\/2015\/03\/set74.gif\"><br \/>\n<\/a><a class=\"link_graduacao\" href=\"https:\/\/san.uri.br\/sites\/site_novo\/?page_id=270\">Administra\u00e7\u00e3o<\/a><br \/>\n<a class=\"link_graduacao\" href=\"https:\/\/san.uri.br\/sites\/site_novo\/?page_id=3635\">Agronomia<\/a><br \/>\n<a class=\"link_graduacao\" href=\"https:\/\/san.uri.br\/sites\/site_novo\/?page_id=303\">Arquitetura e Urbanismo<\/a><br \/>\n<img loading=\"lazy\" src=\"https:\/\/san.uri.br\/sites\/site_novo\/wp-content\/uploads\/2015\/03\/set74.gif\" alt=\"\" width=\"45\" height=\"10\" \/><a class=\"link_graduacao\" href=\"https:\/\/san.uri.br\/sites\/site_novo\/?page_id=27718\">Biomedicina<\/a><br \/>\n<a class=\"link_graduacao\" href=\"https:\/\/san.uri.br\/sites\/site_novo\/?page_id=322\">Ci\u00eancias Biol\u00f3gicas &#8211; Licenciatura<\/a><br \/>\n<a class=\"link_graduacao\" href=\"https:\/\/san.uri.br\/sites\/site_novo\/?page_id=343\">Ci\u00eancias Biol\u00f3gicas &#8211; Bacharelado<\/a><br \/>\n<a class=\"link_graduacao\" href=\"https:\/\/san.uri.br\/sites\/site_novo\/?page_id=399\">Ci\u00eancias Cont\u00e1beis<\/a><br \/>\n<a class=\"link_graduacao\" href=\"https:\/\/san.uri.br\/sites\/site_novo\/?page_id=421\">Ci\u00eancia da Computa\u00e7\u00e3o<\/a><br \/>\n<a class=\"link_graduacao\" href=\"https:\/\/san.uri.br\/sites\/site_novo\/?page_id=474\">Direito &#8211; Diurno e Noturno<\/a><br \/>\n<a class=\"link_graduacao\" href=\"https:\/\/san.uri.br\/sites\/site_novo\/?page_id=514\">Educa\u00e7\u00e3o F\u00edsica &#8211; Licenciatura<\/a><br \/>\n<a class=\"link_graduacao\" href=\"https:\/\/san.uri.br\/sites\/site_novo\/?page_id=497\">Educa\u00e7\u00e3o F\u00edsica &#8211; Bacharelado<\/a><br \/>\n<a class=\"link_graduacao\" href=\"https:\/\/san.uri.br\/sites\/site_novo\/?page_id=530\">Enfermagem<\/a><br \/>\n<a class=\"link_graduacao\" href=\"https:\/\/san.uri.br\/sites\/site_novo\/?page_id=545\">Engenharia Civil<\/a><br \/>\n<a class=\"link_graduacao\" href=\" https:\/\/san.uri.br\/sites\/site_novo\/?page_id=362\">Engenharia El\u00e9trica<\/a><br \/>\n<a class=\"link_graduacao\" href=\"https:\/\/san.uri.br\/sites\/site_novo\/?page_id=378\">Engenharia Mec\u00e2nica<\/a><br \/>\n<a class=\"link_graduacao\" href=\"https:\/\/san.uri.br\/sites\/site_novo\/?page_id=437\">Engenharia Qu\u00edmica<\/a><br \/>\n<a class=\"link_graduacao\" href=\"https:\/\/san.uri.br\/sites\/site_novo\/?page_id=455\">Farm\u00e1cia<\/a><br \/>\n<a class=\"link_graduacao\" href=\"https:\/\/san.uri.br\/sites\/site_novo\/?page_id=566\">Matem\u00e1tica<\/a><br \/>\n<a class=\"link_graduacao\" href=\"https:\/\/san.uri.br\/sites\/site_novo\/?page_id=21191 \">Medicina Veterin\u00e1ria<\/a><br \/>\n<a class=\"link_graduacao\" href=\"https:\/\/san.uri.br\/sites\/site_novo\/?page_id=582\">Pedagogia<\/a><br \/>\n<a class=\"link_graduacao\" href=\"https:\/\/san.uri.br\/sites\/site_novo\/?page_id=599\">Psicologia<\/a><br \/>\n<a class=\"link_graduacao\" href=\"https:\/\/san.uri.br\/sites\/site_novo\/?page_id=614\">Qu\u00edmica Industrial<\/a><br \/>\n<a class=\"link_graduacao\" href=\"https:\/\/san.uri.br\/sites\/site_novo\/?page_id=630\">Sistemas de Informa\u00e7\u00e3o<\/a><br \/>\n<a class=\"link_graduacao\" href=\"https:\/\/san.uri.br\/sites\/site_novo\/?page_id=647\">Teologia<\/a><\/p>\n","protected":false},"excerpt":{"rendered":"<p>Administra\u00e7\u00e3o Agronomia Arquitetura e Urbanismo Biomedicina Ci\u00eancias Biol\u00f3gicas &#8211; Licenciatura Ci\u00eancias Biol\u00f3gicas &#8211; Bacharelado Ci\u00eancias Cont\u00e1beis Ci\u00eancia da Computa\u00e7\u00e3o Direito &#8211; Diurno e Noturno Educa\u00e7\u00e3o F\u00edsica &#8211; Licenciatura Educa\u00e7\u00e3o F\u00edsica &#8211; Bacharelado Enfermagem Engenharia Civil Engenharia El\u00e9trica Engenharia Mec\u00e2nica Engenharia Qu\u00edmica Farm\u00e1cia Matem\u00e1tica Medicina Veterin\u00e1ria Pedagogia Psicologia Qu\u00edmica Industrial Sistemas de Informa\u00e7\u00e3o Teologia<\/p>\n","protected":false},"author":1,"featured_media":0,"parent":0,"menu_order":0,"comment_status":"closed","ping_status":"closed","template":"page _graduacao.php","meta":[],"_links":{"self":[{"href":"https:\/\/san.uri.br\/sites\/site_novo\/index.php?rest_route=\/wp\/v2\/pages\/251"}],"collection":[{"href":"https:\/\/san.uri.br\/sites\/site_novo\/index.php?rest_route=\/wp\/v2\/pages"}],"about":[{"href":"https:\/\/san.uri.br\/sites\/site_novo\/index.php?rest_route=\/wp\/v2\/types\/page"}],"author":[{"embeddable":true,"href":"https:\/\/san.uri.br\/sites\/site_novo\/index.php?rest_route=\/wp\/v2\/users\/1"}],"replies":[{"embeddable":true,"href":"https:\/\/san.uri.br\/sites\/site_novo\/index.php?rest_route=%2Fwp%2Fv2%2Fcomments&post=251"}],"version-history":[{"count":46,"href":"https:\/\/san.uri.br\/sites\/site_novo\/index.php?rest_route=\/wp\/v2\/pages\/251\/revisions"}],"predecessor-version":[{"id":27738,"href":"https:\/\/san.uri.br\/sites\/site_novo\/index.php?rest_route=\/wp\/v2\/pages\/251\/revisions\/27738"}],"wp:attachment":[{"href":"https:\/\/san.uri.br\/sites\/site_novo\/index.php?rest_route=%2Fwp%2Fv2%2Fmedia&parent=251"}],"curies":[{"name":"wp","href":"https:\/\/api.w.org\/{rel}","templated":true}]}}