{"id":21277,"date":"2019-08-15T21:28:14","date_gmt":"2019-08-16T00:28:14","guid":{"rendered":"http:\/\/san.uri.br\/sites\/site_novo\/?page_id=21277"},"modified":"2019-08-16T20:59:27","modified_gmt":"2019-08-16T23:59:27","slug":"pos-graduacoes-em-andamento","status":"publish","type":"page","link":"https:\/\/san.uri.br\/sites\/site_novo\/?page_id=21277","title":{"rendered":"P\u00f3s-Gradua\u00e7\u00e3o Cursos em Andamento"},"content":{"rendered":"","protected":false},"excerpt":{"rendered":"","protected":false},"author":1,"featured_media":0,"parent":0,"menu_order":0,"comment_status":"closed","ping_status":"closed","template":"page_pos_andamento.php","meta":[],"_links":{"self":[{"href":"https:\/\/san.uri.br\/sites\/site_novo\/index.php?rest_route=\/wp\/v2\/pages\/21277"}],"collection":[{"href":"https:\/\/san.uri.br\/sites\/site_novo\/index.php?rest_route=\/wp\/v2\/pages"}],"about":[{"href":"https:\/\/san.uri.br\/sites\/site_novo\/index.php?rest_route=\/wp\/v2\/types\/page"}],"author":[{"embeddable":true,"href":"https:\/\/san.uri.br\/sites\/site_novo\/index.php?rest_route=\/wp\/v2\/users\/1"}],"replies":[{"embeddable":true,"href":"https:\/\/san.uri.br\/sites\/site_novo\/index.php?rest_route=%2Fwp%2Fv2%2Fcomments&post=21277"}],"version-history":[{"count":4,"href":"https:\/\/san.uri.br\/sites\/site_novo\/index.php?rest_route=\/wp\/v2\/pages\/21277\/revisions"}],"predecessor-version":[{"id":21322,"href":"https:\/\/san.uri.br\/sites\/site_novo\/index.php?rest_route=\/wp\/v2\/pages\/21277\/revisions\/21322"}],"wp:attachment":[{"href":"https:\/\/san.uri.br\/sites\/site_novo\/index.php?rest_route=%2Fwp%2Fv2%2Fmedia&parent=21277"}],"curies":[{"name":"wp","href":"https:\/\/api.w.org\/{rel}","templated":true}]}}