{"id":211,"date":"2015-02-12T11:57:46","date_gmt":"2015-02-12T11:57:46","guid":{"rendered":"http:\/\/san.uri.br\/sites\/site_novo\/?page_id=211"},"modified":"2023-03-27T15:34:06","modified_gmt":"2023-03-27T18:34:06","slug":"historia","status":"publish","type":"page","link":"https:\/\/san.uri.br\/sites\/site_novo\/?page_id=211","title":{"rendered":"Hist\u00f3ria"},"content":{"rendered":"<p class=\"historia\">A concep\u00e7\u00e3o da Universidade trilha um logo caminho: em Santo \u00c2ngelo, a busca pelo ensino superior vem desde a d\u00e9cada de 1960. Em 1964, foi criada, pelo Conselho de Desenvolvimento de Santo \u00c2ngelo, com o apoio do poder p\u00fablico municipal e da comunidade, a Associa\u00e7\u00e3o Missioneira de Ensino Superior \u2013 AMES, com objetivo de expandir o ensino superior na regi\u00e3o das Miss\u00f5es.<\/p>\n<p class=\"historia\">Ap\u00f3s superar dificuldades que surgiram durante a trajet\u00f3ria, em 13 de maio de 1969 foi autorizado o funcionamento da Fundames \u2013 Funda\u00e7\u00e3o Missioneira de Ensino Superior. Neste ano, a Funda\u00e7\u00e3o recebeu, do governo do estado do Rio Grande do Sul, uma \u00e1rea de 32 hectares. Tamb\u00e9m em 1969, foram adquiridos, dos padres Palotinos, 92 hectares e 3.450 m\u00b2 de \u00e1rea constru\u00edda, onde hoje se situa o c\u00e2mpus universit\u00e1rio.<\/p>\n<p class=\"historia\">O primeiro processo, depois da Associa\u00e7\u00e3o legalizada, foi oferecer os cursos Administra\u00e7\u00e3o e Ci\u00eancias Cont\u00e1beis. Nos anos seguintes, uma parceria com a UFSM \u2013 Universidade Federal de Santa Maria permitiu a oferta dos cursos de Pedagogia, Ci\u00eancias, Letras e Estudos Sociais. Os mesmos cursos foram reconhecidos, em 1973, para manuten\u00e7\u00e3o da Funda\u00e7\u00e3o. Buscando uma estrutura mais din\u00e2mica e adequada, em 1976, Faculdade de Filosofia, Ci\u00eancias e Letras e a Faculdade de Ci\u00eancias Sociais Aplicadas foram reestruturadas na FISA \u2013 Faculdades Integradas de Santo \u00c2ngelo, que passou a ser a mantenedora da Fundames.<\/p>\n<p class=\"historia\">O crescimento da Fundames\/FISA ocorreu ao longo dos anos: no ano de 1975, foi autorizado o funcionamento do curso de Engenharia de Opera\u00e7\u00e3o \u2013 habilita\u00e7\u00e3o e Engenharia de Opera\u00e7\u00e3o Civil e em Engenharia de Opera\u00e7\u00e3o Mec\u00e2nica; a partir de 1976, cursos de aperfei\u00e7oamento e p\u00f3s-gradua\u00e7\u00e3o latu sensu passaram a ser disponibilizados; em 1979 os cursos de Pedagogia, Ci\u00eancias, Letras e Estudos Sociais passaram a ser oferecidos em regime de f\u00e9rias.<\/p>\n<p class=\"historia\">Em 1988, o Conselho Diretor da Fundames decidiu criar a Escola de 2\u00ba Grau, oferecendo, em 1989, ap\u00f3s a autoriza\u00e7\u00e3o do Conselho Estadual de Educa\u00e7\u00e3o, o curso T\u00e9cnico em Processamento de Dados. Ampliando sua atua\u00e7\u00e3o, a Escola passou a oferecer tamb\u00e9m o 1\u00ba\u00a0 Grau a partir de 1992.<\/p>\n<p class=\"historia\">Buscando o status universit\u00e1rio, em 1990, os dirigentes das funda\u00e7\u00f5es mantenedoras de cursos superiores de Santo \u00c2ngelo (Fundames), Erechim (FAPES),e Frederico Westphalen(FESAU), promoveram a uni\u00e3o das institui\u00e7\u00f5es, que passaram a ser mantidas pela FuRI \u2013 Funda\u00e7\u00e3o Regional Integrada. A concretiza\u00e7\u00e3o da Universidade ocorreu em 19 de maio de 1992, ap\u00f3s reconhecimento do Minist\u00e9rio da Educa\u00e7\u00e3o da URI \u2013 Universidade Regional Integrada do Alto Uruguai e das Miss\u00f5es. Mais tarde, a FESAN \u2013 Fundo Educacional de Santiago, de Santiago, a FUNREGE, de S\u00e3o Luiz Gonzaga e a prefeitura de Cerro Largo tamb\u00e9m se integraram ao projeto.<\/p>\n<p class=\"historia\">Nesses anos de Universidade, a URI, no seu princ\u00edpio universit\u00e1rio n\u00e3o parou de propulsionar conhecimento. Tendo a \u00e9tica, a co-responsabilidade e a forma\u00e7\u00e3o e desenvolvimento humano competente como princ\u00edpios de gest\u00e3o, o campus de Santo \u00c2ngelo, totalmente inserido na comunidade regional, trabalha intensivamente no sentido de promover a cultura e de desenvolver a consci\u00eancia coletiva na busca cont\u00ednua da valoriza\u00e7\u00e3o e solidariedade\u00a0 humanas contribuindo para o crescimento do munic\u00edpio.<\/p>\n<p class=\"historia\">Devido \u00e0 amplia\u00e7\u00e3o de sua oferta, que inclui ensino, pesquisa, extens\u00e3o e presta\u00e7\u00e3o de servi\u00e7os, o campus precisou buscar profissionais qualificados a fim de atender \u00e0s diferentes \u00e1reas de atua\u00e7\u00e3o. Em vista disso, muitos profissionais imigraram de outras cidades, instalando-se com suas fam\u00edlias em Santo \u00c2ngelo, fator que contribuiu para o t\u00e3o necess\u00e1rio crescimento e desenvolvimento local.<\/p>\n<p class=\"historia\">A URI tem procurado ao longo do tempo adequar-se \u00e0s exig\u00eancias do mercado, inovando e aprimorando suas a\u00e7\u00f5es, visando o desenvolvimento regional. Esta miss\u00e3o exige uma integra\u00e7\u00e3o fundamentada em compromissos e sinergia permanentes. \u00c9 desta forma que a URI est\u00e1 procurando trilhar o \u201ccaminho do futuro\u201d.<\/p>\n<p class=\"historia\">Hoje a URI est\u00e1 presente e atuante nas regi\u00f5es de sua inser\u00e7\u00e3o, ultrapassando, por sua compet\u00eancia e qualidade, os limites de suas fronteiras. Dessa forma, est\u00e1 inserida nas comunidades regionais, promovendo a educa\u00e7\u00e3o e o conhecimento, bem como a presta\u00e7\u00e3o de servi\u00e7os aos \u00e2mbitos das comunidades locais e regionais.<\/p>\n","protected":false},"excerpt":{"rendered":"<p>A concep\u00e7\u00e3o da Universidade trilha um logo caminho: em Santo \u00c2ngelo, a busca pelo ensino superior vem desde a d\u00e9cada de 1960. Em 1964, foi criada, pelo Conselho de Desenvolvimento de Santo \u00c2ngelo, com o apoio do poder p\u00fablico municipal e da comunidade, a Associa\u00e7\u00e3o Missioneira de Ensino Superior \u2013 AMES, com objetivo de expandir [&hellip;]<\/p>\n","protected":false},"author":1,"featured_media":0,"parent":0,"menu_order":0,"comment_status":"closed","ping_status":"closed","template":"page_institucional_interna.php","meta":[],"_links":{"self":[{"href":"https:\/\/san.uri.br\/sites\/site_novo\/index.php?rest_route=\/wp\/v2\/pages\/211"}],"collection":[{"href":"https:\/\/san.uri.br\/sites\/site_novo\/index.php?rest_route=\/wp\/v2\/pages"}],"about":[{"href":"https:\/\/san.uri.br\/sites\/site_novo\/index.php?rest_route=\/wp\/v2\/types\/page"}],"author":[{"embeddable":true,"href":"https:\/\/san.uri.br\/sites\/site_novo\/index.php?rest_route=\/wp\/v2\/users\/1"}],"replies":[{"embeddable":true,"href":"https:\/\/san.uri.br\/sites\/site_novo\/index.php?rest_route=%2Fwp%2Fv2%2Fcomments&post=211"}],"version-history":[{"count":5,"href":"https:\/\/san.uri.br\/sites\/site_novo\/index.php?rest_route=\/wp\/v2\/pages\/211\/revisions"}],"predecessor-version":[{"id":31606,"href":"https:\/\/san.uri.br\/sites\/site_novo\/index.php?rest_route=\/wp\/v2\/pages\/211\/revisions\/31606"}],"wp:attachment":[{"href":"https:\/\/san.uri.br\/sites\/site_novo\/index.php?rest_route=%2Fwp%2Fv2%2Fmedia&parent=211"}],"curies":[{"name":"wp","href":"https:\/\/api.w.org\/{rel}","templated":true}]}}