{"id":19059,"date":"2018-12-04T16:53:00","date_gmt":"2018-12-04T18:53:00","guid":{"rendered":"http:\/\/san.uri.br\/sites\/site_novo\/?page_id=19059"},"modified":"2025-12-01T16:36:05","modified_gmt":"2025-12-01T19:36:05","slug":"teste-2","status":"publish","type":"page","link":"https:\/\/san.uri.br\/sites\/site_novo\/?page_id=19059","title":{"rendered":"Formul\u00e1rios Ingresso Extravestibular URI 2026"},"content":{"rendered":"\n<div class=\"alert alert-primary\"><span style=\"color: #0000ff;\"><span style=\"font-size: 18px;\"><strong><a href=\"https:\/\/san.uri.br\/sites\/vestibular\/\">Inscri\u00e7\u00e3o Prova Agendada! <\/a><\/strong><\/span><\/span><\/div>\n\n\n\n<!-- <div class=\"alert alert-primary\"><span style=\"color: #0000ff;\"><span style=\"font-size: 18px;\"><strong><a href=\"https:\/\/san.uri.br\/sites\/site_novo\/?page_id=10789\">Formul\u00e1rio de Pedido de ingresso utilizando a nota do ENEM<\/a><\/strong><\/span><\/span><\/div> -->\n\n\n\n<div class=\"alert alert-primary\"><a href=\"https:\/\/san.uri.br\/sites\/site_novo\/?page_id=19172\"><strong style=\"font-size: 18px;\">Formul\u00e1rio de Pedido de Mudan\u00e7a de Curso<\/strong><\/a>.<\/div>\n\n\n\n<div class=\"alert alert-primary\"><a href=\"https:\/\/san.uri.br\/sites\/site_novo\/?page_id=264\"><strong style=\"font-size: 18px;\">Formul\u00e1rio de Pedido de Reingresso<\/strong><\/a>&nbsp;&#8211;<br \/>Estudantes que interromperam seus estudos na URI e desejam retornar para o seu curso ou outro curso oferecido pela Universidade.<\/div>\n\n\n\n<div class=\"alert alert-primary\"><a href=\"https:\/\/san.uri.br\/sites\/site_novo\/?page_id=19153\"><strong><span style=\"font-size: 18px;\">Formul\u00e1rio Portador de Diploma<\/span><\/strong><\/a>&nbsp;&#8211;<br \/>Estudantes que possuem diploma de curso de n\u00edvel superior que desejam ingressar na URI Santo \u00c2ngelo.<\/div>\n\n\n\n<div class=\"alert alert-primary\"><a href=\"https:\/\/san.uri.br\/sites\/site_novo\/?page_id=19156\"><strong><span style=\"font-size: 18px;\">Formul\u00e1rio Transfer\u00eancia Externa<\/span><\/strong><\/a>&nbsp;&#8211;<br \/>Estudantes de outras institui\u00e7\u00f5es de ensino superior que desejam se transferir para a URI Santo \u00c2ngelo.<\/div>\n\n\n\n<!-- <div class=\"alert alert-primary\"><a href=\"https:\/\/san.uri.br\/sites\/site_novo\/wp-content\/uploads\/2022\/06\/Informativo2022-2.pdf\"><strong><span style=\"font-size: 18px;\">INFORMATIVO VESTIBULANDOS 2022-2<\/span><\/strong><\/a><\/div> -->\n\n\n","protected":false},"excerpt":{"rendered":"<p>Inscri\u00e7\u00e3o Prova Agendada! Formul\u00e1rio de Pedido de Mudan\u00e7a de Curso. Formul\u00e1rio de Pedido de Reingresso&nbsp;&#8211;Estudantes que interromperam seus estudos na URI e desejam retornar para o seu curso ou outro curso oferecido pela Universidade. Formul\u00e1rio Portador de Diploma&nbsp;&#8211;Estudantes que possuem diploma de curso de n\u00edvel superior que desejam ingressar na URI Santo \u00c2ngelo. Formul\u00e1rio Transfer\u00eancia [&hellip;]<\/p>\n","protected":false},"author":101017,"featured_media":0,"parent":0,"menu_order":0,"comment_status":"closed","ping_status":"closed","template":"","meta":[],"_links":{"self":[{"href":"https:\/\/san.uri.br\/sites\/site_novo\/index.php?rest_route=\/wp\/v2\/pages\/19059"}],"collection":[{"href":"https:\/\/san.uri.br\/sites\/site_novo\/index.php?rest_route=\/wp\/v2\/pages"}],"about":[{"href":"https:\/\/san.uri.br\/sites\/site_novo\/index.php?rest_route=\/wp\/v2\/types\/page"}],"author":[{"embeddable":true,"href":"https:\/\/san.uri.br\/sites\/site_novo\/index.php?rest_route=\/wp\/v2\/users\/101017"}],"replies":[{"embeddable":true,"href":"https:\/\/san.uri.br\/sites\/site_novo\/index.php?rest_route=%2Fwp%2Fv2%2Fcomments&post=19059"}],"version-history":[{"count":165,"href":"https:\/\/san.uri.br\/sites\/site_novo\/index.php?rest_route=\/wp\/v2\/pages\/19059\/revisions"}],"predecessor-version":[{"id":36139,"href":"https:\/\/san.uri.br\/sites\/site_novo\/index.php?rest_route=\/wp\/v2\/pages\/19059\/revisions\/36139"}],"wp:attachment":[{"href":"https:\/\/san.uri.br\/sites\/site_novo\/index.php?rest_route=%2Fwp%2Fv2%2Fmedia&parent=19059"}],"curies":[{"name":"wp","href":"https:\/\/api.w.org\/{rel}","templated":true}]}}