{"id":16512,"date":"2018-04-17T17:12:34","date_gmt":"2018-04-17T20:12:34","guid":{"rendered":"http:\/\/san.uri.br\/sites\/site_novo\/?page_id=16512"},"modified":"2024-04-22T19:46:43","modified_gmt":"2024-04-22T22:46:43","slug":"inovacao-3","status":"publish","type":"page","link":"https:\/\/san.uri.br\/sites\/site_novo\/?page_id=16512","title":{"rendered":"Inova\u00e7\u00e3o"},"content":{"rendered":"<p>O ambiente de inova\u00e7\u00e3o da regi\u00e3o das Miss\u00f5es, implantado no campus da URI Santo \u00c2ngelo, \u00e9 um ecossistema de inova\u00e7\u00e3o que integra entidades como institui\u00e7\u00f5es de ensino, empresas, a sociedade civil organizada e \u00f3rg\u00e3os governamentais e promove a sinergia e a troca de conhecimentos em prol do desenvolvimento de solu\u00e7\u00f5es para a sociedade.<\/p>\n<p>Em sua infraestrutura f\u00edsica, possui in\u00fameros laborat\u00f3rios e um corpo de pesquisadores docentes e discentes preparados e engajados para\u00a0apoiar na evolu\u00e7\u00e3o desse ecossistema de inova\u00e7\u00e3o e empreendedorismo, apoiando o desenvolvimento regional.<\/p>\n<p>O Parque Cient\u00edfico e Tecnol\u00f3gico das Miss\u00f5es &#8211; TecnoURI Miss\u00f5es \u00e9 o principal ambiente que atrav\u00e9s de seus princ\u00edpios e objetivos tem o dever de promover a sinergia entre as entidades do Parque junto destas e dos demais agentes de desenvolvimento nacionais e internacionais, em especial por institui\u00e7\u00f5es de ensino e pesquisa, cooperativas, \u00f3rg\u00e3os p\u00fablicos, ag\u00eancias de desenvolvimento, associa\u00e7\u00f5es comunit\u00e1rias, empresas e outras entidades relevantes em fun\u00e7\u00e3o da comunh\u00e3o de objetivos.<\/p>\n<p>O TecnoURI Miss\u00f5es, possui como base em sua composi\u00e7\u00e3o o Centro de Tecnologia e Inova\u00e7\u00e3o em Cidades Inteligentes \u2013 LAB-Miss\u00f5es atua em Pesquisa, Desenvolvimento e Inova\u00e7\u00e3o (P&amp;D+I) buscando solu\u00e7\u00f5es tecnol\u00f3gicas, oferecendo assessoramento \u00e0 implementa\u00e7\u00e3o de projetos na tem\u00e1tica de Smart Cities, al\u00e9m da gera\u00e7\u00e3o e atra\u00e7\u00e3o de novos neg\u00f3cios e desenvolvimento de startups vinculadas \u00e0s tem\u00e1ticas: Mobilidade, Acessibilidade, Meio Ambiente, Sa\u00fade, Seguran\u00e7a, Educa\u00e7\u00e3o, Economia, Energia, Governan\u00e7a, Empreendedorismo e Novos Neg\u00f3cios, entre outros.<\/p>\n<p>O LAB-Miss\u00f5es disp\u00f5e do Centro de Desenvolvimento de Produtos e Processos &#8211; CADEPP, que atua em pesquisas com o setor produtivo industrial, relacionado com as engenharias. Al\u00e9m disso, conta com o Laborat\u00f3rio de Inova\u00e7\u00e3o de An\u00e1lise de Leite e de Apoio para as Empresas &#8211;\u00a0LIALAE, fundamental para a pesquisa e an\u00e1lise do leite e seus derivados, trabalhando em conjunto com empresas de refer\u00eancia no setor. Ainda, agrega o Laborat\u00f3rio de An\u00e1lise de Solos, desenvolvendo pesquisas e solu\u00e7\u00f5es para o agroneg\u00f3cio e o Laborat\u00f3rio de Desenvolvimento de Tecnologias para Energias Renov\u00e1veis &#8211; LabGDTec, atuando na pesquisa e desenvolvimento de novos produtos e solu\u00e7\u00f5es para integra\u00e7\u00e3o de Sistemas de Energias Renov\u00e1veis e Redes El\u00e9tricas Inteligentes.<\/p>\n<p>Tamb\u00e9m faz parte do ambiente a Incubadora de Empresas de Base Tecnol\u00f3gica &#8211; URINOVA, com objetivos principais o de fomentar a\u00e7\u00f5es de empreendedorismo, dando suporte a forma\u00e7\u00e3o, desenvolvimento e a consolida\u00e7\u00e3o de empresas consideradas inovadoras em tecnologia de produtos e processos, al\u00e9m de melhorar e intensificar a transfer\u00eancia do conhecimento e da tecnologia entre a ci\u00eancia (universidade) e a pr\u00e1tica (mercado). A URINOVA tem como miss\u00e3o, viabilizar a cria\u00e7\u00e3o e o desenvolvimento de novos neg\u00f3cios de Base Tecnol\u00f3gica e promover a difus\u00e3o da cultura empreendedora e das tecnologias inovadoras oriundas do meio acad\u00eamico, incentivando a gera\u00e7\u00e3o de novas empresas (startups).<\/p>\n<p>Da mesma forma, possui em sua estrutura, o N\u00facleo de Inova\u00e7\u00e3o e Transfer\u00eancia de Tecnologia &#8211; NITT, que tem como objetivo principal gerir a pol\u00edtica de inova\u00e7\u00e3o da URI, e como miss\u00e3o a de fortalecer o relacionamento da URI, campus Santo \u00c2ngelo com a comunidade, envolvendo a qu\u00e1drupla h\u00e9lice, para proporcionar a cria\u00e7\u00e3o de oportunidades de atividades de pesquisa e extens\u00e3o, para difundir o desenvolvimento tecnol\u00f3gico da regi\u00e3o.<\/p>\n<p>Ainda, mant\u00e9m em suas instala\u00e7\u00f5es O Conselho Regional de Desenvolvimento &#8211; COREDE Miss\u00f5es criado oficialmente pela Lei 10.283 de 17 de outubro de 1994, do Rio Grande do Sul, \u00e9 um f\u00f3rum de discuss\u00e3o para a promo\u00e7\u00e3o de pol\u00edticas e a\u00e7\u00f5es que visam o desenvolvimento regional, est\u00e1 sediado no TecnoURI Miss\u00f5es e tem como um de seus bra\u00e7os a Consulta Popular, que desde 1998, o Rio Grande do Sul instituiu, por meio da Lei 11.179, a participa\u00e7\u00e3o popular na decis\u00e3o do direcionamento de parte dos investimentos e servi\u00e7os que constar\u00e3o no or\u00e7amento do Estado. Anualmente, o governo do Estado fixa o valor submetido \u00e0 delibera\u00e7\u00e3o da popula\u00e7\u00e3o e os COREDEs coordenam o processo em conjunto com o governo.<\/p>\n<p>Outro importante pilar do COREDE Miss\u00f5es e o Polo de Moderniza\u00e7\u00e3o Tecnol\u00f3gica das Miss\u00f5es &#8211; Polo Miss\u00f5es, tem suas pol\u00edticas e prioridades definidas pelo COREDE, com atua\u00e7\u00e3o nas \u00e1reas de\u00a0Engenharia de Projetos e Produtos, Energia e Meio Ambiente, Processos de Inform\u00e1tica Industrial, Diversifica\u00e7\u00e3o Agropecu\u00e1ria e Qualidade Industrial,\u00a0ficando a coordena\u00e7\u00e3o das a\u00e7\u00f5es do Polo sob a responsabilidade da URI Campus de Santo \u00c2ngelo.<\/p>\n<p>Dessa maneira, o nosso ecossistema de inova\u00e7\u00e3o atua em diferentes \u00e1reas e est\u00e1 preparado para atender tanto os setores privados como p\u00fablicos.<\/p>\n","protected":false},"excerpt":{"rendered":"<p>O ambiente de inova\u00e7\u00e3o da regi\u00e3o das Miss\u00f5es, implantado no campus da URI Santo \u00c2ngelo, \u00e9 um ecossistema de inova\u00e7\u00e3o que integra entidades como institui\u00e7\u00f5es de ensino, empresas, a sociedade civil organizada e \u00f3rg\u00e3os governamentais e promove a sinergia e a troca de conhecimentos em prol do desenvolvimento de solu\u00e7\u00f5es para a sociedade. Em sua [&hellip;]<\/p>\n","protected":false},"author":1,"featured_media":0,"parent":0,"menu_order":0,"comment_status":"closed","ping_status":"closed","template":"page_inovacao.php","meta":[],"_links":{"self":[{"href":"https:\/\/san.uri.br\/sites\/site_novo\/index.php?rest_route=\/wp\/v2\/pages\/16512"}],"collection":[{"href":"https:\/\/san.uri.br\/sites\/site_novo\/index.php?rest_route=\/wp\/v2\/pages"}],"about":[{"href":"https:\/\/san.uri.br\/sites\/site_novo\/index.php?rest_route=\/wp\/v2\/types\/page"}],"author":[{"embeddable":true,"href":"https:\/\/san.uri.br\/sites\/site_novo\/index.php?rest_route=\/wp\/v2\/users\/1"}],"replies":[{"embeddable":true,"href":"https:\/\/san.uri.br\/sites\/site_novo\/index.php?rest_route=%2Fwp%2Fv2%2Fcomments&post=16512"}],"version-history":[{"count":18,"href":"https:\/\/san.uri.br\/sites\/site_novo\/index.php?rest_route=\/wp\/v2\/pages\/16512\/revisions"}],"predecessor-version":[{"id":33514,"href":"https:\/\/san.uri.br\/sites\/site_novo\/index.php?rest_route=\/wp\/v2\/pages\/16512\/revisions\/33514"}],"wp:attachment":[{"href":"https:\/\/san.uri.br\/sites\/site_novo\/index.php?rest_route=%2Fwp%2Fv2%2Fmedia&parent=16512"}],"curies":[{"name":"wp","href":"https:\/\/api.w.org\/{rel}","templated":true}]}}