{"id":1157,"date":"2015-12-15T15:55:01","date_gmt":"2015-12-15T17:55:01","guid":{"rendered":"http:\/\/san.uri.br\/sites\/site_novo\/?page_id=1157"},"modified":"2022-05-10T14:59:38","modified_gmt":"2022-05-10T17:59:38","slug":"contato","status":"publish","type":"page","link":"https:\/\/san.uri.br\/sites\/site_novo\/?page_id=1157","title":{"rendered":"Fale Conosco"},"content":{"rendered":"<p style=\"text-align: left;\">Perguntas, sugest\u00f5es ou cr\u00edticas ser\u00e3o bem vindas.<\/p>\n<p style=\"text-align: center;\">\n<hr \/>\n<div class=\"titles\">Telefone \u00dateis<\/div>\n<p><img loading=\"lazy\" src=\"https:\/\/san.uri.br\/sites\/site_novo\/wp-content\/themes\/tema_27_01\/images\/flecha_cinza.png\" alt=\" \" width=\"10\" height=\"8\" border=\"0\" \/><strong>Biblioteca <\/strong>&#8211; 3313-7949<\/p>\n<p><img loading=\"lazy\" src=\"https:\/\/san.uri.br\/sites\/site_novo\/wp-content\/themes\/tema_27_01\/images\/flecha_cinza.png\" alt=\" \" width=\"10\" height=\"8\" border=\"0\" \/><strong>Escola da URI<\/strong> &#8211; 3313-7948<\/p>\n<p><img loading=\"lazy\" src=\"https:\/\/san.uri.br\/sites\/site_novo\/wp-content\/themes\/tema_27_01\/images\/flecha_cinza.png\" alt=\" \" width=\"10\" height=\"8\" border=\"0\" \/><strong>Escrit\u00f3rio de Pr\u00e1tica Jur\u00eddica<\/strong> &#8211; 3313-7950<\/p>\n<p><img loading=\"lazy\" src=\"https:\/\/san.uri.br\/sites\/site_novo\/wp-content\/themes\/tema_27_01\/images\/flecha_cinza.png\" alt=\" \" width=\"10\" height=\"8\" border=\"0\" \/><strong>Laborat\u00f3rio de Inform\u00e1tica<\/strong> &#8211; 3313-7945<\/p>\n<p><img loading=\"lazy\" src=\"https:\/\/san.uri.br\/sites\/site_novo\/wp-content\/themes\/tema_27_01\/images\/flecha_cinza.png\" alt=\" \" width=\"10\" height=\"8\" border=\"0\" \/><strong>Secretaria do Mestrado<\/strong> &#8211; 3313-7907<\/p>\n<p><img loading=\"lazy\" src=\"https:\/\/san.uri.br\/sites\/site_novo\/wp-content\/themes\/tema_27_01\/images\/flecha_cinza.png\" alt=\" \" width=\"10\" height=\"8\" border=\"0\" \/><strong>Secretaria das Coordena\u00e7\u00f5es<\/strong> <strong><u>EAD\/Pedagogia\/Teologia\/Matem\u00e1tica<\/u><\/strong> \u2013 3313-7933<\/p>\n<p><img loading=\"lazy\" src=\"https:\/\/san.uri.br\/sites\/site_novo\/wp-content\/themes\/tema_27_01\/images\/flecha_cinza.png\" alt=\" \" width=\"10\" height=\"8\" border=\"0\" \/><strong>Secretaria das Coordena\u00e7\u00f5es<\/strong> <strong><u>Ci\u00eancias Cont\u00e1beis\/Administra\u00e7\u00e3o<\/u><\/strong> \u2013 3313-7978<\/p>\n<p><img loading=\"lazy\" src=\"https:\/\/san.uri.br\/sites\/site_novo\/wp-content\/themes\/tema_27_01\/images\/flecha_cinza.png\" alt=\" \" width=\"10\" height=\"8\" border=\"0\" \/><strong>Secretaria das Coordena\u00e7\u00f5es<\/strong> <strong><u>Ci\u00eancia da Computa\u00e7\u00e3o\/Sistemas de Informa\u00e7\u00e3o\/Letras<\/u><\/strong> \u2013 3313-7938<\/p>\n<p><img loading=\"lazy\" src=\"https:\/\/san.uri.br\/sites\/site_novo\/wp-content\/themes\/tema_27_01\/images\/flecha_cinza.png\" alt=\" \" width=\"10\" height=\"8\" border=\"0\" \/><strong>Secretaria das Coordena\u00e7\u00f5es<\/strong> <strong><u>Arquitetura\/Engenharia Civil\/Engenharia Mec\u00e2nica<\/u><\/strong> \u2013 3201-6318<\/p>\n<p><img loading=\"lazy\" src=\"https:\/\/san.uri.br\/sites\/site_novo\/wp-content\/themes\/tema_27_01\/images\/flecha_cinza.png\" alt=\" \" width=\"10\" height=\"8\" border=\"0\" \/><strong>Secretaria das Coordena\u00e7\u00f5es<\/strong> <strong><u>Psicologia\/Enfermagem\/Biologia<\/u><\/strong> \u2013 3313-7982<\/p>\n<p><img loading=\"lazy\" src=\"https:\/\/san.uri.br\/sites\/site_novo\/wp-content\/themes\/tema_27_01\/images\/flecha_cinza.png\" alt=\" \" width=\"10\" height=\"8\" border=\"0\" \/><strong>Secretaria do Curso de<\/strong> <u><strong>Direito<\/strong><\/u>\u2013 3201-6310<\/p>\n<p><img loading=\"lazy\" src=\"https:\/\/san.uri.br\/sites\/site_novo\/wp-content\/themes\/tema_27_01\/images\/flecha_cinza.png\" alt=\" \" width=\"10\" height=\"8\" border=\"0\" \/><strong>Secretaria do Curso de<\/strong> <strong><u>Educa\u00e7\u00e3o F\u00edsica<\/u><\/strong> \u2013 3313-7975<\/p>\n<p><img loading=\"lazy\" src=\"https:\/\/san.uri.br\/sites\/site_novo\/wp-content\/themes\/tema_27_01\/images\/flecha_cinza.png\" alt=\" \" width=\"10\" height=\"8\" border=\"0\" \/><strong>Secretaria de<\/strong> <strong><u>P\u00f3s-Gradua\u00e7\u00e3o<\/u><\/strong> &#8211; 3313-7905<\/p>\n<p><img loading=\"lazy\" src=\"https:\/\/san.uri.br\/sites\/site_novo\/wp-content\/themes\/tema_27_01\/images\/flecha_cinza.png\" alt=\" \" width=\"10\" height=\"8\" border=\"0\" \/><strong>Secretaria Geral<\/strong> &#8211; 3313-9521<\/p>\n<p><img loading=\"lazy\" src=\"https:\/\/san.uri.br\/sites\/site_novo\/wp-content\/themes\/tema_27_01\/images\/flecha_cinza.png\" alt=\" \" width=\"10\" height=\"8\" border=\"0\" \/><strong>Setor de Apoio ao Estudante (SAE)<\/strong> &#8211; 3313-9504<\/p>\n<p><img loading=\"lazy\" src=\"https:\/\/san.uri.br\/sites\/site_novo\/wp-content\/themes\/tema_27_01\/images\/flecha_cinza.png\" alt=\" \" width=\"10\" height=\"8\" border=\"0\" \/><strong>Setor de Cobran\u00e7a<\/strong> &#8211; 3313-9518<\/p>\n<p><img loading=\"lazy\" src=\"https:\/\/san.uri.br\/sites\/site_novo\/wp-content\/themes\/tema_27_01\/images\/flecha_cinza.png\" alt=\" \" width=\"10\" height=\"8\" border=\"0\" \/><strong>Tesouraria<\/strong> &#8211; 3313-9520<\/p>\n","protected":false},"excerpt":{"rendered":"<p>Perguntas, sugest\u00f5es ou cr\u00edticas ser\u00e3o bem vindas. Telefone \u00dateis Biblioteca &#8211; 3313-7949 Escola da URI &#8211; 3313-7948 Escrit\u00f3rio de Pr\u00e1tica Jur\u00eddica &#8211; 3313-7950 Laborat\u00f3rio de Inform\u00e1tica &#8211; 3313-7945 Secretaria do Mestrado &#8211; 3313-7907 Secretaria das Coordena\u00e7\u00f5es EAD\/Pedagogia\/Teologia\/Matem\u00e1tica \u2013 3313-7933 Secretaria das Coordena\u00e7\u00f5es Ci\u00eancias Cont\u00e1beis\/Administra\u00e7\u00e3o \u2013 3313-7978 Secretaria das Coordena\u00e7\u00f5es Ci\u00eancia da Computa\u00e7\u00e3o\/Sistemas de Informa\u00e7\u00e3o\/Letras \u2013 [&hellip;]<\/p>\n","protected":false},"author":1,"featured_media":0,"parent":0,"menu_order":0,"comment_status":"closed","ping_status":"closed","template":"page_laboratorios.php","meta":[],"_links":{"self":[{"href":"https:\/\/san.uri.br\/sites\/site_novo\/index.php?rest_route=\/wp\/v2\/pages\/1157"}],"collection":[{"href":"https:\/\/san.uri.br\/sites\/site_novo\/index.php?rest_route=\/wp\/v2\/pages"}],"about":[{"href":"https:\/\/san.uri.br\/sites\/site_novo\/index.php?rest_route=\/wp\/v2\/types\/page"}],"author":[{"embeddable":true,"href":"https:\/\/san.uri.br\/sites\/site_novo\/index.php?rest_route=\/wp\/v2\/users\/1"}],"replies":[{"embeddable":true,"href":"https:\/\/san.uri.br\/sites\/site_novo\/index.php?rest_route=%2Fwp%2Fv2%2Fcomments&post=1157"}],"version-history":[{"count":12,"href":"https:\/\/san.uri.br\/sites\/site_novo\/index.php?rest_route=\/wp\/v2\/pages\/1157\/revisions"}],"predecessor-version":[{"id":29999,"href":"https:\/\/san.uri.br\/sites\/site_novo\/index.php?rest_route=\/wp\/v2\/pages\/1157\/revisions\/29999"}],"wp:attachment":[{"href":"https:\/\/san.uri.br\/sites\/site_novo\/index.php?rest_route=%2Fwp%2Fv2%2Fmedia&parent=1157"}],"curies":[{"name":"wp","href":"https:\/\/api.w.org\/{rel}","templated":true}]}}