{"id":949,"date":"2015-12-03T19:10:48","date_gmt":"2015-12-03T19:10:48","guid":{"rendered":"http:\/\/san.uri.br\/sites\/site_novo\/?page_id=949"},"modified":"2021-02-02T14:58:24","modified_gmt":"2021-02-02T17:58:24","slug":"valores","status":"publish","type":"page","link":"https:\/\/san.uri.br\/sites\/novo_tema\/?page_id=949","title":{"rendered":"VALORES DE MENSALIDADES"},"content":{"rendered":"<p><!-- <strong>VALORES DE MENSALIDADES VESTIBULAR 2019\n\n\n<table border=\"0\" width=\"90%\" cellspacing=\"0\" cellpadding=\"0\">\n\n\n<tbody>\n\n\n<tr style=\"text-align: center; background-color: #d33356;\" align=\"center\" valign=\"middle\">\n\n\n<td nowrap=\"nowrap\" width=\"276\">\n\n\n<p align=\"center\"><strong>URI - CAMPUS SANTO \u00c2NGELO<\/strong><\/p>\n\n\n<\/td>\n\n\n\n\n<td colspan=\"2\" nowrap=\"nowrap\" width=\"356\">\n\n\n<p align=\"center\"><strong>VESTIBULAR VER\u00c3O 2019<\/strong><\/p>\n\n\n<\/td>\n\n\n<\/tr>\n\n\n\n\n<tr style=\"background-color: #dddddd;\">\n\n\n<td width=\"276\">\n\n\n<p align=\"center\"><strong>Cursos<\/strong><\/p>\n\n\n<\/td>\n\n\n\n\n<td width=\"61\">\n\n\n<p align=\"center\"><strong>N\u00ba de cr\u00e9ditos<\/strong><\/p>\n\n\n<\/td>\n\n\n\n\n<td valign=\"bottom\" nowrap=\"nowrap\" width=\"85\">\n\n\n<p align=\"center\"><strong>Valor<\/strong><strong>\u00a0 da Matr\u00edcula com desconto<\/strong><\/p>\n\n\n<\/td>\n\n\n<\/tr>\n\n\n\n\n<tr>\n\n\n<td width=\"276\">\n\n\n<p align=\"center\">Administra\u00e7\u00e3o (N)<\/p>\n\n\n<\/td>\n\n\n\n\n<td style=\"text-align: center;\" width=\"61\">20<\/td>\n\n\n\n\n<td valign=\"bottom\" nowrap=\"nowrap\" width=\"85\">\n\n\n<p align=\"center\">R$ 903,12*<\/p>\n\n\n<\/td>\n\n\n<\/tr>\n\n\n\n\n<tr>\n\n\n<td width=\"276\">\n\n\n<p align=\"center\">Agronomia (N\/D)<\/p>\n\n\n<\/td>\n\n\n\n\n<td style=\"text-align: center;\" width=\"61\">20<\/td>\n\n\n\n\n<td valign=\"bottom\" nowrap=\"nowrap\" width=\"85\">\n\n\n<p align=\"center\">R$ 1.352,87<\/p>\n\n\n<\/td>\n\n\n<\/tr>\n\n\n\n\n<tr>\n\n\n<td width=\"276\">\n\n\n<p align=\"center\">Arquitetura e Urbanismo (D\/N)<\/p>\n\n\n<\/td>\n\n\n\n\n<td style=\"text-align: center;\" width=\"61\">24<\/td>\n\n\n\n\n<td valign=\"bottom\" nowrap=\"nowrap\" width=\"85\">\n\n\n<p align=\"center\">R$ 1.623,44<\/p>\n\n\n<\/td>\n\n\n<\/tr>\n\n\n\n\n<tr>\n\n\n<td width=\"276\">\n\n\n<p align=\"center\">Ci\u00eancia da Computa\u00e7\u00e3o (N)<\/p>\n\n\n<\/td>\n\n\n\n\n<td style=\"text-align: center;\" width=\"61\">18<\/td>\n\n\n\n\n<td valign=\"bottom\" nowrap=\"nowrap\" width=\"85\">\n\n\n<p align=\"center\">R$ 1.217,58<\/p>\n\n\n<\/td>\n\n\n<\/tr>\n\n\n\n\n<tr>\n\n\n<td width=\"276\">\n\n\n<p align=\"center\">Ci\u00eancias Cont\u00e1beis (N)<\/p>\n\n\n<\/td>\n\n\n\n\n<td style=\"text-align: center;\" width=\"61\">20<\/td>\n\n\n\n\n<td valign=\"bottom\" nowrap=\"nowrap\" width=\"85\">\n\n\n<p align=\"center\">R$ 903,12*<\/p>\n\n\n<\/td>\n\n\n<\/tr>\n\n\n\n\n<tr>\n\n\n<td width=\"276\">\n\n\n<p align=\"center\">Direito (D)<\/p>\n\n\n<\/td>\n\n\n\n\n<td style=\"text-align: center;\" width=\"61\">20<\/td>\n\n\n\n\n<td valign=\"bottom\" nowrap=\"nowrap\" width=\"85\">\n\n\n<p align=\"center\">R$ 1.241,03<\/p>\n\n\n<\/td>\n\n\n<\/tr>\n\n\n\n\n<tr>\n\n\n<td width=\"276\">\n\n\n<p align=\"center\">Educa\u00e7\u00e3o F\u00edsica-Bacharelado (N\/D)<\/p>\n\n\n<\/td>\n\n\n\n\n<td style=\"text-align: center;\" width=\"61\">22<\/td>\n\n\n\n\n<td valign=\"bottom\" nowrap=\"nowrap\" width=\"85\">\n\n\n<p align=\"center\">R$ 1.190,52*<\/p>\n\n\n<\/td>\n\n\n<\/tr>\n\n\n\n\n<tr>\n\n\n<td width=\"276\">\n\n\n<p align=\"center\">Educa\u00e7\u00e3o F\u00edsica-Licenciatura (N\/D)<\/p>\n\n\n<\/td>\n\n\n\n\n<td style=\"text-align: center;\" width=\"61\">24<\/td>\n\n\n\n\n<td valign=\"bottom\" nowrap=\"nowrap\" width=\"85\">\n\n\n<p align=\"center\">R$ 1.298,75*<\/p>\n\n\n<\/td>\n\n\n<\/tr>\n\n\n\n\n<tr>\n\n\n<td width=\"276\">\n\n\n<p align=\"center\">Enfermagem (N\/D)<\/p>\n\n\n<\/td>\n\n\n\n\n<td style=\"text-align: center;\" width=\"61\">26<\/td>\n\n\n\n\n<td valign=\"bottom\" nowrap=\"nowrap\" width=\"85\">\n\n\n<p align=\"center\">R$ 1.613,34<\/p>\n\n\n<\/td>\n\n\n<\/tr>\n\n\n\n\n<tr>\n\n\n<td width=\"276\">\n\n\n<p align=\"center\">Engenharia Civil (N)<\/p>\n\n\n<\/td>\n\n\n\n\n<td style=\"text-align: center;\" width=\"61\">24<\/td>\n\n\n\n\n<td valign=\"bottom\" nowrap=\"nowrap\" width=\"85\">\n\n\n<p align=\"center\">R$ 1.624,44<\/p>\n\n\n<\/td>\n\n\n<\/tr>\n\n\n\n\n<tr>\n\n\n<td width=\"276\">\n\n\n<p align=\"center\">Engenharia El\u00e9trica (N\/D)<\/p>\n\n\n<\/td>\n\n\n\n\n<td style=\"text-align: center;\" width=\"61\">24<\/td>\n\n\n\n\n<td valign=\"bottom\" nowrap=\"nowrap\" width=\"85\">\n\n\n<p align=\"center\">R$ 1.623,44<\/p>\n\n\n<\/td>\n\n\n<\/tr>\n\n\n\n\n<tr>\n\n\n<td width=\"276\">\n\n\n<p align=\"center\">Engenharia Mec\u00e2nica (D)<\/p>\n\n\n<\/td>\n\n\n\n\n<td style=\"text-align: center;\" width=\"61\">24<\/td>\n\n\n\n\n<td valign=\"bottom\" nowrap=\"nowrap\" width=\"85\">\n\n\n<p align=\"center\">R$ 1.623,44<\/p>\n\n\n<\/td>\n\n\n<\/tr>\n\n\n\n\n<tr>\n\n\n<td width=\"276\">\n\n\n<p align=\"center\">Engenharia Qu\u00edmica (N\/D)<\/p>\n\n\n<\/td>\n\n\n\n\n<td style=\"text-align: center;\" width=\"61\">24<\/td>\n\n\n\n\n<td valign=\"bottom\" nowrap=\"nowrap\" width=\"85\">\n\n\n<p align=\"center\">R$ 1.623,44<\/p>\n\n\n<\/td>\n\n\n<\/tr>\n\n\n\n\n<tr>\n\n\n<td width=\"276\">\n\n\n<p align=\"center\">Farm\u00e1cia (N\/D)<\/p>\n\n\n<\/td>\n\n\n\n\n<td style=\"text-align: center;\" width=\"61\">25<\/td>\n\n\n\n\n<td valign=\"bottom\" nowrap=\"nowrap\" width=\"85\">\n\n\n<p align=\"center\">R$ 1.730,93*<\/p>\n\n\n<\/td>\n\n\n<\/tr>\n\n\n\n\n<tr>\n\n\n<td width=\"276\">\n\n\n<p align=\"center\">Pedagogia (N)<\/p>\n\n\n<\/td>\n\n\n\n\n<td style=\"text-align: center;\" width=\"61\">20<\/td>\n\n\n\n\n<td valign=\"bottom\" nowrap=\"nowrap\" width=\"85\">\n\n\n<p align=\"center\">R$\u00a0712,00***<\/p>\n\n\n<\/td>\n\n\n<\/tr>\n\n\n\n\n<tr>\n\n\n<td width=\"276\">\n\n\n<p align=\"center\">Psicologia (N\/D)<\/p>\n\n\n<\/td>\n\n\n\n\n<td style=\"text-align: center;\" width=\"61\">22<\/td>\n\n\n\n\n<td valign=\"bottom\" nowrap=\"nowrap\" width=\"85\">\n\n\n<p align=\"center\">R$ 1.488,15<\/p>\n\n\n<\/td>\n\n\n<\/tr>\n\n\n\n\n<tr>\n\n\n<td width=\"276\">\n\n\n<p align=\"center\">Teologia (N\/D)<\/p>\n\n\n<\/td>\n\n\n\n\n<td style=\"text-align: center;\" width=\"61\">20<\/td>\n\n\n\n\n<td valign=\"bottom\" nowrap=\"nowrap\" width=\"85\">\n\n\n<p align=\"center\">R$\u00a0508,57***<\/p>\n\n\n<\/td>\n\n\n<\/tr>\n\n\n\n\n<tr>\n\n\n<td colspan=\"6\" valign=\"bottom\" nowrap=\"nowrap\" width=\"632\"><strong>Estes s\u00e3o os valores para o primeiro semestre de 2019.<\/strong>\n<strong>*Valor com desconto de 20%<\/strong>\n<strong>**Valor com desconto de 30%<\/strong>\n<strong>***Valor com desconto de 50%<\/strong>\n<strong>Este desconto encontra-se condicionado ao adimplemento da mensalidade, ou seja, \u00e0 efetiva quita\u00e7\u00e3o da mensalidade at\u00e9 o seu vencimento.<\/strong>\n<strong>Descontos v\u00e1lidos para o ano de 2019.<\/strong><\/td>\n\n\n<\/tr>\n\n\n<\/tbody>\n\n\n<\/table>\n\n\n--><\/p>\n<p><a href=\"http:\/\/san.uri.br\/sites\/site_novo\/wp-content\/uploads\/2015\/12\/valores_mensalidade2020.jpg\"><img loading=\"lazy\" class=\"aligncenter size-large wp-image-24073\" src=\"http:\/\/san.uri.br\/sites\/site_novo\/wp-content\/uploads\/2015\/12\/valores_mensalidade2020.jpg\" alt=\"\" width=\"596\" height=\"842\" \/><\/a><\/p>\n<p>&nbsp;<\/p>\n<p>&nbsp;<\/p>\n<p>&nbsp;<\/p>\n<p><strong>Central de Atendimento do Minist\u00e9rio da Educa\u00e7\u00e3o<\/strong><\/p>\n<p><a href=\"http:\/\/siteprouni.mec.gov.br\/falecomagente.html\">&#8211; Portal do Minist\u00e9rio da Educa\u00e7\u00e3o<\/a><\/p>\n<p><a href=\"http:\/\/sisfiesportal.mec.gov.br\/contato.html\">&#8211; Portal do Fundo Nacional de Desenvolvimento da Educa\u00e7\u00e3o<\/a><\/p>\n<p>&nbsp;<\/p>\n<p><strong>AVISO IMPORTANTE:<\/strong> As informa\u00e7\u00f5es aqui divulgadas podem sofrer altera\u00e7\u00f5es sem pr\u00e9vio aviso, pois est\u00e3o vinculadas \u00e0 legisla\u00e7\u00e3o vigente e a editais p\u00fablicos e da pr\u00f3pria universidade.<\/p>\n","protected":false},"excerpt":{"rendered":"<p>&nbsp; &nbsp; &nbsp; Central de Atendimento do Minist\u00e9rio da Educa\u00e7\u00e3o &#8211; Portal do Minist\u00e9rio da Educa\u00e7\u00e3o &#8211; Portal do Fundo Nacional de Desenvolvimento da Educa\u00e7\u00e3o &nbsp; AVISO IMPORTANTE: As informa\u00e7\u00f5es aqui divulgadas podem sofrer altera\u00e7\u00f5es sem pr\u00e9vio aviso, pois est\u00e3o vinculadas \u00e0 legisla\u00e7\u00e3o vigente e a editais p\u00fablicos e da pr\u00f3pria universidade.<\/p>\n","protected":false},"author":1,"featured_media":0,"parent":0,"menu_order":0,"comment_status":"closed","ping_status":"closed","template":"","meta":[],"_links":{"self":[{"href":"https:\/\/san.uri.br\/sites\/novo_tema\/index.php?rest_route=\/wp\/v2\/pages\/949"}],"collection":[{"href":"https:\/\/san.uri.br\/sites\/novo_tema\/index.php?rest_route=\/wp\/v2\/pages"}],"about":[{"href":"https:\/\/san.uri.br\/sites\/novo_tema\/index.php?rest_route=\/wp\/v2\/types\/page"}],"author":[{"embeddable":true,"href":"https:\/\/san.uri.br\/sites\/novo_tema\/index.php?rest_route=\/wp\/v2\/users\/1"}],"replies":[{"embeddable":true,"href":"https:\/\/san.uri.br\/sites\/novo_tema\/index.php?rest_route=%2Fwp%2Fv2%2Fcomments&post=949"}],"version-history":[{"count":42,"href":"https:\/\/san.uri.br\/sites\/novo_tema\/index.php?rest_route=\/wp\/v2\/pages\/949\/revisions"}],"predecessor-version":[{"id":25669,"href":"https:\/\/san.uri.br\/sites\/novo_tema\/index.php?rest_route=\/wp\/v2\/pages\/949\/revisions\/25669"}],"wp:attachment":[{"href":"https:\/\/san.uri.br\/sites\/novo_tema\/index.php?rest_route=%2Fwp%2Fv2%2Fmedia&parent=949"}],"curies":[{"name":"wp","href":"https:\/\/api.w.org\/{rel}","templated":true}]}}