{"id":757,"date":"2015-06-29T18:16:47","date_gmt":"2015-06-29T18:16:47","guid":{"rendered":"http:\/\/san.uri.br\/sites\/site_novo\/?page_id=757"},"modified":"2021-07-21T14:59:39","modified_gmt":"2021-07-21T17:59:39","slug":"sae","status":"publish","type":"page","link":"https:\/\/san.uri.br\/sites\/novo_tema\/?page_id=757","title":{"rendered":"S.A.E. &#8211; Setor de Apoio ao Estudante"},"content":{"rendered":"\n<p>O&nbsp;SAE \u2013 Setor de Apoio ao Estudante&nbsp;\u00e9 respons\u00e1vel por informa\u00e7\u00f5es e recebimento de documentos relativos \u00e0s bolsas de estudo do&nbsp;<strong>PROUNI&nbsp;<\/strong>\u2013 Programa Universidade para Todos, das inscri\u00e7\u00f5es, aditamentos e transfer\u00eancias do&nbsp;<strong>FIES<\/strong>&nbsp;\u2013 Financiamento Estudantil e do controle e encaminhamento de assinatura de contratos e relat\u00f3rios de acompanhamento dos&nbsp;<strong>est\u00e1gios n\u00e3o obrigat\u00f3rios&nbsp;<\/strong>(Lei 11.788\/2008).<\/p>\n\n\n\n<p>Outros servi\u00e7os de orienta\u00e7\u00e3o e atendimento psicol\u00f3gico e psicopedag\u00f3gico s\u00e3o oferecidos pelo&nbsp;NAE \u2013 N\u00facleo de Atendimento Especializado, o&nbsp;N\u00facleo de Acessibilidade&nbsp;promove adequa\u00e7\u00f5es, modifica\u00e7\u00f5es a ajustes referentes a inclus\u00e3o e acessibilidade no Campus, bem como demandas podem ser encaminhadas para&nbsp;Ouvidoria.<\/p>\n\n\n\n<p>Todos estes servi\u00e7os est\u00e3o dispon\u00edveis em 4 salas, localizadas a esquerda da entrada do pr\u00e9dio 20 da URI \u2013 Campus de Santo \u00c2ngelo, contando com uma equipe especializada e diversificada em suas responsabilidades para suprir as demandas dos estudantes.<\/p>\n\n\n\n<p class=\"titulo_sae\"><strong>NAE \u2013 N\u00daCLEO DE ATENDIMENTO ESPECIALIZADO<\/strong><\/p>\n\n\n\n<div class=\"wp-block-columns\">\n<div class=\"wp-block-column\" style=\"flex-basis:66.66%\">\n<p><\/p>\n\n<p>O N\u00facleo de Atendimento Especializado (NAE) tem por finalidade realizar o acolhimento dos alunos da institui\u00e7\u00e3o. Disponibiliza atendimento pedag\u00f3gico, psicopedag\u00f3gico e psicol\u00f3gico como suporte \u00e0 vida acad\u00eamica dos estudantes que desejam e\/ou necessitam deste tipo de atendimento.<\/p>\n\n<p>Atua no processo de desist\u00eancia definitiva e trancamento de matr\u00edculas buscando auxiliar o estudante a refletir sobre suas escolhas profissionais (orienta\u00e7\u00e3o vocacional). Ainda, realiza interven\u00e7\u00e3o junto aos alunos com reprova\u00e7\u00f5es sucessivas, com o intuito de identificar e buscar estrat\u00e9gias para a resolu\u00e7\u00e3o de problemas.<\/p>\n\n\n\n<figure class=\"wp-block-table is-style-stripes\"><table><tbody><tr><td><strong>NAE<\/strong><\/td><td><strong>FUN\u00c7\u00c3O<\/strong><\/td><\/tr><tr><td>Carina Streda<\/td><td>Coordenadora<\/td><\/tr><tr><td>Kamila Perim<\/td><td>Psic\u00f3loga<\/td><\/tr><tr><td>D\u00e9bora Escobar<\/td><td>AEE<\/td><\/tr><tr><td>Rossana Prestes<\/td><td>Interprete de LIBRAS<\/td><\/tr><\/tbody><\/table><\/figure>\n<\/div>\n\n\n\n<div class=\"wp-block-column cor_fundo_vertical\" style=\"flex-basis:33.33%\">\n<div class=\"wp-block-group\"><div class=\"wp-block-group__inner-container\">\n<div class=\"wp-block-group has-background\" style=\"background-color:#f5f7f8\"><div class=\"wp-block-group__inner-container\">\n<div class=\"icone_sae\"><i class=\"pr-3 fa fa-envelope\"><\/i><\/div>\n\n\n<p class=\"has-text-align-center titulo_azul\">E-MAIL<\/p>\n\n\n\n<p class=\"has-small-font-size\"><a href=\"mailto:atendimentoespecializado@san.uri.br\">atendimentoespecializado@san.uri.br<\/a>&nbsp;<\/p>\n<\/div><\/div>\n<\/div><\/div>\n\n\n\n<div class=\"wp-block-group has-background\" style=\"background-color:#f5f7f8\"><div class=\"wp-block-group__inner-container\">\n<div class=\"icone_sae\"><i class=\"pr-3 fa fa-map-marker\"><\/i><\/div>\n\n\n\n<p class=\"has-text-align-center titulo_azul\">LOCALIZA\u00c7\u00c3O<\/p>\n\n\n<p class=\"has-text-align-center has-small-font-size\">&nbsp;1\u00aa sala a direita da entrada do pr\u00e9dio 20 da URI \u2013 Campus de Santo \u00c2ngelo.<\/p>\n<\/div><\/div>\n\n\n\n<div class=\"wp-block-group has-background\" style=\"background-color:#f5f7f8\"><div class=\"wp-block-group__inner-container\">\n<div class=\"icone_sae\"><i class=\"pr-3 fa fa-phone\"><\/i><\/div>\n\n\n\n<p class=\"has-text-align-center titulo_azul\">TELEFONE<\/p>\n\n<p class=\"has-text-align-center\">(55) 3201-6400<\/p>\n<\/div><\/div>\n<\/div>\n<\/div>\n\n\n\n<p class=\"titulo_sae\"><strong>N\u00daCLEO DE ACESSIBILIDADE<\/strong><\/p>\n\n\n\n<p>O N\u00facleo de Acessibilidade, em sua dimens\u00e3o t\u00e9cnica e pedag\u00f3gica, objetiva minimizar as barreiras arquitet\u00f4nicas, comunicacionais, atitudinais e tecnol\u00f3gicas, promovendo adequa\u00e7\u00f5es, modifica\u00e7\u00f5es e ajustes necess\u00e1rios para garantir que todos participem da vida acad\u00eamica com igualdade de condi\u00e7\u00f5es.<\/p>\n\n\n\n<p>O N\u00facleo \u00e9 estruturado por profissionais e colaboradores comprometidos no planejamento e nas a\u00e7\u00f5es referentes \u00e0 inclus\u00e3o e acessibilidade na URI Campus Santo \u00c2ngelo, mediante a formaliza\u00e7\u00e3o de nomea\u00e7\u00e3o por portaria emitida pela reitoria da Universidade.<\/p>\n\n\n\n<figure class=\"wp-block-table is-style-stripes\"><table><tbody><tr><td><strong>N\u00daCLEO DE ACESSIBILIDADE<\/strong><\/td><td><strong>FUN\u00c7\u00c3O<\/strong><\/td><\/tr><tr><td>Carina Streda<\/td><td>Coordenadora<\/td><\/tr><\/tbody><\/table><\/figure>\n\n\n\n<div class=\"wp-block-columns cor_fundo_horizontal\">\n<div class=\"wp-block-column\">\n<div class=\"wp-block-group has-background\" style=\"background-color:#f5f7f8\"><div class=\"wp-block-group__inner-container\">\n<div class=\"icone_sae\"><i class=\"pr-3 fa fa-envelope\"><\/i><\/div>\n\n\n\n<p class=\"has-text-align-center titulo_azul\">E-MAIL<\/p>\n\n<p><a href=\"mailto:acessibilidade@san.uri.br\">acessibilidade@san.uri.br<\/a><\/p>\n<\/div><\/div>\n<\/div>\n\n<div class=\"wp-block-column\">\n<div class=\"wp-block-group has-background\" style=\"background-color:#f5f7f8\"><div class=\"wp-block-group__inner-container\">\n<div class=\"icone_sae\"><i class=\"pr-3 fa fa-map-marker\"><\/i><\/div>\n\n<p class=\"has-text-align-center titulo_azul\">LOCALIZA\u00c7\u00c3O<\/p>\n\n\n<p class=\"has-text-align-center has-small-font-size\">&nbsp;1\u00aa sala a direita da entrada do pr\u00e9dio 20 da URI \u2013 Campus de Santo \u00c2ngelo, junto ao NAE \u2013 N\u00facleo de Atendimento Especializado.<\/p>\n<\/div><\/div>\n<\/div>\n\n\n<div class=\"wp-block-column\">\n<div class=\"wp-block-group has-background\" style=\"background-color:#f5f7f8\"><div class=\"wp-block-group__inner-container\">\n<div class=\"icone_sae\"><i class=\"pr-3 fa fa-phone\"><\/i><\/div>\n\n\n<p class=\"has-text-align-center titulo_azul\">TELEFONE<\/p>\n\n\n<p class=\"has-text-align-center\">(55) 3201-6400<\/p>\n<\/div><\/div>\n<\/div>\n<\/div>\n\n<p><strong><u>OUVIDORIA<\/u><\/strong><\/p>\n\n<p>A Ouvidoria \u00e9 um canal de comunica\u00e7\u00e3o que oportuniza a participa\u00e7\u00e3o de qualquer pessoa da comunidade interna ou externa na constru\u00e7\u00e3o democr\u00e1tica e propositiva da gest\u00e3o e na vida da Institui\u00e7\u00e3o, visando agilizar a administra\u00e7\u00e3o e aperfei\u00e7oamento a democracia. A Ouvidoria recebe as seguintes demandas:<\/p>\n\n<ul><li>Consultas: o usu\u00e1rio pode obter variadas informa\u00e7\u00f5es;<\/li><li>Elogios: o usu\u00e1rio pode elogiar funcion\u00e1rios, professores, servi\u00e7os, instala\u00e7\u00f5es e outros elementos que considere eficientes;<\/li><li>Reclama\u00e7\u00f5es: o usu\u00e1rio pode reclamar sobre servi\u00e7os ou instala\u00e7\u00f5es;<\/li><li>Sugest\u00f5es: o solicitante pode sugerir alternativas para a melhoria do Campus, de servi\u00e7os ou instala\u00e7\u00f5es.<\/li><\/ul>\n\n<div class=\"wp-block-columns\">\n<div class=\"wp-block-column is-vertically-aligned-center\">\n<figure class=\"wp-block-table is-style-stripes\"><table><tbody><tr><td><strong>OUVIDORIA<\/strong><\/td><td><strong>FUN\u00c7\u00c3O<\/strong><\/td><\/tr><tr><td>Liane Marli Sch\u00e4fer Lucca<\/td><td>Representante<\/td><\/tr><\/tbody><\/table><\/figure>\n<\/div>\n\n<div class=\"wp-block-column\">\n<div class=\"wp-block-group cor_fundo_horizontal has-background\" style=\"background-color:#f5f7f8\"><div class=\"wp-block-group__inner-container\">\n<div class=\"icone_sae\"><i class=\"pr-3 fa fa-map-marker\"><\/i><\/div>\n\n<p class=\"has-text-align-center titulo_azul\">LOCALIZA\u00c7\u00c3O<\/p>\n\n<p class=\"has-text-align-center has-small-font-size\">1\u00aa sala a direita da entrada do pr\u00e9dio 20 da URI \u2013 Campus de Santo \u00c2ngelo, junto ao NAE \u2013 N\u00facleo de Atendimento Especializado.<\/p>\n<\/div><\/div>\n<\/div>\n<\/div>\n\n\n\n<div class=\"wp-block-columns\">\n<div class=\"wp-block-column\">\n<p><strong><u>PROUNI \u2013 PROGRAMA UNIVERSIDADE PARA TODOS<\/u><\/strong><\/p>\n\n<p>\u00c9 um programa do Minist\u00e9rio da Educa\u00e7\u00e3o, que concede bolsas de estudo integrais (100%) e parciais (50%) em institui\u00e7\u00f5es privadas de educa\u00e7\u00e3o superior, em cursos de gradua\u00e7\u00e3o e sequenciais de forma\u00e7\u00e3o espec\u00edfica, a estudantes brasileiros sem diploma de n\u00edvel superior.<\/p>\n\n<p>A inscri\u00e7\u00e3o, gratuita, \u00e9 feita exclusivamente pela internet, no site do MEC \u2013 Minist\u00e9rio da Educa\u00e7\u00e3o (<a href=\"http:\/\/www.mec.gov.br\/\">www.mec.gov.br<\/a>), link PROUNI ou direto na p\u00e1gina do PROUNI (<a href=\"http:\/\/siteprouni.mec.gov.br\/\">http:\/\/siteprouni.mec.gov.br\/<\/a>). Representantes do PROUNI na URI \u2013 Campus de Santo \u00c2ngelo:<\/p>\n\n\n\n<figure class=\"wp-block-table is-style-stripes\"><table><tbody><tr><td><strong>PROUNI<\/strong><\/td><td><strong>FUN\u00c7\u00c3O<\/strong><\/td><\/tr><tr><td>Berenice Beatriz Rossner Wbatuba<\/td><td>Coordenadora<\/td><\/tr><tr><td>Luana Timm Ribeiro<\/td><td>Representante<\/td><\/tr><tr><td>Nei Carlos Moraes de Mattos<\/td><td>Representante<\/td><\/tr><tr><td>Olmar Kr\u00fcger<\/td><td>Representante<\/td><\/tr><\/tbody><\/table><\/figure>\n<\/div>\n\n\n\n<div class=\"wp-block-column is-vertically-aligned-center cor_fundo_vertical\">\n<div class=\"wp-block-group has-background\" style=\"background-color:#f5f7f8\"><div class=\"wp-block-group__inner-container\">\n<div class=\"icone_sae\"><i class=\"pr-3 fa fa-map-marker\"><\/i><\/div>\n\n\n<p class=\"has-text-align-center titulo_azul\">LOCALIZA\u00c7\u00c3O<\/p>\n\n\n<p class=\"has-text-align-center has-small-font-size\">&nbsp;4\u00aa sala a esquerda da entrada do pr\u00e9dio 20 da URI \u2013 Campus de Santo \u00c2ngelo, junto ao SAE \u2013 Setor de Apoio Ao Estudante (<a href=\"mailto:sae@san.uri.br\">sae@san.uri.br<\/a>)<\/p>\n<\/div><\/div>\n\n\n\n<div class=\"wp-block-group has-background\" style=\"background-color:#f5f7f8\"><div class=\"wp-block-group__inner-container\">\n<div class=\"icone_sae\"><i class=\"pr-3 fa fa-phone\"><\/i><\/div>\n\n\n\n<p class=\"has-text-align-center titulo_azul\">TELEFONE<\/p>\n\n\n<p class=\"has-text-align-center\">(55)3313-9504<\/p>\n<\/div><\/div>\n<\/div>\n<\/div>\n\n\n\n<p><strong><u>FIES \u2013 FINANCIAMENTO ESTUDANTIL<\/u><\/strong><\/p>\n\n\n\n<p>O Fundo de Financiamento Estudantil (FIES) \u00e9 um programa do Minist\u00e9rio da Educa\u00e7\u00e3o (MEC), que tem como objetivo conceder financiamento a estudantes em cursos superiores n\u00e3o gratuitos, com avalia\u00e7\u00e3o positiva nos processos conduzidos pelo MEC e ofertados por institui\u00e7\u00f5es de educa\u00e7\u00e3o superior n\u00e3o gratuitas aderentes ao programa.<\/p>\n\n\n<p>O&nbsp;<strong>novo FIES<\/strong>&nbsp;\u00e9 um modelo de financiamento estudantil moderno, que divide o programa em diferentes modalidades, possibilitando juros zero a quem mais precisa e uma escala de financiamentos que varia conforme a renda familiar do candidato.<\/p>\n\n<p>Para se inscrever no processo seletivo, acesse o Sistema de Sele\u00e7\u00e3o do Fies \u2013 FiesSele\u00e7\u00e3o, no endere\u00e7o eletr\u00f4nico:&nbsp;<a href=\"http:\/\/fies.mec.gov.br\/\">http:\/\/fies.mec.gov.br<\/a><\/p>\n\n<p>A Comiss\u00e3o Permanente de Supervis\u00e3o e Acompanhamento \u2013&nbsp;<strong>CPSA<\/strong>&nbsp;\u00e9 respons\u00e1vel por receber a documenta\u00e7\u00e3o e validar as informa\u00e7\u00f5es prestadas pelo candidato no ato da inscri\u00e7\u00e3o. Representantes do FIES na URI \u2013 Campus de Santo \u00c2ngelo:<\/p>\n\n<figure class=\"wp-block-table is-style-stripes\"><table><tbody><tr><td><strong>CPSA<\/strong><\/td><td><strong>FUN\u00c7\u00c3O<\/strong><\/td><\/tr><tr><td>Nei Carlos Moraes de Mattos<\/td><td>Presidente<\/td><\/tr><tr><td>Luana Timm Ribeiro<\/td><td>Vice-Presidente<\/td><\/tr><tr><td>Olmar Kr\u00fcger<\/td><td>Equipe de Apoio<\/td><\/tr><tr><td>Paula Camargo Lebtag<\/td><td>Equipe de Apoio<\/td><\/tr><\/tbody><\/table><\/figure>\n\n\n\n<div class=\"wp-block-columns cor_fundo_horizontal\">\n<div class=\"wp-block-column\">\n<div class=\"icone_sae\"><i class=\"pr-3 fa fa-map-marker\"><\/i><\/div>\n\n\n<p class=\"has-text-align-center titulo_azul\">LOCALIZA\u00c7\u00c3O<\/p>\n\n\n<p class=\"has-text-align-center has-small-font-size\">3\u00aa e 4\u00aa salas a esquerda da entrada do pr\u00e9dio 20 da URI \u2013 Campus de Santo \u00c2ngelo, junto ao SAE \u2013 Setor de Apoio Ao Estudante (<a href=\"mailto:sae@san.uri.br\">sae@san.uri.br<\/a>)<\/p>\n<\/div>\n\n\n\n<div class=\"wp-block-column\">\n<div class=\"icone_sae\"><i class=\"pr-3 fa fa-phone\"><\/i><\/div>\n\n\n\n<p class=\"has-text-align-center titulo_azul\">TELEFONE<\/p>\n\n\n\n<p class=\"has-text-align-center has-small-font-size\">(55) 3313-9504<\/p>\n<\/div>\n<\/div>\n\n\n\n<p><strong><u>EST\u00c1GIO N\u00c3O OBRIGAT\u00d3RIOS (LEI&nbsp;<\/u><\/strong><strong><u>11.788\/2008)<\/u><\/strong><\/p>\n\n\n<p>A Universidade mant\u00e9m conv\u00eanios com diversos&nbsp;<strong>Agentes de Integra\u00e7\u00e3o<\/strong>&nbsp;externos (CIEE, GROKKER, DEPE, Empregos pela Net, Minist\u00e9rio P\u00fablico, Justi\u00e7a Federal, Tribunal da Justi\u00e7a, Justi\u00e7a Estadual), para oferecer a oportunidade de est\u00e1gios n\u00e3o obrigat\u00f3rios (remunerados), de acordo com a Lei 11.788, de 25 de setembro de 2008 (<strong>Lei do Est\u00e1gio<\/strong>), em atividades relacionadas com os cursos dos discentes.<\/p>\n\n<p>Os est\u00e1gios n\u00e3o obrigat\u00f3rios (Lei 11.788\/2008) tem a finalidade de proporcionar experi\u00eancia pr\u00e1tica na linha de forma\u00e7\u00e3o do estagi\u00e1rio como complemento e aperfei\u00e7oamento do seu curso.<\/p>\n\n<figure class=\"wp-block-table is-style-stripes\"><table><tbody><tr><td><strong>EST\u00c1GIOS N\u00c3O OBRIGAT\u00d3RIOS<\/strong><\/td><td><strong>FUN\u00c7\u00c3O<\/strong><\/td><\/tr><tr><td>Paula Camargo Lebtag<\/td><td>Administrativo<\/td><\/tr><\/tbody><\/table><\/figure>\n\n<div class=\"wp-block-columns cor_fundo_horizontal\">\n<div class=\"wp-block-column\">\n<div class=\"icone_sae\"><i class=\"pr-3 fa fa-map-marker\"><\/i><\/div>\n\n\n<p class=\"has-text-align-center titulo_azul\">LOCALIZA\u00c7\u00c3O<\/p>\n\n\n\n<p class=\"has-text-align-center has-small-font-size\">3\u00aa sala a esquerda da entrada do pr\u00e9dio 20 da URI \u2013 Campus de Santo \u00c2ngelo, junto ao SAE \u2013 Setor de Apoio Ao Estudante<\/p>\n<\/div>\n\n\n\n<div class=\"wp-block-column\">\n<div class=\"icone_sae\"><i class=\"pr-3 fa fa-phone\"><\/i><\/div>\n\n\n\n<p class=\"has-text-align-center titulo_azul\">E-MAIL<\/p>\n\n\n\n<p class=\"has-text-align-center has-small-font-size\"><a href=\"mailto:estagios@san.uri.br\">estagios@san.uri.br<\/a><\/p>\n<\/div>\n\n<div class=\"wp-block-column\">\n<div class=\"icone_sae\"><i class=\"pr-3 fa fa-phone\"><\/i><\/div>\n\n<p class=\"has-text-align-center titulo_azul\">TELEFONE<\/p>\n\n<p class=\"has-text-align-center has-small-font-size\">(55) 3313-9504<\/p>\n<\/div>\n<\/div>\n\n\n\n","protected":false},"excerpt":{"rendered":"<p>O&nbsp;SAE \u2013 Setor de Apoio ao Estudante&nbsp;\u00e9 respons\u00e1vel por informa\u00e7\u00f5es e recebimento de documentos relativos \u00e0s bolsas de estudo do&nbsp;PROUNI&nbsp;\u2013 Programa Universidade para Todos, das inscri\u00e7\u00f5es, aditamentos e transfer\u00eancias do&nbsp;FIES&nbsp;\u2013 Financiamento Estudantil e do controle e encaminhamento de assinatura de contratos e relat\u00f3rios de acompanhamento dos&nbsp;est\u00e1gios n\u00e3o obrigat\u00f3rios&nbsp;(Lei 11.788\/2008). Outros servi\u00e7os de orienta\u00e7\u00e3o e atendimento [&hellip;]<\/p>\n","protected":false},"author":1,"featured_media":0,"parent":0,"menu_order":0,"comment_status":"closed","ping_status":"closed","template":"","meta":[],"_links":{"self":[{"href":"https:\/\/san.uri.br\/sites\/novo_tema\/index.php?rest_route=\/wp\/v2\/pages\/757"}],"collection":[{"href":"https:\/\/san.uri.br\/sites\/novo_tema\/index.php?rest_route=\/wp\/v2\/pages"}],"about":[{"href":"https:\/\/san.uri.br\/sites\/novo_tema\/index.php?rest_route=\/wp\/v2\/types\/page"}],"author":[{"embeddable":true,"href":"https:\/\/san.uri.br\/sites\/novo_tema\/index.php?rest_route=\/wp\/v2\/users\/1"}],"replies":[{"embeddable":true,"href":"https:\/\/san.uri.br\/sites\/novo_tema\/index.php?rest_route=%2Fwp%2Fv2%2Fcomments&post=757"}],"version-history":[{"count":24,"href":"https:\/\/san.uri.br\/sites\/novo_tema\/index.php?rest_route=\/wp\/v2\/pages\/757\/revisions"}],"predecessor-version":[{"id":27505,"href":"https:\/\/san.uri.br\/sites\/novo_tema\/index.php?rest_route=\/wp\/v2\/pages\/757\/revisions\/27505"}],"wp:attachment":[{"href":"https:\/\/san.uri.br\/sites\/novo_tema\/index.php?rest_route=%2Fwp%2Fv2%2Fmedia&parent=757"}],"curies":[{"name":"wp","href":"https:\/\/api.w.org\/{rel}","templated":true}]}}