{"id":754,"date":"2015-06-29T17:34:23","date_gmt":"2015-06-29T17:34:23","guid":{"rendered":"http:\/\/san.uri.br\/sites\/site_novo\/?page_id=754"},"modified":"2021-07-16T14:04:04","modified_gmt":"2021-07-16T17:04:04","slug":"pos","status":"publish","type":"page","link":"https:\/\/san.uri.br\/sites\/novo_tema\/?page_id=754","title":{"rendered":"P\u00f3s-Gradua\u00e7\u00e3o"},"content":{"rendered":"<p>Stricto Sensu<\/p>\n<p style=\"padding-left: 30px;\"><a class=\"link_graduacao\" href=\" http:\/\/srvapp2s.santoangelo.uri.br\/sites\/mestrado_direito\/?page_id=16&amp;lang=pt\">Doutorado e Mestrado em Direito<\/a><br \/>\n<a class=\"link_graduacao\" href=\"http:\/\/srvapp2s.santoangelo.uri.br\/sites\/mestrado_gestao\/\">Mestrado em Gest\u00e3o Estrat\u00e9gica de Organiza\u00e7\u00f5es<\/a><br \/>\n<a class=\"link_graduacao\" href=\"http:\/\/srvapp2s.santoangelo.uri.br\/sites\/mestradoect\/\">Mestrado em Ensino Cient\u00edfico e Tecnol\u00f3gico<\/a><\/p>\n<p>Lato Sensu<\/p>\n<p style=\"padding-left: 30px;\"><a href=\"http:\/\/san.uri.br\/sites\/site_novo\/?page_id=21277\">P\u00f3s-Gradua\u00e7\u00e3o Cursos em Andamento<\/a><\/p>\n<p style=\"padding-left: 30px;\"><a href=\"http:\/\/www.san.uri.br\/pos\/pos_georreferenciamento_imoveis2021\/index.php\">P\u00f3s-Gradua\u00e7\u00e3o Georreferenciamento de Im\u00f3veis Rurais e Urbanos<\/a> &#8211; <strong><span style=\"color: #339966;\">Inscri\u00e7\u00f5es Abertas<\/span><\/strong><\/p>\n<p style=\"padding-left: 30px;\"><a href=\"http:\/\/www.san.uri.br\/pos\/tec_digitais_educacao2021\/\">P\u00f3s-Gradua\u00e7\u00e3o em Tecnologias Digitais na Educa\u00e7\u00e3o<\/a> &#8211; <span style=\"color: #ff0000;\"><strong>Pr\u00e9-Matr\u00edculas Encerradas<\/strong><\/span><\/p>\n<p style=\"padding-left: 30px;\"><a href=\"http:\/\/www.san.uri.br\/pos\/apf_cultura_soja2021\/index.php\">P\u00f3s-Gradua\u00e7\u00e3o em?&nbsp;Aperfei\u00e7oamento na cultura da soja: Solos, Nutri\u00e7\u00e3o e Fitossanidade <\/a>&#8211; <strong><span style=\"color: #339966;\">Inscri\u00e7\u00f5es Abertas<\/span><\/strong><\/p>\n<p style=\"padding-left: 30px;\"><a href=\"http:\/\/www.san.uri.br\/pos\/pos_eng_seguranca_trabalho2020\">P\u00f3s-Gradua\u00e7\u00e3o em Engenharia de Seguran\u00e7a do Trabalho<\/a> &#8211; <span style=\"color: #ff0000;\"><strong>Inscri\u00e7\u00f5es Encerradas<\/strong><\/span><\/p>\n<p style=\"padding-left: 30px;\"><a href=\"http:\/\/www.san.uri.br\/pos\/pos_robotica_educacional2020\/index.php\">P\u00f3s-Gradua\u00e7\u00e3o em: Rob\u00f3tica Educacional <\/a>&#8211;<span style=\"color: #339966;\"> <strong>Inscri\u00e7\u00f5es?&nbsp;Abertas<\/strong><\/span><\/p>\n<p style=\"padding-left: 30px;\"><a href=\"http:\/\/www.san.uri.br\/pos\/pos_enfermagem_uti2021\/index.php\">P\u00f3s-Gradua\u00e7\u00e3o Enfermagem Em Unidade de Terapia Intensiva<\/a>&#8211;<span style=\"color: #ff0000;\"> <strong>Inscri\u00e7\u00f5es Encerradas<\/strong><\/span><\/p>\n<p style=\"padding-left: 30px;\"><a href=\"http:\/\/www.san.uri.br\/pos\/pos_uti2019\/index.php\">P\u00f3s-Gradua\u00e7\u00e3o Unidade de Terapia Intensiva: Adulto, Pedi\u00e1trica e NeoNatal<\/a> &#8211; <span style=\"color: #ff0000;\"><strong>Inscri\u00e7\u00f5es Encerradas<\/strong><\/span><\/p>\n<p style=\"padding-left: 30px;\"><a href=\"http:\/\/www.san.uri.br\/pos\/pos_mba_2019\/index.php\">P\u00f3s-Gradua\u00e7\u00e3o em MBA em Gest\u00e3o de Pessoas &#8211; N\u00edvel de Especializa\u00e7\u00e3o<\/a> &#8211; <span style=\"color: #ff0000;\"><strong>Inscri\u00e7\u00f5es Encerradas<\/strong><\/span><\/p>\n<p style=\"padding-left: 30px;\"><a href=\"http:\/\/www.san.uri.br\/pos\/pos_saneamento_ambiental2019\/index.php\">P\u00f3s-Gradua\u00e7\u00e3o em Saneamento Ambiental<\/a> &#8211;<span style=\"color: #ff0000;\"> <strong>Inscri\u00e7\u00f5es Encerradas<\/strong><\/span><\/p>\n<p style=\"padding-left: 30px;\"><a href=\"http:\/\/www.san.uri.br\/pos\/pos_georreferenciamento_imoveis2019-2\/\">P\u00f3s-Gradua\u00e7\u00e3o em Georreferenciamento de Im\u00f3veis Rurais e Urbanos <\/a> &#8211; <span style=\"color: #ff0000;\"><strong>Inscri\u00e7\u00f5es Encerradas<\/strong><\/span><\/p>\n<p style=\"padding-left: 30px;\"><a href=\"http:\/\/www.san.uri.br\/pos\/pos_psicologia_transito2018\/index.php\">P\u00f3s-Gradua\u00e7\u00e3o em Psicologia do Tr\u00e2nsito<\/a> &#8211; <span style=\"color: #ff0000;\"><strong>Inscri\u00e7\u00f5es Encerradas<\/strong><\/span><\/p>\n<p style=\"padding-left: 30px;\"><a href=\"http:\/\/www.san.uri.br\/pos\/pos_auditoria_recuperacao_empresas2019\/index.php\">P\u00f3s-Gradua\u00e7\u00e3o em Auditoria, Per\u00edcia e Recupera\u00e7\u00e3o de Empresas<\/a> &#8211; <span style=\"color: #ff0000;\"><strong>Inscri\u00e7\u00f5es Encerradas<\/strong><\/span><\/p>\n<p style=\"padding-left: 30px;\"><a href=\"http:\/\/www.san.uri.br\/pos\/pos_teologia2018\/index.php\">P\u00f3s-Gradua\u00e7\u00f5es (Aperfei\u00e7oamento E Especializa\u00e7\u00e3o) Em Filosofia Na Contemporaneidade E Leituras Da B\u00edblia e Mundo Contempor\u00e2neo<\/a> &#8211; <span style=\"color: #ff0000;\"><strong>Inscri\u00e7\u00f5es Encerradas<\/strong><\/span><\/p>\n<p style=\"padding-left: 30px;\"><a href=\"http:\/\/www.san.uri.br\/pos\/pos_prescricao_farmaceutica2018\/\">P\u00f3s-Gradua\u00e7\u00e3o em Prescri\u00e7\u00e3o Farmac\u00eautica e Farm\u00e1cia Cl\u00ednica &#8211;<\/a> <span style=\"color: #ff0000;\"><strong>Inscri\u00e7\u00f5es Encerradas<\/strong><\/span><\/p>\n<p style=\"padding-left: 30px;\"><a href=\"http:\/\/www.san.uri.br\/pos\/pos_previdencia2017\/index.php\">P\u00f3s-Gradua\u00e7\u00e3o em Direito Previdenci\u00e1rio e do Trabalho e Processo Trabalhista<\/a> &#8211; <span style=\"color: #ff0000;\"><strong>Inscri\u00e7\u00f5es Encerradas<\/strong><\/span><\/p>\n<p style=\"padding-left: 30px;\"><a href=\"http:\/\/www.san.uri.br\/pos\/pos_oncologia2017\/index.php\">P\u00f3s-Gradua\u00e7\u00e3o em Oncologia e Seguran\u00e7a do Paciente<\/a> &#8211; <span style=\"color: #ff0000;\"><strong>Inscri\u00e7\u00f5es Encerradas<\/strong><\/span><\/p>\n<p style=\"padding-left: 30px;\"><a href=\"http:\/\/www.san.uri.br\/pos\/pos_personaltraining2017\/index.php\">P\u00f3s-Gradua\u00e7\u00e3o em Personal Training<\/a> &#8211; <span style=\"color: #ff0000;\"><strong>Inscri\u00e7\u00f5es Encerradas<\/strong><\/span><\/p>\n<p style=\"padding-left: 30px;\"><a href=\"http:\/\/www.san.uri.br\/pos_graduacao_farmacia2017\/\" target=\"_blank\" rel=\"noopener noreferrer\">P\u00f3s-Gradua\u00e7\u00e3o em Prescri\u00e7\u00e3o Farmac\u00eautica e Farm\u00e1cia Cl\u00ednica<\/a> &#8211; <span style=\"color: #ff0000;\"><strong>Inscri\u00e7\u00f5es Encerradas<\/strong><\/span><\/p>\n<p style=\"padding-left: 30px;\"><a href=\"http:\/\/www.san.uri.br\/pos\/pos_psicologiaclinica_saudemental2017\/\">P\u00f3s Gradua\u00e7\u00e3o em Psicologia Cl\u00ednica e Sa\u00fade Mental<\/a> &#8211; <span style=\"color: #ff0000;\"><strong>Inscri\u00e7\u00f5es Encerradas<\/strong><\/span><em><strong><span style=\"color: #008000;\"><br \/>\n<\/span><\/strong><\/em><\/p>\n<p style=\"padding-left: 30px;\"><a href=\"http:\/\/www.san.uri.br\/pos\/pos_edu_infantil2016\/\">P\u00f3s-Gradua\u00e7\u00e3o em Educa\u00e7\u00e3o Infantil <\/a> &#8211; <span style=\"color: #ff0000;\"><strong>Inscri\u00e7\u00f5es Encerradas<\/strong><\/span><\/p>\n<p style=\"padding-left: 30px;\"><a href=\"http:\/\/www.san.uri.br\/pos\/pos_enfermagem_trabalho2016\/index.php\">P\u00f3s -Gradua\u00e7\u00e3o em Especializa\u00e7\u00e3o em Enfermagem do Trabalho<\/a> &#8211; <span style=\"color: #ff0000;\"><strong>Inscri\u00e7\u00f5es Encerradas<\/strong><\/span><\/p>\n<p style=\"padding-left: 30px;\"><a href=\"http:\/\/san.uri.br\/pos\/pos_ciencias_atuariais2016\">P\u00f3s-Gradua\u00e7\u00e3o em Especializa\u00e7\u00e3o Ci\u00eancias Atuariais e Finan\u00e7as Avan\u00e7adas <\/a> &#8211; <span style=\"color: #ff0000;\"><strong>Inscri\u00e7\u00f5es Encerradas<\/strong><\/span><\/p>\n<p style=\"padding-left: 30px;\">&#8211;&gt;<a class=\"link_graduacao\" title=\"P\u00f3s-Gradua\u00e7\u00e3o em Licenciamento Ambiental\" href=\"http:\/\/ww3.san.uri.br\/sites\/pos\/licenciamento_ambiental\/\">P\u00f3s-Gradua\u00e7\u00e3o em Licenciamento Ambiental<\/a> &#8211;<span style=\"color: #ff0000;\"> <strong>Inscri\u00e7\u00f5es Encerradas<\/strong><\/span><\/p>\n<p style=\"padding-left: 30px;\"><a class=\"link_graduacao\" title=\"P\u00f3s-Gradua\u00e7\u00e3o em Ci\u00eancias Atuariais e Finan\u00e7as Avan\u00e7adas\" href=\"http:\/\/www.san.uri.br\/pos\/pos_ciencias_atuariais\/\">P\u00f3s-Gradua\u00e7\u00e3o em Ci\u00eancias Atuariais e Finan\u00e7as Avan\u00e7adas<\/a> &#8211; <span style=\"color: #ff0000;\"><strong>Inscri\u00e7\u00f5es Encerradas<\/strong><\/span><\/p>\n<p style=\"padding-left: 30px;\"><a href=\"http:\/\/www.san.uri.br\/pos\/pos_personal_training2016\/\" target=\"_blank\" rel=\"noopener noreferrer\">P\u00f3s-Gradua\u00e7\u00e3o em Personal Training<\/a> &#8211; <span style=\"color: #ff0000;\"><strong>Inscri\u00e7\u00f5es Encerradas<\/strong><\/span><\/p>\n<p style=\"padding-left: 30px;\"><a href=\"http:\/\/www.san.uri.br\/pos\/pos_psicologiaclinica_saudemental2016\/\">P\u00f3s Gradua\u00e7\u00e3o em Psicologia Cl\u00ednica e Sa\u00fade Mental<\/a> &#8211; <span style=\"color: #ff0000;\"><strong>Inscri\u00e7\u00f5es Encerradas<\/strong><\/span><\/p>\n<p>&nbsp;<\/p>\n","protected":false},"excerpt":{"rendered":"<p>Stricto Sensu Doutorado e Mestrado em Direito Mestrado em Gest\u00e3o Estrat\u00e9gica de Organiza\u00e7\u00f5es Mestrado em Ensino Cient\u00edfico e Tecnol\u00f3gico Lato Sensu P\u00f3s-Gradua\u00e7\u00e3o Cursos em Andamento P\u00f3s-Gradua\u00e7\u00e3o Georreferenciamento de Im\u00f3veis Rurais e Urbanos &#8211; Inscri\u00e7\u00f5es Abertas P\u00f3s-Gradua\u00e7\u00e3o em Tecnologias Digitais na Educa\u00e7\u00e3o &#8211; Pr\u00e9-Matr\u00edculas Encerradas P\u00f3s-Gradua\u00e7\u00e3o em?&nbsp;Aperfei\u00e7oamento na cultura da soja: Solos, Nutri\u00e7\u00e3o e Fitossanidade &#8211; [&hellip;]<\/p>\n","protected":false},"author":1,"featured_media":0,"parent":0,"menu_order":0,"comment_status":"closed","ping_status":"closed","template":"page_pos_graduacao.php","meta":[],"_links":{"self":[{"href":"https:\/\/san.uri.br\/sites\/novo_tema\/index.php?rest_route=\/wp\/v2\/pages\/754"}],"collection":[{"href":"https:\/\/san.uri.br\/sites\/novo_tema\/index.php?rest_route=\/wp\/v2\/pages"}],"about":[{"href":"https:\/\/san.uri.br\/sites\/novo_tema\/index.php?rest_route=\/wp\/v2\/types\/page"}],"author":[{"embeddable":true,"href":"https:\/\/san.uri.br\/sites\/novo_tema\/index.php?rest_route=\/wp\/v2\/users\/1"}],"replies":[{"embeddable":true,"href":"https:\/\/san.uri.br\/sites\/novo_tema\/index.php?rest_route=%2Fwp%2Fv2%2Fcomments&post=754"}],"version-history":[{"count":123,"href":"https:\/\/san.uri.br\/sites\/novo_tema\/index.php?rest_route=\/wp\/v2\/pages\/754\/revisions"}],"predecessor-version":[{"id":27417,"href":"https:\/\/san.uri.br\/sites\/novo_tema\/index.php?rest_route=\/wp\/v2\/pages\/754\/revisions\/27417"}],"wp:attachment":[{"href":"https:\/\/san.uri.br\/sites\/novo_tema\/index.php?rest_route=%2Fwp%2Fv2%2Fmedia&parent=754"}],"curies":[{"name":"wp","href":"https:\/\/api.w.org\/{rel}","templated":true}]}}