{"id":710,"date":"2015-06-22T19:43:14","date_gmt":"2015-06-22T19:43:14","guid":{"rendered":"http:\/\/san.uri.br\/sites\/site_novo\/?page_id=710"},"modified":"2016-04-15T17:15:07","modified_gmt":"2016-04-15T20:15:07","slug":"pesquisa","status":"publish","type":"page","link":"https:\/\/san.uri.br\/sites\/novo_tema\/?page_id=710","title":{"rendered":"Pesquisa"},"content":{"rendered":"<p style=\"text-align: justify;\">A Pesquisa, definida como princ\u00edpio cient\u00edfico e educativo, constitui-se no desafio essencial da universidade e da educa\u00e7\u00e3o nos tempos atuais. Institucionalizada atrav\u00e9s do Par. 438.03\/CUn\/96, \u00e9 a mat\u00e9ria prima do ensino e do conhecimento. Como princ\u00edpio educativo, \u00e9 uma das bases da educa\u00e7\u00e3o emancipat\u00f3ria, ou seja, o questionamento cr\u00edtico e criativo da realidade.<\/p>\n<p>&nbsp;<\/p>\n<p style=\"text-align: justify;\">As pol\u00edticas de pesquisa da URI preveem o desenvolvimento de pesquisas de qualidade pela qualifica\u00e7\u00e3o de grupos de excel\u00eancia, incentivo \u00e0 pesquisa multidisciplinar, transfer\u00eancia de tecnologia, divulga\u00e7\u00e3o da produ\u00e7\u00e3o, integra\u00e7\u00e3o entre Pesquisa, Ensino de Gradua\u00e7\u00e3o e P\u00f3s-Gradua\u00e7\u00e3o e Extens\u00e3o. Na URI, a responsabilidade pela regulamenta\u00e7\u00e3o, gest\u00e3o e avalia\u00e7\u00e3o da pesquisa envolve a PROPEPG, o CIAP \u2013 Comit\u00ea Institucional de Avalia\u00e7\u00e3o de Projetos de Pesquisa, o CEP \u2013 Comit\u00ea de \u00c9tica em Pesquisa, o CEUA \u2013 Comiss\u00e3o de \u00c9tica no Uso de Animais, os Grupos de Pesquisa, os Departamentos, as Dire\u00e7\u00f5es de C\u00e2mpus e os pesquisadores.<\/p>\n<p>&nbsp;<\/p>\n<p style=\"text-align: justify;\">Na URI, a Inicia\u00e7\u00e3o Cient\u00edfica e Tecnol\u00f3gica \u00e9 vista como elemento e dimens\u00e3o fundamental para despertar o surgimento de novos talentos para a pesquisa e doc\u00eancia. Desde 1994, a Institui\u00e7\u00e3o financia projetos de inicia\u00e7\u00e3o cient\u00edfica, oportunizando, aos acad\u00eamicos, novas perspectivas para a P\u00f3s-Gradua\u00e7\u00e3o. A Universidade mant\u00e9m tr\u00eas programas de pesquisa: Programa Institucional de Incentivo \u00e0 Pesquisa, Programa de Institucionaliza\u00e7\u00e3o da Pesquisa com Fomento Externo, Programa Institucional de Inicia\u00e7\u00e3o Cient\u00edfica e Tecnol\u00f3gica.<\/p>\n<p>&nbsp;<\/p>\n","protected":false},"excerpt":{"rendered":"<p>A Pesquisa, definida como princ\u00edpio cient\u00edfico e educativo, constitui-se no desafio essencial da universidade e da educa\u00e7\u00e3o nos tempos atuais. Institucionalizada atrav\u00e9s do Par. 438.03\/CUn\/96, \u00e9 a mat\u00e9ria prima do ensino e do conhecimento. Como princ\u00edpio educativo, \u00e9 uma das bases da educa\u00e7\u00e3o emancipat\u00f3ria, ou seja, o questionamento cr\u00edtico e criativo da realidade. &nbsp; As [&hellip;]<\/p>\n","protected":false},"author":1,"featured_media":0,"parent":0,"menu_order":0,"comment_status":"closed","ping_status":"closed","template":"page_pesquisa.php","meta":[],"_links":{"self":[{"href":"https:\/\/san.uri.br\/sites\/novo_tema\/index.php?rest_route=\/wp\/v2\/pages\/710"}],"collection":[{"href":"https:\/\/san.uri.br\/sites\/novo_tema\/index.php?rest_route=\/wp\/v2\/pages"}],"about":[{"href":"https:\/\/san.uri.br\/sites\/novo_tema\/index.php?rest_route=\/wp\/v2\/types\/page"}],"author":[{"embeddable":true,"href":"https:\/\/san.uri.br\/sites\/novo_tema\/index.php?rest_route=\/wp\/v2\/users\/1"}],"replies":[{"embeddable":true,"href":"https:\/\/san.uri.br\/sites\/novo_tema\/index.php?rest_route=%2Fwp%2Fv2%2Fcomments&post=710"}],"version-history":[{"count":8,"href":"https:\/\/san.uri.br\/sites\/novo_tema\/index.php?rest_route=\/wp\/v2\/pages\/710\/revisions"}],"predecessor-version":[{"id":3674,"href":"https:\/\/san.uri.br\/sites\/novo_tema\/index.php?rest_route=\/wp\/v2\/pages\/710\/revisions\/3674"}],"wp:attachment":[{"href":"https:\/\/san.uri.br\/sites\/novo_tema\/index.php?rest_route=%2Fwp%2Fv2%2Fmedia&parent=710"}],"curies":[{"name":"wp","href":"https:\/\/api.w.org\/{rel}","templated":true}]}}