{"id":6,"date":"2013-06-11T19:11:44","date_gmt":"2013-06-11T19:11:44","guid":{"rendered":"http:\/\/santoangelo.uri.br\/cigeco\/anais\/?page_id=6"},"modified":"2025-03-10T19:09:37","modified_gmt":"2025-03-10T19:09:37","slug":"corpo-editorial","status":"publish","type":"page","link":"https:\/\/san.uri.br\/sites\/anais\/cigeco\/?page_id=6","title":{"rendered":"Corpo Editorial"},"content":{"rendered":"<ul>\n<li>Editora\u00e7\u00e3o: F\u00e1bio C\u00e9sar Junges<\/li>\n<\/ul>\n<p>ISSN 2317-885X<\/p>\n","protected":false},"excerpt":{"rendered":"<p>Editora\u00e7\u00e3o: F\u00e1bio C\u00e9sar Junges ISSN 2317-885X<\/p>\n","protected":false},"author":1,"featured_media":0,"parent":0,"menu_order":0,"comment_status":"closed","ping_status":"closed","template":"","meta":[],"_links":{"self":[{"href":"https:\/\/san.uri.br\/sites\/anais\/cigeco\/index.php?rest_route=\/wp\/v2\/pages\/6"}],"collection":[{"href":"https:\/\/san.uri.br\/sites\/anais\/cigeco\/index.php?rest_route=\/wp\/v2\/pages"}],"about":[{"href":"https:\/\/san.uri.br\/sites\/anais\/cigeco\/index.php?rest_route=\/wp\/v2\/types\/page"}],"author":[{"embeddable":true,"href":"https:\/\/san.uri.br\/sites\/anais\/cigeco\/index.php?rest_route=\/wp\/v2\/users\/1"}],"replies":[{"embeddable":true,"href":"https:\/\/san.uri.br\/sites\/anais\/cigeco\/index.php?rest_route=%2Fwp%2Fv2%2Fcomments&post=6"}],"version-history":[{"count":8,"href":"https:\/\/san.uri.br\/sites\/anais\/cigeco\/index.php?rest_route=\/wp\/v2\/pages\/6\/revisions"}],"predecessor-version":[{"id":144,"href":"https:\/\/san.uri.br\/sites\/anais\/cigeco\/index.php?rest_route=\/wp\/v2\/pages\/6\/revisions\/144"}],"wp:attachment":[{"href":"https:\/\/san.uri.br\/sites\/anais\/cigeco\/index.php?rest_route=%2Fwp%2Fv2%2Fmedia&parent=6"}],"curies":[{"name":"wp","href":"https:\/\/api.w.org\/{rel}","templated":true}]}}