{"id":2,"date":"2013-06-11T18:29:59","date_gmt":"2013-06-11T18:29:59","guid":{"rendered":"http:\/\/santoangelo.uri.br\/cigeco\/anais\/?page_id=2"},"modified":"2026-01-21T18:21:16","modified_gmt":"2026-01-21T18:21:16","slug":"pagina-exemplo","status":"publish","type":"page","link":"https:\/\/san.uri.br\/sites\/anais\/cigeco\/?page_id=2","title":{"rendered":"Apresenta\u00e7\u00e3o"},"content":{"rendered":"<p style=\"text-align: justify;\">O <strong>VI Congresso Internacional em Gest\u00e3o Estrat\u00e9gica e Controladoria de Organiza\u00e7\u00f5es \u2013 CIGECO<\/strong> \u00e9 um evento acad\u00eamico bienal, promovido e organizado pelo Programa de Mestrado Profissional em Gest\u00e3o Estrat\u00e9gica de Organiza\u00e7\u00f5es da Universidade Regional Integrada do Alto Uruguai e das Miss\u00f5es \u2013 URI, Campus Santo \u00c2ngelo.<\/p>\n<p>Em sua sexta edi\u00e7\u00e3o, programada para 23 e 24 de outubro de 2025, em formato h\u00edbrido, o CIGECO tem como objetivo fomentar discuss\u00f5es, trocas de experi\u00eancias entre participantes nacionais e internacionais ampliando o conhecimento e fomentando a constru\u00e7\u00e3o de redes de contatos, promover o aprimoramento e propor solu\u00e7\u00f5es e din\u00e2micas voltadas \u00e0 \u00e1rea da Gest\u00e3o Contempor\u00e2nea, com foco em seus desafios e estrat\u00e9gias. A programa\u00e7\u00e3o do congresso incluir\u00e1 apresenta\u00e7\u00f5es orais de trabalhos cient\u00edficos, palestras, pain\u00e9is tem\u00e1ticos e momentos de intera\u00e7\u00e3o e debate entre acad\u00eamicos, profissionais do setor, empres\u00e1rios e representantes da sociedade civil interessados nas tem\u00e1ticas Sustentabilidade e ESG; Inova\u00e7\u00e3o, Transforma\u00e7\u00e3o e Intelig\u00eancia Estrat\u00e9gica; Desafios e Estrat\u00e9gias na Gest\u00e3o de Pessoas; Finan\u00e7as Estrat\u00e9gicas \u2013 Controladoria em Gest\u00e3o de Incertezas; Desafios e Incertezas na Gest\u00e3o P\u00fablica.<\/p>\n<p>Neste ano, o evento contar\u00e1 com a realiza\u00e7\u00e3o da terceira edi\u00e7\u00e3o do Cons\u00f3rcio Mestral. Essa iniciativa visa apoiar o desenvolvimento de projetos de disserta\u00e7\u00e3o de mestrado, sendo voltada a alunos de programas de mestrado, tanto acad\u00eamicos quanto profissionais, cujas pesquisas abordem temas relacionados \u00e0 Gest\u00e3o Estrat\u00e9gica. As propostas ser\u00e3o apresentadas a bancas avaliadoras compostas por professores de programas Stricto Sensu, com atua\u00e7\u00e3o Nacional e Internacional. As recomenda\u00e7\u00f5es feitas pelas bancas servir\u00e3o como sugest\u00f5es para a qualifica\u00e7\u00e3o das pesquisas, cabendo ao orientador e ao mestrando decidir sobre a incorpora\u00e7\u00e3o dessas contribui\u00e7\u00f5es.<\/p>\n<p style=\"text-align: center;\">A Comiss\u00e3o Organizadora do <strong>VI CIGECO<\/strong> agradece a todos os participantes, conferencistas, membros do Comit\u00ea Cient\u00edfico de Avaliadores, institui\u00e7\u00f5es parceiras, apoiadores e patrocinadores, por todo o valoroso comprometimento na concretiza\u00e7\u00e3o do evento.<\/p>\n<p style=\"text-align: center;\">ISSN 2317-885X<\/p>\n","protected":false},"excerpt":{"rendered":"<p>O VI Congresso Internacional em Gest\u00e3o Estrat\u00e9gica e Controladoria de Organiza\u00e7\u00f5es \u2013 CIGECO \u00e9 um evento acad\u00eamico bienal, promovido e organizado pelo Programa de Mestrado Profissional em Gest\u00e3o Estrat\u00e9gica de Organiza\u00e7\u00f5es da Universidade Regional Integrada do Alto Uruguai e das Miss\u00f5es \u2013 URI, Campus Santo \u00c2ngelo. Em sua sexta edi\u00e7\u00e3o, programada para 23 e 24 [&hellip;]<\/p>\n","protected":false},"author":1,"featured_media":0,"parent":0,"menu_order":0,"comment_status":"closed","ping_status":"closed","template":"","meta":[],"_links":{"self":[{"href":"https:\/\/san.uri.br\/sites\/anais\/cigeco\/index.php?rest_route=\/wp\/v2\/pages\/2"}],"collection":[{"href":"https:\/\/san.uri.br\/sites\/anais\/cigeco\/index.php?rest_route=\/wp\/v2\/pages"}],"about":[{"href":"https:\/\/san.uri.br\/sites\/anais\/cigeco\/index.php?rest_route=\/wp\/v2\/types\/page"}],"author":[{"embeddable":true,"href":"https:\/\/san.uri.br\/sites\/anais\/cigeco\/index.php?rest_route=\/wp\/v2\/users\/1"}],"replies":[{"embeddable":true,"href":"https:\/\/san.uri.br\/sites\/anais\/cigeco\/index.php?rest_route=%2Fwp%2Fv2%2Fcomments&post=2"}],"version-history":[{"count":17,"href":"https:\/\/san.uri.br\/sites\/anais\/cigeco\/index.php?rest_route=\/wp\/v2\/pages\/2\/revisions"}],"predecessor-version":[{"id":160,"href":"https:\/\/san.uri.br\/sites\/anais\/cigeco\/index.php?rest_route=\/wp\/v2\/pages\/2\/revisions\/160"}],"wp:attachment":[{"href":"https:\/\/san.uri.br\/sites\/anais\/cigeco\/index.php?rest_route=%2Fwp%2Fv2%2Fmedia&parent=2"}],"curies":[{"name":"wp","href":"https:\/\/api.w.org\/{rel}","templated":true}]}}