{"id":11,"date":"2013-06-11T19:14:17","date_gmt":"2013-06-11T19:14:17","guid":{"rendered":"http:\/\/santoangelo.uri.br\/cigeco\/anais\/?page_id=11"},"modified":"2020-12-10T23:18:26","modified_gmt":"2020-12-10T23:18:26","slug":"endereco-de-contato","status":"publish","type":"page","link":"https:\/\/san.uri.br\/sites\/anais\/cigeco\/?page_id=11","title":{"rendered":"Endere\u00e7o de Contato"},"content":{"rendered":"<p>Programa de P\u00f3s-Gradua\u00e7\u00e3o em Gest\u00e3o Estrat\u00e9gica de Organiza\u00e7\u00f5es \u2013 PPGGEO \u2013 Mestrado Profissional<\/p>\n<p>Rua Universidade das Miss\u00f5es, 464 \u2013 Subsolo Pr\u00e9dio 20<br \/>\nSanto \u00c2ngelo \u2013 RS \u2013 98802-470<br \/>\nTelefone: 55-3313-7942 | Fax: 55-3313-7902<br \/>\nE-mail: mestradogestao@san.uri.br<\/p>\n","protected":false},"excerpt":{"rendered":"<p>Programa de P\u00f3s-Gradua\u00e7\u00e3o em Gest\u00e3o Estrat\u00e9gica de Organiza\u00e7\u00f5es \u2013 PPGGEO \u2013 Mestrado Profissional Rua Universidade das Miss\u00f5es, 464 \u2013 Subsolo Pr\u00e9dio 20 Santo \u00c2ngelo \u2013 RS \u2013 98802-470 Telefone: 55-3313-7942 | Fax: 55-3313-7902 E-mail: mestradogestao@san.uri.br<\/p>\n","protected":false},"author":1,"featured_media":0,"parent":0,"menu_order":0,"comment_status":"closed","ping_status":"closed","template":"","meta":[],"_links":{"self":[{"href":"https:\/\/san.uri.br\/sites\/anais\/cigeco\/index.php?rest_route=\/wp\/v2\/pages\/11"}],"collection":[{"href":"https:\/\/san.uri.br\/sites\/anais\/cigeco\/index.php?rest_route=\/wp\/v2\/pages"}],"about":[{"href":"https:\/\/san.uri.br\/sites\/anais\/cigeco\/index.php?rest_route=\/wp\/v2\/types\/page"}],"author":[{"embeddable":true,"href":"https:\/\/san.uri.br\/sites\/anais\/cigeco\/index.php?rest_route=\/wp\/v2\/users\/1"}],"replies":[{"embeddable":true,"href":"https:\/\/san.uri.br\/sites\/anais\/cigeco\/index.php?rest_route=%2Fwp%2Fv2%2Fcomments&post=11"}],"version-history":[{"count":4,"href":"https:\/\/san.uri.br\/sites\/anais\/cigeco\/index.php?rest_route=\/wp\/v2\/pages\/11\/revisions"}],"predecessor-version":[{"id":128,"href":"https:\/\/san.uri.br\/sites\/anais\/cigeco\/index.php?rest_route=\/wp\/v2\/pages\/11\/revisions\/128"}],"wp:attachment":[{"href":"https:\/\/san.uri.br\/sites\/anais\/cigeco\/index.php?rest_route=%2Fwp%2Fv2%2Fmedia&parent=11"}],"curies":[{"name":"wp","href":"https:\/\/api.w.org\/{rel}","templated":true}]}}