{"id":85,"date":"2020-12-03T19:22:00","date_gmt":"2020-12-03T21:22:00","guid":{"rendered":"http:\/\/srvapp2s.santoangelo.uri.br\/sites\/mestrado_gestao\/?page_id=85"},"modified":"2020-12-03T19:22:00","modified_gmt":"2020-12-03T21:22:00","slug":"grupos-de-pesquisa","status":"publish","type":"page","link":"https:\/\/san.uri.br\/mestrado_gestao\/index.php\/grupos-de-pesquisa\/","title":{"rendered":"Grupos de Pesquisa"},"content":{"rendered":"<blockquote>\n<p style=\"padding-left: 30px;\"><strong>NOME:<\/strong> Desenvolvimento Regional &#8211; Gest\u00e3o de Pol\u00edticas P\u00fablicas e Privadas\u00a0ACESSO: dgp.cnpq.br\/dgp\/espelhogrupo\/2235768209200987<\/p>\n<p style=\"padding-left: 30px;\"><strong>L\u00cdDER(ES) DO GRUPO:<\/strong> Neusa Maria da Costa Gon\u00e7alves Salla e Bernardo Both<\/p>\n<p style=\"padding-left: 30px;\"><strong>\u00c1REA PREDOMINANTE:<\/strong> Ci\u00eancias Sociais Aplicadas; Administra\u00e7\u00e3o<\/p>\n<\/blockquote>\n<p style=\"padding-left: 30px;\">\n","protected":false},"excerpt":{"rendered":"<p>NOME: Desenvolvimento Regional &#8211; Gest\u00e3o de Pol\u00edticas P\u00fablicas e Privadas\u00a0ACESSO: dgp.cnpq.br\/dgp\/espelhogrupo\/2235768209200987 L\u00cdDER(ES) DO GRUPO: Neusa Maria da Costa Gon\u00e7alves Salla e Bernardo Both \u00c1REA PREDOMINANTE: Ci\u00eancias Sociais Aplicadas; Administra\u00e7\u00e3o<\/p>\n","protected":false},"author":1,"featured_media":0,"parent":0,"menu_order":0,"comment_status":"closed","ping_status":"closed","template":"","meta":[],"_links":{"self":[{"href":"https:\/\/san.uri.br\/mestrado_gestao\/index.php\/wp-json\/wp\/v2\/pages\/85"}],"collection":[{"href":"https:\/\/san.uri.br\/mestrado_gestao\/index.php\/wp-json\/wp\/v2\/pages"}],"about":[{"href":"https:\/\/san.uri.br\/mestrado_gestao\/index.php\/wp-json\/wp\/v2\/types\/page"}],"author":[{"embeddable":true,"href":"https:\/\/san.uri.br\/mestrado_gestao\/index.php\/wp-json\/wp\/v2\/users\/1"}],"replies":[{"embeddable":true,"href":"https:\/\/san.uri.br\/mestrado_gestao\/index.php\/wp-json\/wp\/v2\/comments?post=85"}],"version-history":[{"count":0,"href":"https:\/\/san.uri.br\/mestrado_gestao\/index.php\/wp-json\/wp\/v2\/pages\/85\/revisions"}],"wp:attachment":[{"href":"https:\/\/san.uri.br\/mestrado_gestao\/index.php\/wp-json\/wp\/v2\/media?parent=85"}],"curies":[{"name":"wp","href":"https:\/\/api.w.org\/{rel}","templated":true}]}}