{"id":79,"date":"2020-12-03T19:19:19","date_gmt":"2020-12-03T21:19:19","guid":{"rendered":"http:\/\/srvapp2s.santoangelo.uri.br\/sites\/mestrado_gestao\/?page_id=79"},"modified":"2026-04-10T16:31:15","modified_gmt":"2026-04-10T19:31:15","slug":"informativo-ultimas-informacoes","status":"publish","type":"page","link":"https:\/\/san.uri.br\/mestrado_gestao\/index.php\/informativo-ultimas-informacoes\/","title":{"rendered":"Informativo \/ \u00daltimas informa\u00e7\u00f5es"},"content":{"rendered":"<h2 align=\"center\">&nbsp;<\/h2>\n<h2 align=\"center\">&nbsp;<\/h2>\n\n\n<p><a href=\"https:\/\/drive.google.com\/file\/d\/1GWMoFc0NNG33i2cN2l38o9gkJDo7SNeh\/view?usp=sharing\">Defesa P\u00fablica de Disserta\u00e7\u00e3o Mestranda Natalie Schmidt de Oliveira<\/a><\/p>\n\n\n\n<p><\/p>\n","protected":false},"excerpt":{"rendered":"<p>&nbsp; &nbsp; Defesa P\u00fablica de Disserta\u00e7\u00e3o Mestranda Natalie Schmidt de Oliveira<\/p>\n","protected":false},"author":1,"featured_media":0,"parent":0,"menu_order":0,"comment_status":"closed","ping_status":"closed","template":"","meta":[],"_links":{"self":[{"href":"https:\/\/san.uri.br\/mestrado_gestao\/index.php\/wp-json\/wp\/v2\/pages\/79"}],"collection":[{"href":"https:\/\/san.uri.br\/mestrado_gestao\/index.php\/wp-json\/wp\/v2\/pages"}],"about":[{"href":"https:\/\/san.uri.br\/mestrado_gestao\/index.php\/wp-json\/wp\/v2\/types\/page"}],"author":[{"embeddable":true,"href":"https:\/\/san.uri.br\/mestrado_gestao\/index.php\/wp-json\/wp\/v2\/users\/1"}],"replies":[{"embeddable":true,"href":"https:\/\/san.uri.br\/mestrado_gestao\/index.php\/wp-json\/wp\/v2\/comments?post=79"}],"version-history":[{"count":6,"href":"https:\/\/san.uri.br\/mestrado_gestao\/index.php\/wp-json\/wp\/v2\/pages\/79\/revisions"}],"predecessor-version":[{"id":1371,"href":"https:\/\/san.uri.br\/mestrado_gestao\/index.php\/wp-json\/wp\/v2\/pages\/79\/revisions\/1371"}],"wp:attachment":[{"href":"https:\/\/san.uri.br\/mestrado_gestao\/index.php\/wp-json\/wp\/v2\/media?parent=79"}],"curies":[{"name":"wp","href":"https:\/\/api.w.org\/{rel}","templated":true}]}}