{"id":74,"date":"2020-12-03T19:17:16","date_gmt":"2020-12-03T21:17:16","guid":{"rendered":"http:\/\/srvapp2s.santoangelo.uri.br\/sites\/mestrado_gestao\/?page_id=74"},"modified":"2026-04-10T16:05:18","modified_gmt":"2026-04-10T19:05:18","slug":"calendario-das-atividades","status":"publish","type":"page","link":"https:\/\/san.uri.br\/mestrado_gestao\/index.php\/calendario-das-atividades\/","title":{"rendered":"Calend\u00e1rio das Atividades"},"content":{"rendered":"\n<h2><a href=\"https:\/\/drive.google.com\/file\/d\/15_Ywk9Oh9n-Jz5GVk7iBTiAVNuIRmJS2\/view?usp=sharing\">Calend\u00e1rio Acad\u00eamico&nbsp;2025<\/a><\/h2>\n\n\n\n<h2><strong><a href=\"https:\/\/drive.google.com\/file\/d\/1QJXYOWwi1eeDGBwvbztJ_sJqGsBfoKLr\/view?usp=sharing\">Calend\u00e1rio Acad\u00eamico 2026 <\/a><\/strong><\/h2>\n","protected":false},"excerpt":{"rendered":"<p>Calend\u00e1rio Acad\u00eamico&nbsp;2025 Calend\u00e1rio Acad\u00eamico 2026<\/p>\n","protected":false},"author":1,"featured_media":0,"parent":0,"menu_order":0,"comment_status":"closed","ping_status":"closed","template":"","meta":[],"_links":{"self":[{"href":"https:\/\/san.uri.br\/mestrado_gestao\/index.php\/wp-json\/wp\/v2\/pages\/74"}],"collection":[{"href":"https:\/\/san.uri.br\/mestrado_gestao\/index.php\/wp-json\/wp\/v2\/pages"}],"about":[{"href":"https:\/\/san.uri.br\/mestrado_gestao\/index.php\/wp-json\/wp\/v2\/types\/page"}],"author":[{"embeddable":true,"href":"https:\/\/san.uri.br\/mestrado_gestao\/index.php\/wp-json\/wp\/v2\/users\/1"}],"replies":[{"embeddable":true,"href":"https:\/\/san.uri.br\/mestrado_gestao\/index.php\/wp-json\/wp\/v2\/comments?post=74"}],"version-history":[{"count":8,"href":"https:\/\/san.uri.br\/mestrado_gestao\/index.php\/wp-json\/wp\/v2\/pages\/74\/revisions"}],"predecessor-version":[{"id":1367,"href":"https:\/\/san.uri.br\/mestrado_gestao\/index.php\/wp-json\/wp\/v2\/pages\/74\/revisions\/1367"}],"wp:attachment":[{"href":"https:\/\/san.uri.br\/mestrado_gestao\/index.php\/wp-json\/wp\/v2\/media?parent=74"}],"curies":[{"name":"wp","href":"https:\/\/api.w.org\/{rel}","templated":true}]}}