{"id":64,"date":"2020-12-03T19:09:50","date_gmt":"2020-12-03T21:09:50","guid":{"rendered":"http:\/\/srvapp2s.santoangelo.uri.br\/sites\/mestrado_gestao\/?page_id=64"},"modified":"2020-12-03T19:09:50","modified_gmt":"2020-12-03T21:09:50","slug":"estrutura-curricular","status":"publish","type":"page","link":"https:\/\/san.uri.br\/mestrado_gestao\/index.php\/estrutura-curricular\/","title":{"rendered":"Estrutura Curricular"},"content":{"rendered":"<div align=\"justify\"><strong>CERTIFICA\u00c7\u00c3O<\/strong><\/div>\n<div style=\"padding-left: 30px;\" align=\"justify\">A URI expedir\u00e1 Diploma de Mestre em \u201cGest\u00e3o Estrat\u00e9gica de Organiza\u00e7\u00f5es\u201d ao participante que cumprir todas as exig\u00eancias previstas no regimento para obten\u00e7\u00e3o do t\u00edtulo de mestre.<\/div>\n<div style=\"padding-left: 30px;\" align=\"justify\">ATO LEGAL: Resolu\u00e7\u00e3o n\u00ba 2199\/CUN\/2016.<\/div>\n<div align=\"justify\"><\/div>\n<div align=\"justify\"><strong>DISCIPLINAS OBRIGAT\u00d3RIAS<\/strong><\/div>\n<div style=\"padding-left: 30px;\" align=\"justify\">Metodologia da Pesquisa em Administra\u00e7\u00e3o &#8211; 3 cr\u00e9ditos &#8211; 45 horas<br \/>\nT\u00f3picos Especiais em Gest\u00e3o Organizacional &#8211; 2 cr\u00e9ditos &#8211; 30 horas<br \/>\nM\u00e9todos Quantitativos em Administra\u00e7\u00e3o &#8211; 2 cr\u00e9ditos &#8211; 30 horas<br \/>\nGest\u00e3o Estrat\u00e9gica de Organiza\u00e7\u00f5es &#8211; 2 cr\u00e9ditos &#8211; 30 horas<br \/>\nSistemas de Informa\u00e7\u00e3o e novas Tecnologias Organizacionais &#8211; 2 cr\u00e9ditos &#8211; 30 horas<br \/>\nParadigmas Organizacionais e Sociedade &#8211; 2 cr\u00e9ditos &#8211; 30 horas<br \/>\nFinan\u00e7as Organizacionais &#8211; 2 cr\u00e9ditos &#8211; 30 horas<br \/>\nSemin\u00e1rios de Pesquisa em Organiza\u00e7\u00f5es &#8211; 1 cr\u00e9dito &#8211; 15 horas<br \/>\nOrienta\u00e7\u00e3o e Elabora\u00e7\u00e3o de disserta\u00e7\u00e3o \u2013 10 cr\u00e9ditos &#8211; 150 horas<\/div>\n<div align=\"justify\"><\/div>\n<div align=\"justify\"><strong>DISCIPLINAS ELETIVAS<\/strong><\/div>\n<div style=\"padding-left: 30px;\" align=\"justify\">Marketing Estrat\u00e9gico &#8211; 2 cr\u00e9ditos &#8211; 30 horas<\/div>\n<div style=\"padding-left: 30px;\" align=\"justify\">Gest\u00e3o Estrat\u00e9gica de Pessoas &#8211; 2 cr\u00e9ditos &#8211; 30 horas<\/div>\n<div style=\"padding-left: 30px;\" align=\"justify\">Gest\u00e3o do Conhecimento e Inova\u00e7\u00e3o &#8211; 2 cr\u00e9ditos &#8211; 30 horas<\/div>\n<div style=\"padding-left: 30px;\" align=\"justify\">Gest\u00e3o de Organiza\u00e7\u00f5es P\u00fablicas &#8211; 2 cr\u00e9ditos &#8211; 30 horas<\/div>\n<div align=\"justify\">\u00a0 \u00a0 \u00a0 \u00a0\u00a0Gest\u00e3o em Organiza\u00e7\u00f5es Cooperativas\u00a0 &#8211; 2 cr\u00e9ditos &#8211; 30 horas<\/div>\n<div align=\"justify\">\u00a0 \u00a0 \u00a0 \u00a0 Gest\u00e3o em Organiza\u00e7\u00f5es Rurais &#8211; 2 cr\u00e9ditos -30 horas<\/div>\n<div style=\"padding-left: 30px;\" align=\"justify\">Gest\u00e3o da Produ\u00e7\u00e3o e Opera\u00e7\u00f5es &#8211; 2 cr\u00e9ditos &#8211; 30 horas<\/div>\n<div style=\"padding-left: 30px;\" align=\"justify\">Gest\u00e3o Ambiental e Responsabilidade Social &#8211; 2 cr\u00e9ditos &#8211; 30 horas<\/div>\n<div align=\"justify\"><\/div>\n<div style=\"padding-left: 30px;\" align=\"justify\">Desenvolvimento Local e Regional &#8211; 2 cr\u00e9ditos &#8211; 30 horas<\/div>\n<div style=\"padding-left: 30px;\" align=\"justify\">Comportamento Organizacional &#8211; 2 cr\u00e9ditos &#8211; 30 horas<\/div>\n<div align=\"justify\"><\/div>\n<div align=\"justify\"><strong>CARGA HOR\u00c1RIA TOTAL<\/strong><\/div>\n<div style=\"padding-left: 30px;\" align=\"justify\">16 (dezesseis) cr\u00e9ditos em disciplinas b\u00e1sicas obrigat\u00f3rias<br \/>\n08 (oito) cr\u00e9ditos em disciplinas eletivas<br \/>\n10 (dez) cr\u00e9ditos para a disserta\u00e7\u00e3o<br \/>\nIntegraliza\u00e7\u00e3o: 34 (trinta e quatro) cr\u00e9ditos<br \/>\nCada cr\u00e9dito corresponde a 15 horas.<\/div>\n<div align=\"justify\"><\/div>\n<div align=\"justify\">Ementa e a bibliografia das disciplinas acima relacionadas,\u00a0<a href=\"https:\/\/sucupira.capes.gov.br\/sucupira\/public\/consultas\/coleta\/disciplina\/listaDisciplina.jsf\" target=\"_blank\" rel=\"noopener\">acesse aqui<\/a><\/div>\n","protected":false},"excerpt":{"rendered":"<p>CERTIFICA\u00c7\u00c3O A URI expedir\u00e1 Diploma de Mestre em \u201cGest\u00e3o Estrat\u00e9gica de Organiza\u00e7\u00f5es\u201d ao participante que cumprir todas as exig\u00eancias previstas no regimento para obten\u00e7\u00e3o do t\u00edtulo de mestre. ATO LEGAL: Resolu\u00e7\u00e3o n\u00ba 2199\/CUN\/2016. DISCIPLINAS OBRIGAT\u00d3RIAS Metodologia da Pesquisa em Administra\u00e7\u00e3o &#8211; 3 cr\u00e9ditos &#8211; 45 horas T\u00f3picos Especiais em Gest\u00e3o Organizacional &#8211; 2 cr\u00e9ditos &#8211; [&hellip;]<\/p>\n","protected":false},"author":1,"featured_media":0,"parent":0,"menu_order":0,"comment_status":"closed","ping_status":"closed","template":"","meta":[],"_links":{"self":[{"href":"https:\/\/san.uri.br\/mestrado_gestao\/index.php\/wp-json\/wp\/v2\/pages\/64"}],"collection":[{"href":"https:\/\/san.uri.br\/mestrado_gestao\/index.php\/wp-json\/wp\/v2\/pages"}],"about":[{"href":"https:\/\/san.uri.br\/mestrado_gestao\/index.php\/wp-json\/wp\/v2\/types\/page"}],"author":[{"embeddable":true,"href":"https:\/\/san.uri.br\/mestrado_gestao\/index.php\/wp-json\/wp\/v2\/users\/1"}],"replies":[{"embeddable":true,"href":"https:\/\/san.uri.br\/mestrado_gestao\/index.php\/wp-json\/wp\/v2\/comments?post=64"}],"version-history":[{"count":0,"href":"https:\/\/san.uri.br\/mestrado_gestao\/index.php\/wp-json\/wp\/v2\/pages\/64\/revisions"}],"wp:attachment":[{"href":"https:\/\/san.uri.br\/mestrado_gestao\/index.php\/wp-json\/wp\/v2\/media?parent=64"}],"curies":[{"name":"wp","href":"https:\/\/api.w.org\/{rel}","templated":true}]}}