{"id":50,"date":"2020-12-03T18:55:29","date_gmt":"2020-12-03T20:55:29","guid":{"rendered":"http:\/\/srvapp2s.santoangelo.uri.br\/sites\/mestrado_gestao\/?page_id=50"},"modified":"2025-11-28T16:13:21","modified_gmt":"2025-11-28T19:13:21","slug":"corpo-docente","status":"publish","type":"page","link":"https:\/\/san.uri.br\/mestrado_gestao\/index.php\/corpo-docente\/","title":{"rendered":"Corpo Docente"},"content":{"rendered":"<p style=\"text-align: center;\"><strong>PERMANENTES<\/strong><\/p>\n<p style=\"text-align: center;\"><strong>Ana Rita Catelan Callegaro<\/strong><br \/>\n&#8211; Doutora em Administra\u00e7\u00e3o \u2013 PUC\/UCS \u2013 2016<br \/>\nE-mail:\u00a0<a href=\"mailto:anarita@san.uri.br\">anarita@san.uri.br<\/a><br \/>\n<a href=\"http:\/\/lattes.cnpq.br\/5330141831387199\">http:\/\/lattes.cnpq.br\/5330141831387199<\/a><br \/>\n<strong>\u00a0<\/strong><\/p>\n<p style=\"text-align: center;\"><strong>Ant\u00f4nio Vanderlei dos Santos<\/strong><br \/>\n&#8211; Doutor em Ci\u00eancia: F\u00edsica Experimental \u2013 UFRGS \u2013 1997<br \/>\nE-mail:\u00a0<a href=\"mailto:vandao@san.uri.br\">vandao@san.uri.br<\/a><br \/>\n<a href=\"http:\/\/lattes.cnpq.br\/8299603681137935\">http:\/\/lattes.cnpq.br\/8299603681137935<\/a><br \/>\n<strong>\u00a0<\/strong><\/p>\n<p style=\"text-align: center;\"><strong>Berenice Beatriz Rossner Wbatuba<\/strong><br \/>\n&#8211; Doutora em Desenvolvimento Regional \u2013 UNISC \u2013 2018<br \/>\nE-mail:\u00a0<a href=\"mailto:bwbatuba@san.uri.br\">bwbatuba@san.uri.br<\/a><br \/>\n<a href=\"http:\/\/lattes.cnpq.br\/6437353176042087\">http:\/\/lattes.cnpq.br\/6437353176042087<\/a><br \/>\n<strong>\u00a0<\/strong><\/p>\n<p style=\"text-align: center;\"><strong> Daniel Claudy da Silveira<br \/>\n<\/strong>&#8211; Doutor em Desenvolvimento Regional &#8211; UNISC &#8211; 2018<br \/>\nE-mail:\u00a0<span style=\"color: #0000ff;\"><u>daniel.claudy@hotmail.com<br \/>\n<\/u><u>http:\/\/lattes.cnpq.br\/260869002274345<\/u><\/span> <strong><br \/>\n<\/strong><\/p>\n<p style=\"text-align: center;\"><strong><br \/>\nDenilson Rodrigues da Silva<br \/>\n<\/strong>&#8211; Doutor em Educa\u00e7\u00e3o nas Ci\u00eancias<br \/>\nE-mail: <a href=\"mailto:deniro@san.uri.br\">deniro@san.uri.br<\/a><br \/>\n<a href=\"htpp: \/\/lattes.cnpq.br \/ 3089951176684822\">htpp: \/\/lattes.cnpq.br \/ 3089951176684822<\/a><strong><br \/>\n<\/strong><\/p>\n<p style=\"text-align: center;\"><strong><br \/>\nMilton Luiz Wittmann<\/strong><br \/>\n&#8211; Doutor em Administra\u00e7\u00e3o \u2013 USP \u2013 1996<br \/>\nE-mail:\u00a0<a href=\"mailto:wittmann@profwittmann.com\">wittmann@profwittmann.com<\/a><br \/>\n<a href=\"http:\/\/lattes.cnpq.br\/6540542252982444\">http:\/\/lattes.cnpq.br\/6540542252982444<\/a><\/p>\n<p style=\"text-align: center;\"><strong>\u00a0<\/strong><\/p>\n<p style=\"text-align: center;\"><strong>Neusa Maria da Costa Gon\u00e7alves Salla<\/strong><br \/>\n&#8211; Doutora em Ci\u00eancias Cont\u00e1beis e Administra\u00e7\u00e3o \u2013 FURB \u2013 2015<br \/>\nE-mail:\u00a0<a href=\"mailto:neusalla@san.uri.br\">neusalla@san.uri.br<\/a><br \/>\n<a href=\"http:\/\/lattes.cnpq.br\/1209005926512374\">http:\/\/lattes.cnpq.br\/1209005926512374<\/a><br \/>\n<strong>\u00a0<\/strong><\/p>\n<p style=\"text-align: center;\"><strong>Roberto Frota Decourt<\/strong><\/p>\n<p style=\"text-align: center;\">&#8211; Doutor em Administra\u00e7\u00e3o &#8211; UFRGS &#8211; 2009<\/p>\n<p style=\"text-align: center;\">E-mail: roberto@decourt.com.br<\/p>\n<p style=\"text-align: center;\">http:\/\/lattes.cnpq.br\/8877104687154282<\/p>\n<p style=\"text-align: center;\"><strong>Rosane Maria Seibert<\/strong><br \/>\n&#8211; Doutora em Ci\u00eancias Cont\u00e1beis \u2013 UNISINOS \u2013 2017<br \/>\nE-mail:\u00a0<a href=\"mailto:rseibert@san.uri.br\">rseibert@san.uri.br<\/a><br \/>\n<a href=\"http:\/\/lattes.cnpq.br\/7375517291491450\">http:\/\/lattes.cnpq.br\/7375517291491450<\/a><br \/>\n<strong>\u00a0<\/strong><\/p>\n<p style=\"text-align: center;\"><strong>Vitor Cauduro Girardello\u00a0<\/strong><br \/>\n&#8211; Doutor em Engenharia Agr\u00edcola , UFSM &#8211; 2014<br \/>\nE-mail: <a href=\"mailto:vitorgirardello@san.uri.br\" target=\"_blank\" rel=\"noopener\">vitorgirardello@san.uri.br<\/a><br \/>\n<a href=\"http:\/\/lattes.cnpq.br\/6887813887204675\" target=\"_blank\" rel=\"noopener\" data-saferedirecturl=\"https:\/\/www.google.com\/url?q=http:\/\/lattes.cnpq.br\/6887813887204675&amp;source=gmail&amp;ust=1695488621650000&amp;usg=AOvVaw0emLA0lrWdJkM8Py5uggiZ\">http:\/\/lattes.cnpq.br\/<wbr \/>6887813887204675<\/a><\/p>\n<p style=\"text-align: center;\"><strong>COLABORADORES<\/strong><\/p>\n<p style=\"text-align: center;\"><strong>Bernardo Both<br \/>\n<\/strong>&#8211; Doutor em Desenvolvimento Regional \u2013 UNIJU\u00cd \u2013 2020<br \/>\nE-mail: <a href=\"mailto:bboth@san.uri.br\">bboth@san.uri.br<br \/>\n<\/a><a href=\"http:\/\/lattes.cnpq.br\/7326772348349779\">http:\/\/lattes.cnpq.br\/7326772348349779<\/a><\/p>\n<p style=\"text-align: center;\"><strong>Luciana Moro de Souza<br \/>\n<\/strong>\u00a0&#8211; Doutora em Desenvolvimento Regional, UNIJU\u00cd &#8211; 2021<br \/>\nE-mail: luciana@san.uri.br<br \/>\nhttp:\/\/lattes.cnpq.br\/0577622949754461<\/p>\n<p style=\"text-align: center;\"><strong><br \/>\nMaria Margarete Baccin Brizolla<\/strong><br \/>\nDoutora em Ci\u00eancias Cont\u00e1beis e Administra\u00e7\u00e3o, FURB &#8211; 2016<br \/>\nE-mail: <a href=\"mailto:marga.brizolla@gmail.com\" target=\"_blank\" rel=\"noopener\">marga.brizolla@gmail.com<\/a><br \/>\n<a href=\"http:\/\/lattes.cnpq\/7802574351230823\" target=\"_blank\" rel=\"noopener\" data-saferedirecturl=\"https:\/\/www.google.com\/url?q=http:\/\/lattes.cnpq\/7802574351230823&amp;source=gmail&amp;ust=1695488621650000&amp;usg=AOvVaw2RlR3iscElO_X7MOah0gto\">http:\/\/lattes.cnpq\/<wbr \/>7802574351230823<\/a><\/p>\n","protected":false},"excerpt":{"rendered":"<p>PERMANENTES Ana Rita Catelan Callegaro &#8211; Doutora em Administra\u00e7\u00e3o \u2013 PUC\/UCS \u2013 2016 E-mail:\u00a0anarita@san.uri.br http:\/\/lattes.cnpq.br\/5330141831387199 \u00a0 Ant\u00f4nio Vanderlei dos Santos &#8211; Doutor em Ci\u00eancia: F\u00edsica Experimental \u2013 UFRGS \u2013 1997 E-mail:\u00a0vandao@san.uri.br http:\/\/lattes.cnpq.br\/8299603681137935 \u00a0 Berenice Beatriz Rossner Wbatuba &#8211; Doutora em Desenvolvimento Regional \u2013 UNISC \u2013 2018 E-mail:\u00a0bwbatuba@san.uri.br http:\/\/lattes.cnpq.br\/6437353176042087 \u00a0 Daniel Claudy da Silveira &#8211; Doutor [&hellip;]<\/p>\n","protected":false},"author":1,"featured_media":0,"parent":0,"menu_order":0,"comment_status":"closed","ping_status":"closed","template":"","meta":[],"_links":{"self":[{"href":"https:\/\/san.uri.br\/mestrado_gestao\/index.php\/wp-json\/wp\/v2\/pages\/50"}],"collection":[{"href":"https:\/\/san.uri.br\/mestrado_gestao\/index.php\/wp-json\/wp\/v2\/pages"}],"about":[{"href":"https:\/\/san.uri.br\/mestrado_gestao\/index.php\/wp-json\/wp\/v2\/types\/page"}],"author":[{"embeddable":true,"href":"https:\/\/san.uri.br\/mestrado_gestao\/index.php\/wp-json\/wp\/v2\/users\/1"}],"replies":[{"embeddable":true,"href":"https:\/\/san.uri.br\/mestrado_gestao\/index.php\/wp-json\/wp\/v2\/comments?post=50"}],"version-history":[{"count":17,"href":"https:\/\/san.uri.br\/mestrado_gestao\/index.php\/wp-json\/wp\/v2\/pages\/50\/revisions"}],"predecessor-version":[{"id":1197,"href":"https:\/\/san.uri.br\/mestrado_gestao\/index.php\/wp-json\/wp\/v2\/pages\/50\/revisions\/1197"}],"wp:attachment":[{"href":"https:\/\/san.uri.br\/mestrado_gestao\/index.php\/wp-json\/wp\/v2\/media?parent=50"}],"curies":[{"name":"wp","href":"https:\/\/api.w.org\/{rel}","templated":true}]}}