{"id":47,"date":"2020-12-03T18:44:41","date_gmt":"2020-12-03T20:44:41","guid":{"rendered":"http:\/\/srvapp2s.santoangelo.uri.br\/sites\/mestrado_gestao\/?page_id=47"},"modified":"2023-11-28T14:56:40","modified_gmt":"2023-11-28T17:56:40","slug":"linhas-de-pesquisa","status":"publish","type":"page","link":"https:\/\/san.uri.br\/mestrado_gestao\/index.php\/linhas-de-pesquisa\/","title":{"rendered":"Linhas de Pesquisa"},"content":{"rendered":"<p style=\"font-weight: 400;\"><strong>\u00c1rea de Concentra\u00e7\u00e3o:\u00a0<\/strong>GEST\u00c3O DE ORGANIZA\u00c7\u00d5ES E DESENVOLVIMENTO<\/p>\n<p class=\"justificar\"><strong>Objetivos:<\/strong>\u00a0A \u00c1rea de Concentra\u00e7\u00e3o do Programa de P\u00f3s-Gradua\u00e7\u00e3o em Gest\u00e3o Estrat\u00e9gica de Organiza\u00e7\u00f5es \u2013 PPGGEO \u2013 Mestrado Profissional, Gest\u00e3o de Organiza\u00e7\u00f5es e Desenvolvimento, tem como objetivos as abordagens te\u00f3rico-metodol\u00f3gicas, conceituais e emp\u00edricas sobre as organiza\u00e7\u00f5es, os processos a elas vinculados e suas interfaces com a gest\u00e3o social. Estes estudos procuram dar visibilidade \u00e0 rela\u00e7\u00e3o entre os indiv\u00edduos, as organiza\u00e7\u00f5es, o Estado, a sociedade e o meio ambiente. Eles s\u00e3o distribu\u00eddos em duas linhas de pesquisa direcionadas para a compreens\u00e3o e a formula\u00e7\u00e3o de procedimentos aplic\u00e1veis \u00e0s necessidades pr\u00e1ticas de entidades p\u00fablicas e privadas, num contexto de permanente mudan\u00e7a. Essa intera\u00e7\u00e3o busca gerar, apreender e difundir conhecimentos, cuja produ\u00e7\u00e3o t\u00e9cnico-cient\u00edfica e tecnol\u00f3gica resulte em solu\u00e7\u00f5es que favore\u00e7am o processo de desenvolvimento das organiza\u00e7\u00f5es e da regi\u00e3o, de forma sustent\u00e1vel.<\/p>\n<p style=\"font-weight: 400;\"><strong>\u00a0<\/strong><strong>Linha\u00a0\u2013 ESTRAT\u00c9GIAS ORGANIZACIONAIS<\/strong><\/p>\n<p class=\"justificar\" style=\"padding-left: 30px;\"><strong>Objetivo:<\/strong>\u00a0Esta linha de pesquisa tem como objetivo realizar estudos te\u00f3ricos e emp\u00edricos interdisciplinares sobre as rela\u00e7\u00f5es dos indiv\u00edduos com as empresas, estabelecendo e desenvolvendo capacidades competitivas nos seus mercados. Abrange estudos e pesquisas sobre estrat\u00e9gias corporativas e as diferentes dimens\u00f5es do contexto organizacional que favorecem a sistematiza\u00e7\u00e3o do seu processo de evolu\u00e7\u00e3o, em pr\u00e1ticas adotadas na gest\u00e3o de pessoas, comportamento organizacional, produ\u00e7\u00e3o e opera\u00e7\u00f5es, marketing e finan\u00e7as corporativas.<\/p>\n<p style=\"font-weight: 400;\"><strong>Linha &#8211; INOVA\u00c7\u00c3O, SUSTENTABILIDADE E DESENVOLVIMENTO<\/strong><\/p>\n<p class=\"justificar\" style=\"padding-left: 30px;\"><strong>Objetivo:<\/strong>\u00a0Esta linha de pesquisa tem como foco os estudos e pesquisas sobre gest\u00e3o da inova\u00e7\u00e3o, do conhecimento, da informa\u00e7\u00e3o e de novas tecnologias e paradigmas organizacionais e sociais, de interesse para entidades p\u00fablicas e privadas na sua atua\u00e7\u00e3o em desenvolvimento local e regional, responsabilidade social, iniciativas empreendedoras, terceiro setor, parcerias e gest\u00e3o socioambiental e seus impactos sobre o meio f\u00edsico e desdobramentos sociais.<\/p>\n","protected":false},"excerpt":{"rendered":"<p>\u00c1rea de Concentra\u00e7\u00e3o:\u00a0GEST\u00c3O DE ORGANIZA\u00c7\u00d5ES E DESENVOLVIMENTO Objetivos:\u00a0A \u00c1rea de Concentra\u00e7\u00e3o do Programa de P\u00f3s-Gradua\u00e7\u00e3o em Gest\u00e3o Estrat\u00e9gica de Organiza\u00e7\u00f5es \u2013 PPGGEO \u2013 Mestrado Profissional, Gest\u00e3o de Organiza\u00e7\u00f5es e Desenvolvimento, tem como objetivos as abordagens te\u00f3rico-metodol\u00f3gicas, conceituais e emp\u00edricas sobre as organiza\u00e7\u00f5es, os processos a elas vinculados e suas interfaces com a gest\u00e3o social. Estes [&hellip;]<\/p>\n","protected":false},"author":1,"featured_media":0,"parent":0,"menu_order":0,"comment_status":"closed","ping_status":"closed","template":"","meta":[],"_links":{"self":[{"href":"https:\/\/san.uri.br\/mestrado_gestao\/index.php\/wp-json\/wp\/v2\/pages\/47"}],"collection":[{"href":"https:\/\/san.uri.br\/mestrado_gestao\/index.php\/wp-json\/wp\/v2\/pages"}],"about":[{"href":"https:\/\/san.uri.br\/mestrado_gestao\/index.php\/wp-json\/wp\/v2\/types\/page"}],"author":[{"embeddable":true,"href":"https:\/\/san.uri.br\/mestrado_gestao\/index.php\/wp-json\/wp\/v2\/users\/1"}],"replies":[{"embeddable":true,"href":"https:\/\/san.uri.br\/mestrado_gestao\/index.php\/wp-json\/wp\/v2\/comments?post=47"}],"version-history":[{"count":1,"href":"https:\/\/san.uri.br\/mestrado_gestao\/index.php\/wp-json\/wp\/v2\/pages\/47\/revisions"}],"predecessor-version":[{"id":859,"href":"https:\/\/san.uri.br\/mestrado_gestao\/index.php\/wp-json\/wp\/v2\/pages\/47\/revisions\/859"}],"wp:attachment":[{"href":"https:\/\/san.uri.br\/mestrado_gestao\/index.php\/wp-json\/wp\/v2\/media?parent=47"}],"curies":[{"name":"wp","href":"https:\/\/api.w.org\/{rel}","templated":true}]}}