{"id":38,"date":"2020-12-03T18:15:02","date_gmt":"2020-12-03T20:15:02","guid":{"rendered":"http:\/\/srvapp2s.santoangelo.uri.br\/sites\/mestrado_gestao\/?page_id=38"},"modified":"2020-12-03T18:15:02","modified_gmt":"2020-12-03T20:15:02","slug":"secretaria","status":"publish","type":"page","link":"https:\/\/san.uri.br\/mestrado_gestao\/index.php\/secretaria\/","title":{"rendered":"Secretaria"},"content":{"rendered":"<div>A Secretaria do P\u00f3s-Gradua\u00e7\u00e3o\u00a0<em>Stricto Sensu<\/em>\u00a0est\u00e1 localizada no Pr\u00e9dio 20, Subsolo.<\/p>\n<div><\/div>\n<\/div>\n<div class=\"p11preto\" style=\"text-align: center;\">E-mail: mestradogestao@san.uri.br<br \/>\nTelefone:\u00a055-3313-7942<\/div>\n","protected":false},"excerpt":{"rendered":"<p>A Secretaria do P\u00f3s-Gradua\u00e7\u00e3o\u00a0Stricto Sensu\u00a0est\u00e1 localizada no Pr\u00e9dio 20, Subsolo. E-mail: mestradogestao@san.uri.br Telefone:\u00a055-3313-7942<\/p>\n","protected":false},"author":1,"featured_media":0,"parent":0,"menu_order":0,"comment_status":"closed","ping_status":"closed","template":"","meta":[],"_links":{"self":[{"href":"https:\/\/san.uri.br\/mestrado_gestao\/index.php\/wp-json\/wp\/v2\/pages\/38"}],"collection":[{"href":"https:\/\/san.uri.br\/mestrado_gestao\/index.php\/wp-json\/wp\/v2\/pages"}],"about":[{"href":"https:\/\/san.uri.br\/mestrado_gestao\/index.php\/wp-json\/wp\/v2\/types\/page"}],"author":[{"embeddable":true,"href":"https:\/\/san.uri.br\/mestrado_gestao\/index.php\/wp-json\/wp\/v2\/users\/1"}],"replies":[{"embeddable":true,"href":"https:\/\/san.uri.br\/mestrado_gestao\/index.php\/wp-json\/wp\/v2\/comments?post=38"}],"version-history":[{"count":0,"href":"https:\/\/san.uri.br\/mestrado_gestao\/index.php\/wp-json\/wp\/v2\/pages\/38\/revisions"}],"wp:attachment":[{"href":"https:\/\/san.uri.br\/mestrado_gestao\/index.php\/wp-json\/wp\/v2\/media?parent=38"}],"curies":[{"name":"wp","href":"https:\/\/api.w.org\/{rel}","templated":true}]}}