{"id":16,"date":"2020-12-03T17:58:20","date_gmt":"2020-12-03T19:58:20","guid":{"rendered":"http:\/\/srvapp2s.santoangelo.uri.br\/sites\/mestrado_gestao\/?page_id=16"},"modified":"2026-03-16T21:00:37","modified_gmt":"2026-03-17T00:00:37","slug":"apresentacao","status":"publish","type":"page","link":"https:\/\/san.uri.br\/mestrado_gestao\/index.php\/apresentacao\/","title":{"rendered":"Apresenta\u00e7\u00e3o"},"content":{"rendered":"<p class=\"justificar\">A Universidade Regional&nbsp; Integrada&nbsp; do&nbsp; Alto&nbsp; Uruguai&nbsp; e&nbsp; das&nbsp; Miss\u00f5es,&nbsp; URI,&nbsp; \u00e9&nbsp; uma institui\u00e7\u00e3o&nbsp; de&nbsp; ensino&nbsp; superior,&nbsp; comunit\u00e1ria&nbsp; e multicampi,&nbsp; que&nbsp; tem&nbsp; por&nbsp; objetivo&nbsp; formar profissionais&nbsp; \u00e9ticos&nbsp; e&nbsp; qualificados,&nbsp; capazes&nbsp; de&nbsp; construir&nbsp; o&nbsp; conhecimento,&nbsp; promover&nbsp; a cultura&nbsp; em&nbsp; todas&nbsp; as&nbsp;&nbsp;&nbsp; suas&nbsp; formas&nbsp; e&nbsp; modalidades,&nbsp;&nbsp;&nbsp; para&nbsp; desenvolver&nbsp; a&nbsp; consci\u00eancia coletiva na busca cont\u00ednua&nbsp; da valoriza\u00e7\u00e3o e solidariedade humanas. Assim como uma institui\u00e7\u00e3o comunit\u00e1ria, temos o compromisso social de alavancar o desenvolvimento regional.<\/p>\n<p>Nesse sentido, cada vez mais um conjunto de profissionais bem qualificados est\u00e1 sendo solicitado pelo e para o bom funcionamento, n\u00e3o apenas do mercado, mas da sociedade como um todo. Nessa esteira do crescimento, automaticamente, a busca por uma melhor qualidade de vida tamb\u00e9m se desenvolve.<\/p>\n<p>A \u00e1rea de Ci\u00eancias Sociais Aplicadas, tendo em vista a import\u00e2ncia da forma\u00e7\u00e3o continuada para o desenvolvimento de t\u00e9cnicas modernas, o aperfei\u00e7oamento e qualifica\u00e7\u00e3o de profissionais, bem como a necessidade de aprofundar conte\u00fados adquiridos no \u00e2mbito da gradua\u00e7\u00e3o, julga importante oferecer um Programa de P\u00f3s-Gradua\u00e7\u00e3o Stricto Sensu, para colaborar na busca da atualiza\u00e7\u00e3o de conceitos, instrumentos, t\u00e9cnicas de an\u00e1lise e procedimentos das \u00e1reas envolvidas no programa. O curso visa tamb\u00e9m contribuir para tornar mais amplo e integrado o campo de conhecimento destes profissionais, face \u00e0s transforma\u00e7\u00f5es do mundo corporativo.<\/p>\n","protected":false},"excerpt":{"rendered":"<p>A Universidade Regional&nbsp; Integrada&nbsp; do&nbsp; Alto&nbsp; Uruguai&nbsp; e&nbsp; das&nbsp; Miss\u00f5es,&nbsp; URI,&nbsp; \u00e9&nbsp; uma institui\u00e7\u00e3o&nbsp; de&nbsp; ensino&nbsp; superior,&nbsp; comunit\u00e1ria&nbsp; e multicampi,&nbsp; que&nbsp; tem&nbsp; por&nbsp; objetivo&nbsp; formar profissionais&nbsp; \u00e9ticos&nbsp; e&nbsp; qualificados,&nbsp; capazes&nbsp; de&nbsp; construir&nbsp; o&nbsp; conhecimento,&nbsp; promover&nbsp; a cultura&nbsp; em&nbsp; todas&nbsp; as&nbsp;&nbsp;&nbsp; suas&nbsp; formas&nbsp; e&nbsp; modalidades,&nbsp;&nbsp;&nbsp; para&nbsp; desenvolver&nbsp; a&nbsp; consci\u00eancia coletiva na busca cont\u00ednua&nbsp; da valoriza\u00e7\u00e3o e [&hellip;]<\/p>\n","protected":false},"author":1,"featured_media":0,"parent":0,"menu_order":0,"comment_status":"closed","ping_status":"closed","template":"","meta":[],"_links":{"self":[{"href":"https:\/\/san.uri.br\/mestrado_gestao\/index.php\/wp-json\/wp\/v2\/pages\/16"}],"collection":[{"href":"https:\/\/san.uri.br\/mestrado_gestao\/index.php\/wp-json\/wp\/v2\/pages"}],"about":[{"href":"https:\/\/san.uri.br\/mestrado_gestao\/index.php\/wp-json\/wp\/v2\/types\/page"}],"author":[{"embeddable":true,"href":"https:\/\/san.uri.br\/mestrado_gestao\/index.php\/wp-json\/wp\/v2\/users\/1"}],"replies":[{"embeddable":true,"href":"https:\/\/san.uri.br\/mestrado_gestao\/index.php\/wp-json\/wp\/v2\/comments?post=16"}],"version-history":[{"count":1,"href":"https:\/\/san.uri.br\/mestrado_gestao\/index.php\/wp-json\/wp\/v2\/pages\/16\/revisions"}],"predecessor-version":[{"id":1328,"href":"https:\/\/san.uri.br\/mestrado_gestao\/index.php\/wp-json\/wp\/v2\/pages\/16\/revisions\/1328"}],"wp:attachment":[{"href":"https:\/\/san.uri.br\/mestrado_gestao\/index.php\/wp-json\/wp\/v2\/media?parent=16"}],"curies":[{"name":"wp","href":"https:\/\/api.w.org\/{rel}","templated":true}]}}