{"id":145,"date":"2020-12-04T17:22:41","date_gmt":"2020-12-04T19:22:41","guid":{"rendered":"http:\/\/srvapp2s.santoangelo.uri.br\/sites\/mestrado_gestao\/?page_id=145"},"modified":"2025-11-06T19:37:27","modified_gmt":"2025-11-06T22:37:27","slug":"investimento","status":"publish","type":"page","link":"https:\/\/san.uri.br\/mestrado_gestao\/index.php\/investimento\/","title":{"rendered":"Investimento"},"content":{"rendered":"\n<p>MESTRADO EM GEST\u00c3O ESTRAT\u00c9GICA DE ORGANIZA\u00c7\u00d5ES<\/p>\n\n\n\n<figure class=\"wp-block-table tamanho_tb\"><table><tbody><tr><td>PARCELAS<\/td><td>MENSALIDADES R$<\/td><td>TOTAL<\/td><\/tr><tr><td>24<\/td><td>3.642,76<\/td><td>87.426,30<\/td><\/tr><tr><td>30<\/td><td>2.914,21<\/td><td>87.426,30<\/td><\/tr><tr><td>36<\/td><td>2.428,51<\/td><td>87,426,30<\/td><\/tr><tr><td>42<\/td><td>2.081,58<\/td><td>87.426,30<\/td><\/tr><tr><td>48<\/td><td>1.821,38<\/td><td>87.426,30<\/td><\/tr><tr><td>54<\/td><td>1.619,01<\/td><td>87.426,30<\/td><\/tr><\/tbody><\/table><\/figure>\n\n\n\n<p>Reajuste anual pelo \u00edndice oficial vigente do governo.<\/p>\n\n\n\n<p><strong>A VISTA TEM 15% DE DESCONTO\u00a0&#8211; R$<\/strong> 74.312,00<br><strong>(Valor do cr\u00e9dito (15h\/a) \u2013 R$ 2.571,36)<\/strong><\/p>\n\n\n\n<div class=\"wp-block-image\"><figure class=\"aligncenter\"><a href=\"https:\/\/san.uri.br\/mestrado_gestao\/wp-content\/uploads\/2022\/07\/tabela_gestao-400x253.png\"><img src=\"https:\/\/san.uri.br\/mestrado_gestao\/wp-content\/uploads\/2022\/07\/tabela_gestao-400x253.png\" alt=\"\" class=\"wp-image-660\"\/><\/a><\/figure><\/div>\n\n\n\n<p><\/p>\n","protected":false},"excerpt":{"rendered":"<p>MESTRADO EM GEST\u00c3O ESTRAT\u00c9GICA DE ORGANIZA\u00c7\u00d5ES PARCELAS MENSALIDADES R$ TOTAL 24 3.642,76 87.426,30 30 2.914,21 87.426,30 36 2.428,51 87,426,30 42 2.081,58 87.426,30 48 1.821,38 87.426,30 54 1.619,01 87.426,30 Reajuste anual pelo \u00edndice oficial vigente do governo. A VISTA TEM 15% DE DESCONTO\u00a0&#8211; R$ 74.312,00(Valor do cr\u00e9dito (15h\/a) \u2013 R$ 2.571,36)<\/p>\n","protected":false},"author":1,"featured_media":0,"parent":0,"menu_order":0,"comment_status":"closed","ping_status":"closed","template":"","meta":[],"_links":{"self":[{"href":"https:\/\/san.uri.br\/mestrado_gestao\/index.php\/wp-json\/wp\/v2\/pages\/145"}],"collection":[{"href":"https:\/\/san.uri.br\/mestrado_gestao\/index.php\/wp-json\/wp\/v2\/pages"}],"about":[{"href":"https:\/\/san.uri.br\/mestrado_gestao\/index.php\/wp-json\/wp\/v2\/types\/page"}],"author":[{"embeddable":true,"href":"https:\/\/san.uri.br\/mestrado_gestao\/index.php\/wp-json\/wp\/v2\/users\/1"}],"replies":[{"embeddable":true,"href":"https:\/\/san.uri.br\/mestrado_gestao\/index.php\/wp-json\/wp\/v2\/comments?post=145"}],"version-history":[{"count":19,"href":"https:\/\/san.uri.br\/mestrado_gestao\/index.php\/wp-json\/wp\/v2\/pages\/145\/revisions"}],"predecessor-version":[{"id":1162,"href":"https:\/\/san.uri.br\/mestrado_gestao\/index.php\/wp-json\/wp\/v2\/pages\/145\/revisions\/1162"}],"wp:attachment":[{"href":"https:\/\/san.uri.br\/mestrado_gestao\/index.php\/wp-json\/wp\/v2\/media?parent=145"}],"curies":[{"name":"wp","href":"https:\/\/api.w.org\/{rel}","templated":true}]}}